{"id":757,"date":"2019-03-14T09:41:06","date_gmt":"2019-03-14T09:41:06","guid":{"rendered":"https:\/\/translationsformobility.com\/legal-notice\/"},"modified":"2024-11-22T18:02:57","modified_gmt":"2024-11-22T18:02:57","slug":"informazioni-legali","status":"publish","type":"page","link":"https:\/\/translationsformobility.com\/it\/informazioni-legali\/","title":{"rendered":"Informazioni legali"},"content":{"rendered":"<section class=\"wpb-content-wrapper\"><p>[vc_row el_class=&#8221;container3&#8243; css=&#8221;.vc_custom_1552556393076{padding-top: 200px !important;padding-bottom: 50px !important;}&#8221;][vc_column][vc_column_text]<\/p>\n<h1>Impressum<\/h1>\n<p>Angaben gem\u00e4\u00df \u00a7 5 TMG<\/p>\n<p>DEXIT Translations GmbH<br \/>\nAn der Forst 5<br \/>\n38527 Meine<br \/>\nDeutschland<\/p>\n<p>T +49 (0)176 \/ 64 46 83 53<br \/>\ninfo@dexit-translations.de<\/p>\n<p>Gesch\u00e4ftsf\u00fchrerin: Carolyn Gelsomino<br \/>\nAmtsgericht Hildesheim<br \/>\nHRB 209688<br \/>\nUST-IdNr. DE271604401<\/p>\n<p><strong>Websitegestaltung und -programmierung:<\/strong><br \/>\nWebsites for Translators &#8211; Twisted Marketing Ltd<br \/>\nLondon, UK<\/p>\n<p><strong>Bildnachweis:<\/strong><\/p>\n<p>\u00a9 depositphotos\u00ae<\/p>\n<p>Haftungsausschluss:<\/p>\n<p>Unsere Internetseiten werden mit gr\u00f6\u00dftm\u00f6glicher Sorgfalt erstellt, \u00fcberpr\u00fcft und aktualisiert. Wir \u00fcbernehmen jedoch dennoch keine Gew\u00e4hr f\u00fcr die Aktualit\u00e4t, Korrektheit oder Vollst\u00e4ndigkeit der bereitgestellten Informationen. Wir schlie\u00dfen jegliche Haftung f\u00fcr Sch\u00e4den materieller oder immaterieller Art aus, die durch die Nutzung der zur Verf\u00fcgung gestellten Daten oder durch die Nutzung fehlerhafter und unvollst\u00e4ndiger Informationen verursacht wurde, sofern nicht unsererseits nachweislich ein vors\u00e4tzliches der grob fahrl\u00e4ssiges Fehlverhalten vorliegt. Wir behalten uns ausdr\u00fccklich die jederzeitige \u00c4nderung der auf dieser Internetseite zur Verf\u00fcgung gestellten Daten oder unseres gesamten Angebots ohne gesonderte Ank\u00fcndigung vor. Ebenso sind wir berechtigt, diese Internetseite jederzeit zu erg\u00e4nzen, zu l\u00f6schen oder deren Ver\u00f6ffentlichung zeitweise oder endg\u00fcltig einzustellen.<\/p>\n<p>Externe Links:<\/p>\n<p>Unser Angebot enth\u00e4lt Links zu externen Webseiten Dritter, auf deren Inhalte wir keinen Einfluss haben. F\u00fcr diese fremden Inhalte, f\u00fcr deren Inhalte stets der jeweilige Betreiber der Seiten verantwortlich ist, k\u00f6nnen wir daher keine Gew\u00e4hr \u00fcbernehmen. Die verlinkten Seiten wurden zum Zeitpunkt der Verlinkung auf m\u00f6gliche Rechtsverst\u00f6\u00dfe \u00fcberpr\u00fcft. Rechtswidrige Inhalte waren zum Zeitpunkt der Verlinkung nicht erkennbar. Eine permanente inhaltliche Kontrolle der verlinkten Seiten ist jedoch ohne konkrete Anhaltspunkte einer Rechtsverletzung nicht zumutbar. Bei Bekanntwerden von Rechtsverletzungen werden wir derartige Links umgehend entfernen.<\/p>\n<p>Urheberrecht:<\/p>\n<p>Die durch die Seitenbetreiber erstellten Inhalte und Werke auf diesen Seiten unterliegen dem deutschen Urheberrecht. Beitr\u00e4ge Dritter sind als solche gekennzeichnet. Die Vervielf\u00e4ltigung, Bearbeitung, Verbreitung und jede Art der Verwertung au\u00dferhalb der Grenzen des Urheberrechtes bed\u00fcrfen der schriftlichen Zustimmung des jeweiligen Autors bzw. Erstellers. Downloads und Kopien dieser Seiten sind f\u00fcr den kommerziellen Gebrauch nicht gestattet. Die Betreiber der Seiten sind bem\u00fcht, stets die Urheberrechte anderer zu beachten bzw. auf selbst erstellte sowie lizenzfreie Werke zur\u00fcckzugreifen.[\/vc_column_text][\/vc_column][\/vc_row]<\/p>\n<\/section>","protected":false},"excerpt":{"rendered":"<p>[vc_row el_class=&#8221;container3&#8243; css=&#8221;.vc_custom_1552556393076{padding-top: 200px !important;padding-bottom: 50px !important;}&#8221;][vc_column][vc_column_text] Impressum Angaben gem\u00e4\u00df \u00a7 5 TMG DEXIT Translations GmbH An der Forst 5 38527 Meine Deutschland T +49 (0)176 \/ 64 46 83 53 info@dexit-translations.de Gesch\u00e4ftsf\u00fchrerin: Carolyn Gelsomino Amtsgericht Hildesheim HRB 209688 UST-IdNr. DE271604401 Websitegestaltung und -programmierung: Websites for Translators &#8211; Twisted Marketing Ltd London, UK Bildnachweis: \u00a9 [&hellip;]<\/p>\n","protected":false},"author":1,"featured_media":0,"parent":0,"menu_order":0,"comment_status":"closed","ping_status":"closed","template":"template-fullwidth.php","meta":{"footnotes":""},"class_list":["post-757","page","type-page","status-publish","hentry"],"yoast_head":"<!-- This site is optimized with the Yoast SEO plugin v26.3 - https:\/\/yoast.com\/wordpress\/plugins\/seo\/ -->\n<title>Informazioni legali - Translationsformobility.com | Translation services | Dexit Translations GmbH<\/title>\n<meta name=\"robots\" content=\"noindex, follow\" \/>\n<meta property=\"og:locale\" content=\"it_IT\" \/>\n<meta property=\"og:type\" content=\"article\" \/>\n<meta property=\"og:title\" content=\"Informazioni legali - Translationsformobility.com | Translation services | Dexit Translations GmbH\" \/>\n<meta property=\"og:description\" content=\"[vc_row el_class=&#8221;container3&#8243; css=&#8221;.vc_custom_1552556393076{padding-top: 200px !important;padding-bottom: 50px !important;}&#8221;][vc_column][vc_column_text] Impressum Angaben gem\u00e4\u00df \u00a7 5 TMG DEXIT Translations GmbH An der Forst 5 38527 Meine Deutschland T +49 (0)176 \/ 64 46 83 53 info@dexit-translations.de Gesch\u00e4ftsf\u00fchrerin: Carolyn Gelsomino Amtsgericht Hildesheim HRB 209688 UST-IdNr. DE271604401 Websitegestaltung und -programmierung: Websites for Translators &#8211; Twisted Marketing Ltd London, UK Bildnachweis: \u00a9 [&hellip;]\" \/>\n<meta property=\"og:url\" content=\"https:\/\/translationsformobility.com\/it\/informazioni-legali\/\" \/>\n<meta property=\"og:site_name\" content=\"Translationsformobility.com | Translation services | Dexit Translations GmbH\" \/>\n<meta property=\"article:modified_time\" content=\"2024-11-22T18:02:57+00:00\" \/>\n<meta name=\"twitter:card\" content=\"summary_large_image\" \/>\n<meta name=\"twitter:label1\" content=\"Tempo di lettura stimato\" \/>\n\t<meta name=\"twitter:data1\" content=\"2 minuti\" \/>\n<script type=\"application\/ld+json\" class=\"yoast-schema-graph\">{\"@context\":\"https:\/\/schema.org\",\"@graph\":[{\"@type\":\"WebPage\",\"@id\":\"https:\/\/translationsformobility.com\/it\/informazioni-legali\/\",\"url\":\"https:\/\/translationsformobility.com\/it\/informazioni-legali\/\",\"name\":\"Informazioni legali - Translationsformobility.com | Translation services | Dexit Translations GmbH\",\"isPartOf\":{\"@id\":\"https:\/\/translationsformobility.com\/#website\"},\"datePublished\":\"2019-03-14T09:41:06+00:00\",\"dateModified\":\"2024-11-22T18:02:57+00:00\",\"breadcrumb\":{\"@id\":\"https:\/\/translationsformobility.com\/it\/informazioni-legali\/#breadcrumb\"},\"inLanguage\":\"it-IT\",\"potentialAction\":[{\"@type\":\"ReadAction\",\"target\":[\"https:\/\/translationsformobility.com\/it\/informazioni-legali\/\"]}]},{\"@type\":\"BreadcrumbList\",\"@id\":\"https:\/\/translationsformobility.com\/it\/informazioni-legali\/#breadcrumb\",\"itemListElement\":[{\"@type\":\"ListItem\",\"position\":1,\"name\":\"Home\",\"item\":\"https:\/\/translationsformobility.com\/it\/\"},{\"@type\":\"ListItem\",\"position\":2,\"name\":\"Informazioni legali\"}]},{\"@type\":\"WebSite\",\"@id\":\"https:\/\/translationsformobility.com\/#website\",\"url\":\"https:\/\/translationsformobility.com\/\",\"name\":\"Translationsformobility.com | Translation services | Dexit Translations GmbH\",\"description\":\"Translation services for the automotive and mobility sectors\",\"potentialAction\":[{\"@type\":\"SearchAction\",\"target\":{\"@type\":\"EntryPoint\",\"urlTemplate\":\"https:\/\/translationsformobility.com\/?s={search_term_string}\"},\"query-input\":{\"@type\":\"PropertyValueSpecification\",\"valueRequired\":true,\"valueName\":\"search_term_string\"}}],\"inLanguage\":\"it-IT\"}]}<\/script>\n<!-- \/ Yoast SEO plugin. -->","yoast_head_json":{"title":"Informazioni legali - Translationsformobility.com | Translation services | Dexit Translations GmbH","robots":{"index":"noindex","follow":"follow"},"og_locale":"it_IT","og_type":"article","og_title":"Informazioni legali - Translationsformobility.com | Translation services | Dexit Translations GmbH","og_description":"[vc_row el_class=&#8221;container3&#8243; css=&#8221;.vc_custom_1552556393076{padding-top: 200px !important;padding-bottom: 50px !important;}&#8221;][vc_column][vc_column_text] Impressum Angaben gem\u00e4\u00df \u00a7 5 TMG DEXIT Translations GmbH An der Forst 5 38527 Meine Deutschland T +49 (0)176 \/ 64 46 83 53 info@dexit-translations.de Gesch\u00e4ftsf\u00fchrerin: Carolyn Gelsomino Amtsgericht Hildesheim HRB 209688 UST-IdNr. DE271604401 Websitegestaltung und -programmierung: Websites for Translators &#8211; Twisted Marketing Ltd London, UK Bildnachweis: \u00a9 [&hellip;]","og_url":"https:\/\/translationsformobility.com\/it\/informazioni-legali\/","og_site_name":"Translationsformobility.com | Translation services | Dexit Translations GmbH","article_modified_time":"2024-11-22T18:02:57+00:00","twitter_card":"summary_large_image","twitter_misc":{"Tempo di lettura stimato":"2 minuti"},"schema":{"@context":"https:\/\/schema.org","@graph":[{"@type":"WebPage","@id":"https:\/\/translationsformobility.com\/it\/informazioni-legali\/","url":"https:\/\/translationsformobility.com\/it\/informazioni-legali\/","name":"Informazioni legali - Translationsformobility.com | Translation services | Dexit Translations GmbH","isPartOf":{"@id":"https:\/\/translationsformobility.com\/#website"},"datePublished":"2019-03-14T09:41:06+00:00","dateModified":"2024-11-22T18:02:57+00:00","breadcrumb":{"@id":"https:\/\/translationsformobility.com\/it\/informazioni-legali\/#breadcrumb"},"inLanguage":"it-IT","potentialAction":[{"@type":"ReadAction","target":["https:\/\/translationsformobility.com\/it\/informazioni-legali\/"]}]},{"@type":"BreadcrumbList","@id":"https:\/\/translationsformobility.com\/it\/informazioni-legali\/#breadcrumb","itemListElement":[{"@type":"ListItem","position":1,"name":"Home","item":"https:\/\/translationsformobility.com\/it\/"},{"@type":"ListItem","position":2,"name":"Informazioni legali"}]},{"@type":"WebSite","@id":"https:\/\/translationsformobility.com\/#website","url":"https:\/\/translationsformobility.com\/","name":"Translationsformobility.com | Translation services | Dexit Translations GmbH","description":"Translation services for the automotive and mobility sectors","potentialAction":[{"@type":"SearchAction","target":{"@type":"EntryPoint","urlTemplate":"https:\/\/translationsformobility.com\/?s={search_term_string}"},"query-input":{"@type":"PropertyValueSpecification","valueRequired":true,"valueName":"search_term_string"}}],"inLanguage":"it-IT"}]}},"_links":{"self":[{"href":"https:\/\/translationsformobility.com\/it\/wp-json\/wp\/v2\/pages\/757","targetHints":{"allow":["GET"]}}],"collection":[{"href":"https:\/\/translationsformobility.com\/it\/wp-json\/wp\/v2\/pages"}],"about":[{"href":"https:\/\/translationsformobility.com\/it\/wp-json\/wp\/v2\/types\/page"}],"author":[{"embeddable":true,"href":"https:\/\/translationsformobility.com\/it\/wp-json\/wp\/v2\/users\/1"}],"replies":[{"embeddable":true,"href":"https:\/\/translationsformobility.com\/it\/wp-json\/wp\/v2\/comments?post=757"}],"version-history":[{"count":4,"href":"https:\/\/translationsformobility.com\/it\/wp-json\/wp\/v2\/pages\/757\/revisions"}],"predecessor-version":[{"id":887,"href":"https:\/\/translationsformobility.com\/it\/wp-json\/wp\/v2\/pages\/757\/revisions\/887"}],"wp:attachment":[{"href":"https:\/\/translationsformobility.com\/it\/wp-json\/wp\/v2\/media?parent=757"}],"curies":[{"name":"wp","href":"https:\/\/api.w.org\/{rel}","templated":true}]}}