{"id":752,"date":"2018-01-11T15:50:57","date_gmt":"2018-01-11T15:50:57","guid":{"rendered":"https:\/\/translationsformobility.com\/about\/"},"modified":"2024-11-22T18:32:52","modified_gmt":"2024-11-22T18:32:52","slug":"chi-siamo","status":"publish","type":"page","link":"https:\/\/translationsformobility.com\/it\/chi-siamo\/","title":{"rendered":"Chi siamo"},"content":{"rendered":"<section class=\"wpb-content-wrapper\"><p>[vc_row][vc_column]    <section\r\n\t\t            class=\" vc_custom_1553857153074\">\r\n        <div class=\"block no-padding\">\r\n            <div class=\"banner-section\">\r\n\t\t\t\t                    <img decoding=\"async\" alt=\"\" class=\"img-responsive\"\r\n                         src=\"https:\/\/translationsformobility.com\/wp-content\/uploads\/2019\/03\/Depositphotos_9693275_l-2015.jpg\">\r\n\t\t\t\t\t\r\n            <\/div><!--banner-section end-->\r\n        <\/div>\r\n    <\/section>\r\n\r\n\r\n\t    <section\r\n\t\t\r\n            class=\"\">\r\n        <div class=\"block\">\r\n            <div class=\"container\">\r\n                <div class=\"about-us\">\r\n                    <h3 class=\"heading-title\r\n                    text-center\r\n                                          \"><\/h3>\r\n\t                \n<h3 class=\"heading-title\" style=\"margin-bottom: 50px; text-align: center;\">Un\u2019<span class=\"highlight\">agenzia di traduzioni tedesca<\/span> con una passione per la mobilit\u00e0<\/h3>\nLa mobilit\u00e0 non \u00e8 solo il cavallo di battaglia di DEXIT, \u00e8 anche il linguaggio con cui comunichiamo con i nostri clienti. Le nostre soluzioni linguistiche integrate spaziano dalle <span class=\"highlight\">traduzioni tecniche<\/span> alla <span class=\"highlight\">localizzazione di software<\/span> e ai testi di <span class=\"highlight\">marketing<\/span>.\nIl nostro team interno e i nostri collaboratori esterni non sono solo specialisti in traduzioni nel campo dell\u2019automotive e della mobilit\u00e0 ma vantano anche una pluriennale esperienza all\u2019interno di aziende automobilistiche. Noi sappiamo fare il nostro lavoro come voi il vostro. I nostri clienti apprezzano il risparmio di tempo, lavoro e denaro che la collaborazione con DEXIT garantisce.                <\/div><!--about-us end-->\r\n            <\/div>\r\n        <\/div><!--about-section end-->\r\n    <\/section>\r\n\r\n\r\n\t[vc_row_inner el_class=&#8221;container&#8221;][vc_column_inner el_class=&#8221;wft-top-90&#8243; width=&#8221;1\/3&#8243;][vc_column_text]<\/p>\n<ul>\n<li>La certificazione ISO 17100 \u00e8 garanzia della nostra professionalit\u00e0.<\/li>\n<\/ul>\n<p>[\/vc_column_text][\/vc_column_inner][vc_column_inner el_class=&#8221;wft-top-90&#8243; width=&#8221;1\/3&#8243;][vc_column_text]<\/p>\n<ul>\n<li>Selezione scrupolosa dei nostri collaboratori esterni, molti li conosciamo personalmente.<\/li>\n<\/ul>\n<p>[\/vc_column_text][\/vc_column_inner][vc_column_inner el_class=&#8221;wft-top-90&#8243; width=&#8221;1\/3&#8243;][vc_column_text]<\/p>\n<ul>\n<li>I nostri specialisti coprono software, marketing, app, testi giuridici e altro.<\/li>\n<\/ul>\n<p>[\/vc_column_text][\/vc_column_inner][\/vc_row_inner][vc_empty_space height=&#8221;30px&#8221;]\r\n    <section\r\n\t\t\r\n            class=\" vc_custom_1598543761267\">\r\n        <div class=\"construct-info\">\r\n            <div class=\"container\">\r\n                <div class=\"row\">\r\n                    <div class=\"col-lg-10\">\r\n                        <div class=\"construct-details\">\r\n\t                        \n<h2 style=\"padding-top: 0px; left: 40px; margin-bottom: 20px;\">La nostra storia<\/h2>\n<p class=\"left-distance\">DEXIT Translations \u00e8 stata fondata nel 2006 da due ex traduttori italiani del reparto traduzioni di una casa automobilistica tedesca.\n<p class=\"left-distance\">Fin dall\u2019inizio ci siamo impegnati a <span class=\"highlight\">formare dei giovani traduttori<\/span> all\u2019interno della nostra azienda, anche grazie alla nostra collaborazione con universit\u00e0 italiane. Uno di questi studenti \u00e8 oggi il nostro vendor e project manager e diversi altri collaboratori esterni ci ripagano oggi dell\u2019impegno profuso nella loro formazione.\n<p class=\"left-distance\">Il nostro team \u00e8 composto da tre dipendenti, due project manager esterni e da uno zoccolo di 12 collaboratori esterni qualificati che da anni danno il loro contributo in qualsiasi campo: dalla localizzazione alla traduzione di documentazione tecnica.\n\r\n                        <\/div><!--construct-details end-->\r\n                    <\/div>\r\n                    <div class=\"col-lg-2\">\r\n                        <div class=\"about-img\">\r\n\t\t\t\t\t\t\t                                <img decoding=\"async\" alt=\"\" class=\"img-responsive\"\r\n                                     src=\"https:\/\/translationsformobility.com\/wp-content\/uploads\/2019\/02\/DEXIT-LOGOMARK-2-1.png\">\r\n\t\t\t\t\t\t\t\t                        <\/div><!--about-img end-->\r\n                    <\/div>\r\n                <\/div>\r\n            <\/div>\r\n        <\/div><!--construct-info end-->\r\n    <\/section>\r\n\r\n\r\n\t[vc_row_inner][vc_column_inner][vc_empty_space height=&#8221;60px&#8221;][vc_column_text]<\/p>\n<div class=\"title\">\n<h3 class=\"heading-title\" style=\"text-align: center;\">Il team<\/h3>\n<\/div>\n<p>[\/vc_column_text][\/vc_column_inner][\/vc_row_inner][vc_row_inner el_class=&#8221;container no-block-padding&#8221;][vc_column_inner width=&#8221;1\/2&#8243; css=&#8221;.vc_custom_1552992787472{margin-right: 0px !important;margin-left: 0px !important;padding-right: 0px !important;padding-left: 0px !important;}&#8221;]\r\n    <section\r\n\t\t\r\n            class=\"\">\r\n\r\n        <div class=\"block\">\r\n            <div class=\"container\">\r\n                <div class=\"director-info\">\r\n                    <div class=\"row\">\r\n                        <div class=\"col-lg-10\">\r\n                            <div class=\"contractor-details\">\r\n                                <div class=\"row\">\r\n                                    <div class=\"col-lg-6 col-md-6 col-sm-12\">\r\n                                        <div class=\"director-img\">\r\n\t\t\t\t\t\t\t\t\t\t\t                                                <img decoding=\"async\" alt=\"\" class=\"img-responsive\"\r\n                                                     src=\"https:\/\/translationsformobility.com\/wp-content\/uploads\/2019\/03\/IMG_20190315_124456-1.jpg\">\r\n\t\t\t\t\t\t\t\t\t\t\t\t\r\n                                        <\/div><!--director-img end-->\r\n                                    <\/div>\r\n                                    <div class=\"col-lg-6 col-md-6 col-sm-12\">\r\n                                        <div class=\"director-details\">\r\n                                            <h3>Antonio Gelsomino<\/h3>\r\n                                            <span>Fondatore e gestione operativa<\/span>\r\n                                            <p><\/p>\n<ul>\n<li>Diploma di traduttore della Camera di Commercio di D\u00fcsseldorf nel 1997<\/li>\n<li>Lettore di italiano all\u2019universit\u00e0 di Kiel, ha collaborato alla redazione del dizionario italiano-tedesco delle case editrici Klett e Zanichelli, traduttore interno di una casa automobilistica tedesca<\/li>\n<li>Vive a Braunschweig ma soggiorna spesso nei pressi di Firenze<\/li>\n<\/ul>\n<p><\/p>\r\n                                            <ul>\r\n\t\t\t\t\t\t\t\t\t\t\t\t                                                        <li>\r\n                                                            <a href=\"#\"\r\n                                                               ><i\r\n                                                                        class=\"lnr lnr-home\"><\/i>\r\n                                                            <\/a><\/li>\r\n\t\t\t\t\t\t\t\t\t\t\t\t\t\r\n                                            <\/ul>\r\n                                        <\/div><!--director-details end-->\r\n                                    <\/div>\r\n                                <\/div>\r\n                            <\/div><!--contractor-details end-->\r\n                        <\/div>\r\n                    <\/div>\r\n                <\/div><!--director-info end-->\r\n            <\/div>\r\n        <\/div>\r\n\r\n    <\/section>\r\n\r\n\r\n\t[\/vc_column_inner][vc_column_inner width=&#8221;1\/2&#8243; css=&#8221;.vc_custom_1552992795099{margin-right: 0px !important;margin-left: 0px !important;padding-right: 0px !important;padding-left: 0px !important;}&#8221;]\r\n    <section\r\n\t\t\r\n            class=\"\">\r\n\r\n        <div class=\"block\">\r\n            <div class=\"container\">\r\n                <div class=\"director-info\">\r\n                    <div class=\"row\">\r\n                        <div class=\"col-lg-10\">\r\n                            <div class=\"contractor-details\">\r\n                                <div class=\"row\">\r\n                                    <div class=\"col-lg-6 col-md-6 col-sm-12\">\r\n                                        <div class=\"director-img\">\r\n\t\t\t\t\t\t\t\t\t\t\t                                                <img decoding=\"async\" alt=\"\" class=\"img-responsive\"\r\n                                                     src=\"https:\/\/translationsformobility.com\/wp-content\/uploads\/2019\/03\/20190316_121433-3-1.jpg\">\r\n\t\t\t\t\t\t\t\t\t\t\t\t\r\n                                        <\/div><!--director-img end-->\r\n                                    <\/div>\r\n                                    <div class=\"col-lg-6 col-md-6 col-sm-12\">\r\n                                        <div class=\"director-details\">\r\n                                            <h3>Lorenzo Capitta<\/h3>\r\n                                            <span>Senior linguist e project manager<\/span>\r\n                                            <p><\/p>\n<ul>\n<li>Ha iniziato in DEXIT nel 2007 come tirocinante durante i suoi studi universitari.<\/li>\n<li>Da freelancer ha collaborato come traduttore per case editrici, per il settore automobilistico e per l\u2019industria dell\u2019energia e dell\u2019ambiente<\/li>\n<li>Nato e cresciuto in Sardegna, vive da molti anni a Berlino<\/li>\n<\/ul>\n<p><\/p>\r\n                                            <ul>\r\n\t\t\t\t\t\t\t\t\t\t\t\t                                                        <li>\r\n                                                            <a href=\"#\"\r\n                                                               ><i\r\n                                                                        class=\"lnr lnr-home\"><\/i>\r\n                                                            <\/a><\/li>\r\n\t\t\t\t\t\t\t\t\t\t\t\t\t\r\n                                            <\/ul>\r\n                                        <\/div><!--director-details end-->\r\n                                    <\/div>\r\n                                <\/div>\r\n                            <\/div><!--contractor-details end-->\r\n                        <\/div>\r\n                    <\/div>\r\n                <\/div><!--director-info end-->\r\n            <\/div>\r\n        <\/div>\r\n\r\n    <\/section>\r\n\r\n\r\n\t[\/vc_column_inner][\/vc_row_inner][vc_row_inner el_class=&#8221;container no-block-padding&#8221;][vc_column_inner width=&#8221;1\/2&#8243; css=&#8221;.vc_custom_1552992812050{margin-right: 0px !important;margin-left: 0px !important;padding-right: 0px !important;padding-left: 0px !important;}&#8221;]\r\n    <section\r\n\t\t\r\n            class=\"\">\r\n\r\n        <div class=\"block\">\r\n            <div class=\"container\">\r\n                <div class=\"director-info\">\r\n                    <div class=\"row\">\r\n                        <div class=\"col-lg-10\">\r\n                            <div class=\"contractor-details\">\r\n                                <div class=\"row\">\r\n                                    <div class=\"col-lg-6 col-md-6 col-sm-12\">\r\n                                        <div class=\"director-img\">\r\n\t\t\t\t\t\t\t\t\t\t\t                                                <img decoding=\"async\" alt=\"\" class=\"img-responsive\"\r\n                                                     src=\"https:\/\/translationsformobility.com\/wp-content\/uploads\/2019\/03\/02-1.jpg\">\r\n\t\t\t\t\t\t\t\t\t\t\t\t\r\n                                        <\/div><!--director-img end-->\r\n                                    <\/div>\r\n                                    <div class=\"col-lg-6 col-md-6 col-sm-12\">\r\n                                        <div class=\"director-details\">\r\n                                            <h3>Claudia Lampis<\/h3>\r\n                                            <span>Senior linguist e project manager<\/span>\r\n                                            <p><\/p>\n<ul>\n<li>Ha iniziato a collaborare con DEXIT nel 2016, un anno dopo faceva gi\u00e0 parte del team<\/li>\n<li>Dopo la laurea in lingue (inglese e spagnolo) ha lavorato nel marketing e come insegnante di italiano<\/li>\n<li>Nel 2013 si \u00e8 trasferita a Berlino, dal 2016 vive a Braunschweig<\/li>\n<\/ul>\n<p><\/p>\r\n                                            <ul>\r\n\t\t\t\t\t\t\t\t\t\t\t\t                                                        <li>\r\n                                                            <a href=\"#\"\r\n                                                               ><i\r\n                                                                        class=\"lnr lnr-home\"><\/i>\r\n                                                            <\/a><\/li>\r\n\t\t\t\t\t\t\t\t\t\t\t\t\t\r\n                                            <\/ul>\r\n                                        <\/div><!--director-details end-->\r\n                                    <\/div>\r\n                                <\/div>\r\n                            <\/div><!--contractor-details end-->\r\n                        <\/div>\r\n                    <\/div>\r\n                <\/div><!--director-info end-->\r\n            <\/div>\r\n        <\/div>\r\n\r\n    <\/section>\r\n\r\n\r\n\t[\/vc_column_inner][vc_column_inner width=&#8221;1\/2&#8243; css=&#8221;.vc_custom_1552992804512{margin-right: 0px !important;margin-left: 0px !important;padding-right: 0px !important;padding-left: 0px !important;}&#8221;]\r\n    <section\r\n\t\t\r\n            class=\"\">\r\n\r\n        <div class=\"block\">\r\n            <div class=\"container\">\r\n                <div class=\"director-info\">\r\n                    <div class=\"row\">\r\n                        <div class=\"col-lg-10\">\r\n                            <div class=\"contractor-details\">\r\n                                <div class=\"row\">\r\n                                    <div class=\"col-lg-6 col-md-6 col-sm-12\">\r\n                                        <div class=\"director-img\">\r\n\t\t\t\t\t\t\t\t\t\t\t                                                <img decoding=\"async\" alt=\"\" class=\"img-responsive\"\r\n                                                     src=\"https:\/\/translationsformobility.com\/wp-content\/uploads\/2019\/03\/IMG_20190315_122800-1.jpg\">\r\n\t\t\t\t\t\t\t\t\t\t\t\t\r\n                                        <\/div><!--director-img end-->\r\n                                    <\/div>\r\n                                    <div class=\"col-lg-6 col-md-6 col-sm-12\">\r\n                                        <div class=\"director-details\">\r\n                                            <h3>Carolyn Gelsomino<\/h3>\r\n                                            <span>Responsabile amministrativa<\/span>\r\n                                            <p><\/p>\n<ul>\n<li>Si occupa prevalentemente di controllo della qualit\u00e0 e new business<\/li>\n<li>Lunga esperienza professionale nel marketing e diploma di traduttrice della Camera di Commercio di D\u00fcsseldorf per inglese e tedesco<\/li>\n<li>I suoi settori di specializzazione sono business, marketing ed economia<\/li>\n<\/ul>\n<p><\/p>\r\n                                            <ul>\r\n\t\t\t\t\t\t\t\t\t\t\t\t                                                        <li>\r\n                                                            <a href=\"#\"\r\n                                                               ><i\r\n                                                                        class=\"lnr lnr-home\"><\/i>\r\n                                                            <\/a><\/li>\r\n\t\t\t\t\t\t\t\t\t\t\t\t\t\r\n                                            <\/ul>\r\n                                        <\/div><!--director-details end-->\r\n                                    <\/div>\r\n                                <\/div>\r\n                            <\/div><!--contractor-details end-->\r\n                        <\/div>\r\n                    <\/div>\r\n                <\/div><!--director-info end-->\r\n            <\/div>\r\n        <\/div>\r\n\r\n    <\/section>\r\n\r\n\r\n\t[\/vc_column_inner][\/vc_row_inner][vc_row_inner][vc_column_inner][vc_empty_space height=&#8221;60px&#8221;][\/vc_column_inner][\/vc_row_inner][\/vc_column][\/vc_row][vc_row css=&#8221;.vc_custom_1550678668227{background-color: #03253f !important;}&#8221;][vc_column][vc_row_inner el_class=&#8221;container&#8221;][vc_column_inner width=&#8221;2\/3&#8243;][vc_column_text]<\/p>\n<h3 style=\"text-align: center;\">Affidate la vostra comunicazione a specialisti della lingua.<\/h3>\n<p>[\/vc_column_text][\/vc_column_inner][vc_column_inner width=&#8221;1\/3&#8243;][vc_btn title=&#8221;Richiedi un preventivo&#8221; style=&#8221;custom&#8221; custom_background=&#8221;#ffa800&#8243; custom_text=&#8221;#000000&#8243; shape=&#8221;square&#8221; align=&#8221;center&#8221; link=&#8221;url:https%3A%2F%2Ftranslationsformobility.com%2Fit%2Fcontatto%2F|||&#8221;][\/vc_column_inner][\/vc_row_inner][\/vc_column][\/vc_row]<\/p>\n<\/section>","protected":false},"excerpt":{"rendered":"<p>[vc_row_inner el_class=&#8221;container no-block-padding&#8221;][vc_column_inner width=&#8221;1\/2&#8243; css=&#8221;.vc_custom_1552992787472{margin-right: 0px !important;margin-left: 0px !important;padding-right: 0px [&hellip;]<\/p>\n","protected":false},"author":1,"featured_media":0,"parent":0,"menu_order":0,"comment_status":"closed","ping_status":"closed","template":"template-fullwidth.php","meta":{"footnotes":""},"class_list":["post-752","page","type-page","status-publish","hentry"],"yoast_head":"<!-- This site is optimized with the Yoast SEO plugin v26.3 - https:\/\/yoast.com\/wordpress\/plugins\/seo\/ -->\n<title>German translation agency - Translations for mobility - ISO 17100-certified<\/title>\n<meta name=\"description\" content=\"A German translation agency with a passion for mobility. ISO 17100-certified, our services range from manufacturing translations to software localisation.\" \/>\n<meta name=\"robots\" content=\"index, follow, max-snippet:-1, max-image-preview:large, max-video-preview:-1\" \/>\n<link rel=\"canonical\" href=\"https:\/\/translationsformobility.com\/it\/chi-siamo\/\" \/>\n<meta property=\"og:locale\" content=\"it_IT\" \/>\n<meta property=\"og:type\" content=\"article\" \/>\n<meta property=\"og:title\" content=\"German translation agency - Translations for mobility - ISO 17100-certified\" \/>\n<meta property=\"og:description\" content=\"A German translation agency with a passion for mobility. ISO 17100-certified, our services range from manufacturing translations to software localisation.\" \/>\n<meta property=\"og:url\" content=\"https:\/\/translationsformobility.com\/it\/chi-siamo\/\" \/>\n<meta property=\"og:site_name\" content=\"Translationsformobility.com | Translation services | Dexit Translations GmbH\" \/>\n<meta property=\"article:modified_time\" content=\"2024-11-22T18:32:52+00:00\" \/>\n<meta name=\"twitter:card\" content=\"summary_large_image\" \/>\n<meta name=\"twitter:label1\" content=\"Tempo di lettura stimato\" \/>\n\t<meta name=\"twitter:data1\" content=\"3 minuti\" \/>\n<script type=\"application\/ld+json\" class=\"yoast-schema-graph\">{\"@context\":\"https:\/\/schema.org\",\"@graph\":[{\"@type\":\"WebPage\",\"@id\":\"https:\/\/translationsformobility.com\/it\/chi-siamo\/\",\"url\":\"https:\/\/translationsformobility.com\/it\/chi-siamo\/\",\"name\":\"German translation agency - Translations for mobility - ISO 17100-certified\",\"isPartOf\":{\"@id\":\"https:\/\/translationsformobility.com\/#website\"},\"datePublished\":\"2018-01-11T15:50:57+00:00\",\"dateModified\":\"2024-11-22T18:32:52+00:00\",\"description\":\"A German translation agency with a passion for mobility. ISO 17100-certified, our services range from manufacturing translations to software localisation.\",\"breadcrumb\":{\"@id\":\"https:\/\/translationsformobility.com\/it\/chi-siamo\/#breadcrumb\"},\"inLanguage\":\"it-IT\",\"potentialAction\":[{\"@type\":\"ReadAction\",\"target\":[\"https:\/\/translationsformobility.com\/it\/chi-siamo\/\"]}]},{\"@type\":\"BreadcrumbList\",\"@id\":\"https:\/\/translationsformobility.com\/it\/chi-siamo\/#breadcrumb\",\"itemListElement\":[{\"@type\":\"ListItem\",\"position\":1,\"name\":\"Home\",\"item\":\"https:\/\/translationsformobility.com\/it\/\"},{\"@type\":\"ListItem\",\"position\":2,\"name\":\"Chi siamo\"}]},{\"@type\":\"WebSite\",\"@id\":\"https:\/\/translationsformobility.com\/#website\",\"url\":\"https:\/\/translationsformobility.com\/\",\"name\":\"Translationsformobility.com | Translation services | Dexit Translations GmbH\",\"description\":\"Translation services for the automotive and mobility sectors\",\"potentialAction\":[{\"@type\":\"SearchAction\",\"target\":{\"@type\":\"EntryPoint\",\"urlTemplate\":\"https:\/\/translationsformobility.com\/?s={search_term_string}\"},\"query-input\":{\"@type\":\"PropertyValueSpecification\",\"valueRequired\":true,\"valueName\":\"search_term_string\"}}],\"inLanguage\":\"it-IT\"}]}<\/script>\n<!-- \/ Yoast SEO plugin. -->","yoast_head_json":{"title":"German translation agency - Translations for mobility - ISO 17100-certified","description":"A German translation agency with a passion for mobility. ISO 17100-certified, our services range from manufacturing translations to software localisation.","robots":{"index":"index","follow":"follow","max-snippet":"max-snippet:-1","max-image-preview":"max-image-preview:large","max-video-preview":"max-video-preview:-1"},"canonical":"https:\/\/translationsformobility.com\/it\/chi-siamo\/","og_locale":"it_IT","og_type":"article","og_title":"German translation agency - Translations for mobility - ISO 17100-certified","og_description":"A German translation agency with a passion for mobility. ISO 17100-certified, our services range from manufacturing translations to software localisation.","og_url":"https:\/\/translationsformobility.com\/it\/chi-siamo\/","og_site_name":"Translationsformobility.com | Translation services | Dexit Translations GmbH","article_modified_time":"2024-11-22T18:32:52+00:00","twitter_card":"summary_large_image","twitter_misc":{"Tempo di lettura stimato":"3 minuti"},"schema":{"@context":"https:\/\/schema.org","@graph":[{"@type":"WebPage","@id":"https:\/\/translationsformobility.com\/it\/chi-siamo\/","url":"https:\/\/translationsformobility.com\/it\/chi-siamo\/","name":"German translation agency - Translations for mobility - ISO 17100-certified","isPartOf":{"@id":"https:\/\/translationsformobility.com\/#website"},"datePublished":"2018-01-11T15:50:57+00:00","dateModified":"2024-11-22T18:32:52+00:00","description":"A German translation agency with a passion for mobility. ISO 17100-certified, our services range from manufacturing translations to software localisation.","breadcrumb":{"@id":"https:\/\/translationsformobility.com\/it\/chi-siamo\/#breadcrumb"},"inLanguage":"it-IT","potentialAction":[{"@type":"ReadAction","target":["https:\/\/translationsformobility.com\/it\/chi-siamo\/"]}]},{"@type":"BreadcrumbList","@id":"https:\/\/translationsformobility.com\/it\/chi-siamo\/#breadcrumb","itemListElement":[{"@type":"ListItem","position":1,"name":"Home","item":"https:\/\/translationsformobility.com\/it\/"},{"@type":"ListItem","position":2,"name":"Chi siamo"}]},{"@type":"WebSite","@id":"https:\/\/translationsformobility.com\/#website","url":"https:\/\/translationsformobility.com\/","name":"Translationsformobility.com | Translation services | Dexit Translations GmbH","description":"Translation services for the automotive and mobility sectors","potentialAction":[{"@type":"SearchAction","target":{"@type":"EntryPoint","urlTemplate":"https:\/\/translationsformobility.com\/?s={search_term_string}"},"query-input":{"@type":"PropertyValueSpecification","valueRequired":true,"valueName":"search_term_string"}}],"inLanguage":"it-IT"}]}},"_links":{"self":[{"href":"https:\/\/translationsformobility.com\/it\/wp-json\/wp\/v2\/pages\/752","targetHints":{"allow":["GET"]}}],"collection":[{"href":"https:\/\/translationsformobility.com\/it\/wp-json\/wp\/v2\/pages"}],"about":[{"href":"https:\/\/translationsformobility.com\/it\/wp-json\/wp\/v2\/types\/page"}],"author":[{"embeddable":true,"href":"https:\/\/translationsformobility.com\/it\/wp-json\/wp\/v2\/users\/1"}],"replies":[{"embeddable":true,"href":"https:\/\/translationsformobility.com\/it\/wp-json\/wp\/v2\/comments?post=752"}],"version-history":[{"count":11,"href":"https:\/\/translationsformobility.com\/it\/wp-json\/wp\/v2\/pages\/752\/revisions"}],"predecessor-version":[{"id":908,"href":"https:\/\/translationsformobility.com\/it\/wp-json\/wp\/v2\/pages\/752\/revisions\/908"}],"wp:attachment":[{"href":"https:\/\/translationsformobility.com\/it\/wp-json\/wp\/v2\/media?parent=752"}],"curies":[{"name":"wp","href":"https:\/\/api.w.org\/{rel}","templated":true}]}}