{"id":748,"date":"2018-01-11T12:43:51","date_gmt":"2018-01-11T12:43:51","guid":{"rendered":"https:\/\/translationsformobility.com\/front-page\/"},"modified":"2019-07-08T12:35:22","modified_gmt":"2019-07-08T12:35:22","slug":"front-page","status":"publish","type":"page","link":"https:\/\/translationsformobility.com\/it\/","title":{"rendered":"Home"},"content":{"rendered":"<section class=\"wpb-content-wrapper\"><p>[vc_row][vc_column] <main>    <section\r\n\t\t            class=\" main-slider style2\">\r\n<h2 style=\"display: none\">-<\/h2>\r\n        <div class=\"container\">\r\n\t\t\t<link href=\"https:\/\/fonts.googleapis.com\/css?family=Montserrat:700%2C400%2C600\" rel=\"stylesheet\" property=\"stylesheet\" type=\"text\/css\" media=\"all\">\n<div id=\"rev_slider_3_1_wrapper\" class=\"rev_slider_wrapper fullwidthbanner-container\" data-source=\"gallery\" style=\"margin:0px auto;background:transparent;padding:0px;margin-top:0px;margin-bottom:0px;\">\n<!-- START REVOLUTION SLIDER 5.4.8.1 fullwidth mode -->\n\t<div id=\"rev_slider_3_1\" class=\"rev_slider fullwidthabanner\" style=\"display:none;\" data-version=\"5.4.8.1\">\n<ul>\t<!-- SLIDE  -->\n\t<li data-index=\"rs-3\" data-transition=\"fade\" data-slotamount=\"default\" data-hideafterloop=\"0\" data-hideslideonmobile=\"off\"  data-easein=\"default\" data-easeout=\"default\" data-masterspeed=\"300\"  data-rotate=\"0\"  data-saveperformance=\"off\"  data-title=\"Slide\" data-param1=\"\" data-param2=\"\" data-param3=\"\" data-param4=\"\" data-param5=\"\" data-param6=\"\" data-param7=\"\" data-param8=\"\" data-param9=\"\" data-param10=\"\" data-description=\"\">\n\t\t<!-- MAIN IMAGE -->\n\t\t<img decoding=\"async\" src=\"https:\/\/translationsformobility.com\/wp-content\/uploads\/revslider\/home\/jake-blucker-147540-unsplash.jpg\"  alt=\"\" title=\"Home\"  data-bgposition=\"center center\" data-bgfit=\"cover\" data-bgrepeat=\"no-repeat\" class=\"rev-slidebg\" data-no-retina>\n\t\t<!-- LAYERS -->\n\n\t\t<!-- LAYER NR. 1 -->\n\t\t<div class=\"tp-caption   tp-resizeme\" \n\t\t\t id=\"slide-3-layer-1\" \n\t\t\t data-x=\"['center','center','center','center']\" data-hoffset=\"['0','0','0','0']\" \n\t\t\t data-y=\"['middle','middle','middle','middle']\" data-voffset=\"['-120','-200','-100','-40']\" \n\t\t\t\t\t\tdata-fontsize=\"['72','50','32','22']\"\n\t\t\tdata-lineheight=\"['82','50','37','22']\"\n\t\t\tdata-width=\"none\"\n\t\t\tdata-height=\"none\"\n\t\t\tdata-whitespace=\"nowrap\"\n \n\t\t\tdata-type=\"text\" \n\t\t\tdata-responsive_offset=\"on\" \n\n\t\t\tdata-frames='[{\"delay\":700,\"speed\":1500,\"frame\":\"0\",\"from\":\"y:[100%];z:0;rX:0deg;rY:0;rZ:0;sX:1;sY:1;skX:0;skY:0;opacity:0;\",\"mask\":\"x:0px;y:[100%];s:inherit;e:inherit;\",\"to\":\"o:1;\",\"ease\":\"Power3.easeOut\"},{\"delay\":\"wait\",\"speed\":1000,\"frame\":\"999\",\"to\":\"auto:auto;\",\"mask\":\"x:0;y:0;s:inherit;e:inherit;\",\"ease\":\"Power3.easeOut\"}]'\n\t\t\tdata-textAlign=\"['center','center','center','center']\"\n\t\t\tdata-paddingtop=\"[0,0,0,0]\"\n\t\t\tdata-paddingright=\"[0,0,0,0]\"\n\t\t\tdata-paddingbottom=\"[0,0,0,0]\"\n\t\t\tdata-paddingleft=\"[0,0,0,0]\"\n\n\t\t\tstyle=\"z-index: 5; white-space: nowrap; font-size: 72px; line-height: 82px; font-weight: 700; color: #ffffff; letter-spacing: 0px;font-family:Montserrat;\">I linguisti della mobilit\u00e0 <\/div>\n\n\t\t<!-- LAYER NR. 2 -->\n\t\t<div class=\"tp-caption   tp-resizeme\" \n\t\t\t id=\"slide-3-layer-2\" \n\t\t\t data-x=\"['center','center','center','center']\" data-hoffset=\"['0','0','0','0']\" \n\t\t\t data-y=\"['middle','middle','middle','middle']\" data-voffset=\"['-35','-100','-30','25']\" \n\t\t\t\t\t\tdata-fontsize=\"['22','16','20','16']\"\n\t\t\tdata-lineheight=\"['24','20','22','17']\"\n\t\t\tdata-width=\"['none','none','800','300']\"\n\t\t\tdata-height=\"none\"\n\t\t\tdata-whitespace=\"['nowrap','nowrap','normal','normal']\"\n \n\t\t\tdata-type=\"text\" \n\t\t\tdata-responsive_offset=\"on\" \n\n\t\t\tdata-frames='[{\"delay\":1000,\"speed\":1500,\"frame\":\"0\",\"from\":\"y:[100%];z:0;rX:0deg;rY:0;rZ:0;sX:1;sY:1;skX:0;skY:0;opacity:0;\",\"mask\":\"x:0px;y:[100%];s:inherit;e:inherit;\",\"to\":\"o:1;\",\"ease\":\"Power3.easeOut\"},{\"delay\":\"wait\",\"speed\":1000,\"frame\":\"999\",\"to\":\"auto:auto;\",\"mask\":\"x:0;y:0;s:inherit;e:inherit;\",\"ease\":\"Power3.easeOut\"}]'\n\t\t\tdata-textAlign=\"['inherit','inherit','center','center']\"\n\t\t\tdata-paddingtop=\"[0,0,0,0]\"\n\t\t\tdata-paddingright=\"[0,0,0,0]\"\n\t\t\tdata-paddingbottom=\"[0,0,0,0]\"\n\t\t\tdata-paddingleft=\"[0,0,0,0]\"\n\n\t\t\tstyle=\"z-index: 6; white-space: nowrap; font-size: 22px; line-height: 24px; font-weight: 400; color: #ffffff; letter-spacing: 0px;font-family:Montserrat;text-transform:uppercase;\">Affidatevi alla nostra boutique agency <span style=\"color:#ffa800\">certificata ISO 17100<\/span> e specializzata in <span style=\"color:#ffa800\">traduzioni per la mobilit\u00e0<\/span>. <\/div>\n\n\t\t<!-- LAYER NR. 3 -->\n\t\t<div class=\"tp-caption rev-btn \" \n\t\t\t id=\"slide-3-layer-5\" \n\t\t\t data-x=\"['center','center','center','center']\" data-hoffset=\"['0','0','0','0']\" \n\t\t\t data-y=\"['middle','middle','middle','middle']\" data-voffset=\"['60','0','60','100']\" \n\t\t\t\t\t\tdata-fontsize=\"['18','15','18','14']\"\n\t\t\tdata-lineheight=\"['24','20','15','8']\"\n\t\t\tdata-width=\"none\"\n\t\t\tdata-height=\"none\"\n\t\t\tdata-whitespace=\"nowrap\"\n \n\t\t\tdata-type=\"button\" \n\t\t\tdata-actions='[{\"event\":\"click\",\"action\":\"simplelink\",\"target\":\"_self\",\"url\":\"https:\\\/\\\/translationsformobility.com\\\/it\\\/contatti\\\/\",\"delay\":\"\"}]'\n\t\t\tdata-responsive_offset=\"on\" \n\t\t\tdata-responsive=\"off\"\n\t\t\tdata-frames='[{\"delay\":1500,\"speed\":2000,\"frame\":\"0\",\"from\":\"y:[100%];z:0;rX:0deg;rY:0;rZ:0;sX:1;sY:1;skX:0;skY:0;opacity:0;\",\"mask\":\"x:0px;y:[100%];s:inherit;e:inherit;\",\"to\":\"o:1;\",\"ease\":\"Power2.easeInOut\"},{\"delay\":\"wait\",\"speed\":1000,\"frame\":\"999\",\"to\":\"opacity:0;\",\"ease\":\"Power2.easeInOut\"},{\"frame\":\"hover\",\"speed\":\"0\",\"ease\":\"Linear.easeNone\",\"to\":\"o:1;rX:0;rY:0;rZ:0;z:0;\",\"style\":\"c:rgb(255,255,255);bg:rgba(255,255,255,0);bc:rgb(255,255,255);bw:2 2 2 2;\"}]'\n\t\t\tdata-textAlign=\"['inherit','inherit','inherit','inherit']\"\n\t\t\tdata-paddingtop=\"[20,17,15,15]\"\n\t\t\tdata-paddingright=\"[20,17,20,10]\"\n\t\t\tdata-paddingbottom=\"[20,17,15,15]\"\n\t\t\tdata-paddingleft=\"[20,17,20,10]\"\n\n\t\t\tstyle=\"z-index: 7; white-space: nowrap; font-size: 18px; line-height: 24px; font-weight: 600; color: #000000; letter-spacing: px;font-family:Montserrat;text-transform:uppercase;background-color:rgb(240,135,48);border-color:rgb(240,135,48);border-style:solid;border-width:2px 2px 2px 2px;outline:none;box-shadow:none;box-sizing:border-box;-moz-box-sizing:border-box;-webkit-box-sizing:border-box;cursor:pointer;\">Richiedi un preventivo <\/div>\n\t<\/li>\n<\/ul>\n<div class=\"tp-bannertimer tp-bottom\" style=\"visibility: hidden !important;\"><\/div>\t<\/div>\n<script>var htmlDiv = document.getElementById(\"rs-plugin-settings-inline-css\"); var htmlDivCss=\"\";\r\r\n\t\t\t\tif(htmlDiv) {\r\r\n\t\t\t\t\thtmlDiv.innerHTML = htmlDiv.innerHTML + htmlDivCss;\r\r\n\t\t\t\t}else{\r\r\n\t\t\t\t\tvar htmlDiv = document.createElement(\"div\");\r\r\n\t\t\t\t\thtmlDiv.innerHTML = \"<style>\" + htmlDivCss + \"<\/style>\";\r\r\n\t\t\t\t\tdocument.getElementsByTagName(\"head\")[0].appendChild(htmlDiv.childNodes[0]);\r\r\n\t\t\t\t}\r\r\n\t\t\t<\/script>\n\r\n\t\t<script type=\"text\/javascript\">\r\r\n\r\nif (setREVStartSize!==undefined) setREVStartSize(\r\r\n\t{c: '#rev_slider_3_1', responsiveLevels: [1240,1024,778,480], gridwidth: [1912,1024,778,472], gridheight: [1270,1049,797,480], sliderLayout: 'fullwidth'});\r\r\n\t\t\t\r\r\n\r\nvar revapi3,\r\r\n\ttpj;\t\r\r\n(function() {\t\t\t\r\r\n\tif (!\/loaded|interactive|complete\/.test(document.readyState)) document.addEventListener(\"DOMContentLoaded\",onLoad); else onLoad();\t\r\r\n\tfunction onLoad() {\t\t\t\t\r\r\n\t\tif (tpj===undefined) { tpj = jQuery; if(\"off\" == \"on\") tpj.noConflict();}\r\r\n\tif(tpj(\"#rev_slider_3_1\").revolution == undefined){\n\t\trevslider_showDoubleJqueryError(\"#rev_slider_3_1\");\n\t}else{\n\t\trevapi3 = tpj(\"#rev_slider_3_1\").show().revolution({\n\t\t\tsliderType:\"standard\",\n\t\t\tjsFileLocation:\"\/\/translationsformobility.com\/wp-content\/plugins\/revslider\/public\/assets\/js\/\",\n\t\t\tsliderLayout:\"fullwidth\",\n\t\t\tdottedOverlay:\"none\",\n\t\t\tdelay:9000,\n\t\t\tnavigation: {\n\t\t\t\tonHoverStop:\"off\",\n\t\t\t},\n\t\t\tresponsiveLevels:[1240,1024,778,480],\n\t\t\tvisibilityLevels:[1240,1024,778,480],\n\t\t\tgridwidth:[1912,1024,778,472],\n\t\t\tgridheight:[1270,1049,797,480],\n\t\t\tlazyType:\"none\",\n\t\t\tshadow:0,\n\t\t\tspinner:\"off\",\n\t\t\tstopLoop:\"off\",\n\t\t\tstopAfterLoops:-1,\n\t\t\tstopAtSlide:-1,\n\t\t\tshuffle:\"off\",\n\t\t\tautoHeight:\"off\",\n\t\t\tdisableProgressBar:\"on\",\n\t\t\thideThumbsOnMobile:\"off\",\n\t\t\thideSliderAtLimit:0,\n\t\t\thideCaptionAtLimit:0,\n\t\t\thideAllCaptionAtLilmit:0,\n\t\t\tdebugMode:false,\n\t\t\tfallbacks: {\n\t\t\t\tsimplifyAll:\"off\",\n\t\t\t\tnextSlideOnWindowFocus:\"off\",\n\t\t\t\tdisableFocusListener:false,\n\t\t\t}\n\t\t});\n\t}; \/* END OF revapi call *\/\n\t\n\r\n }; \/* END OF ON LOAD FUNCTION *\/\r\r\n}()); \/* END OF WRAPPING FUNCTION *\/\r\r\n<\/script>\r\r\n\t\t<\/div><!-- END REVOLUTION SLIDER -->\r\n\r\n            <div class=\"cntct-info\">\r\n                <div class=\"container\">\r\n                    <div class=\"cntct-info-details\">\r\n                        <div class=\"our-addrs-info\">\r\n                            <ul>\r\n                                <li>\r\n\t\t\t\t\t\t\t\t\tE-mail:\r\n                                    <strong>i&#110;&#102;&#111;&#64;&#116;&#114;a&#110;&#115;l&#97;t&#105;&#111;&#110;sf&#111;&#114;&#109;&#111;&#98;&#105;&#108;&#105;&#116;&#121;.com<\/strong>\r\n                                <\/li>\r\n                                <li>\r\n\t\t\t\t\t\t\t\t\tTel.:\r\n                                    <strong class=\"scnd\">+49 (0)531 - 290 62 36<\/strong>\r\n                                <\/li>\r\n                            <\/ul>\r\n                        <\/div><!--our-addrs-info end-->\r\n                        <div class=\"soc-links\">\r\n                            <ul>\r\n                                <li>  Follow us:<\/li>\r\n\t\t\t\t\t\t\t\t                                        <li>\r\n                                            <a href=\"#\"\r\n                                               ><i\r\n                                                        class=\"fa fa-twitter\"><\/i>\r\n                                            <\/a><\/li>\r\n\t\t\t\t\t\t\t\t\t                                        <li>\r\n                                            <a href=\"#\"\r\n                                               ><i\r\n                                                        class=\"fa fa-facebook\"><\/i>\r\n                                            <\/a><\/li>\r\n\t\t\t\t\t\t\t\t\t                                        <li>\r\n                                            <a href=\"#\"\r\n                                               ><i\r\n                                                        class=\"fa fa-google-plus\"><\/i>\r\n                                            <\/a><\/li>\r\n\t\t\t\t\t\t\t\t\t                                        <li>\r\n                                            <a href=\"#\"\r\n                                               ><i\r\n                                                        class=\"fa fa-instagram\"><\/i>\r\n                                            <\/a><\/li>\r\n\t\t\t\t\t\t\t\t\t                                        <li>\r\n                                            <a href=\"#\"\r\n                                               ><i\r\n                                                        class=\"fa fa-instagram\"><\/i>\r\n                                            <\/a><\/li>\r\n\t\t\t\t\t\t\t\t\t                                        <li>\r\n                                            <a href=\"#\"\r\n                                               ><i\r\n                                                        class=\"fa fa-rss\"><\/i>\r\n                                            <\/a><\/li>\r\n\t\t\t\t\t\t\t\t\t\r\n\r\n                            <\/ul>\r\n                        <\/div>\r\n                    <\/div><!--cntct-info-details end-->\r\n                <\/div>\r\n            <\/div><!--cntct-info end-->\r\n        <\/div>\r\n    <\/section>\r\n\r\n\t <\/main>[\/vc_column][\/vc_row][vc_row el_class=&#8221;container3&#8243;][vc_column el_class=&#8221;mg-top-minus no-lines wft-pading&#8221; css=&#8221;.vc_custom_1558347967543{background-color: #03253f !important;}&#8221;] <main>[vc_column_text]<\/p>\n<div class=\"spec-hd\" style=\"float: none; padding-left: 0px;\">\n<h2 style=\"text-align: center;\">Dalle <span class=\"highlight\">traduzioni per l\u2019automotive<\/span> alla <span class=\"highlight\">localizzazione di software<\/span>, sosteniamo diversi tipi di aziende: dalle giovani imprese ai giganti dell\u2019industria internazionale.<\/h2>\n<\/div>\n<p>[\/vc_column_text][vc_empty_space height=&#8221;40px&#8221;][vc_column_text]<\/p>\n<h3 style=\"text-align: center;\">I nostri settori:<\/h3>\n<p>[\/vc_column_text][vc_row_inner][vc_column_inner width=&#8221;1\/3&#8243;][vc_column_text]<\/p>\n<ul>\n<li>Automotive<\/li>\n<li>Ingegneria meccanica<\/li>\n<li>Elettronica<\/li>\n<\/ul>\n<p>[\/vc_column_text][\/vc_column_inner][vc_column_inner width=&#8221;1\/3&#8243;][vc_column_text]<\/p>\n<ul>\n<li>Tecnologie dell&#8217;informazione<\/li>\n<li>Servizi di mobilit\u00e0<\/li>\n<li>Servizi di noleggio<\/li>\n<\/ul>\n<p>[\/vc_column_text][\/vc_column_inner][vc_column_inner width=&#8221;1\/3&#8243;][vc_column_text]<\/p>\n<ul>\n<li>Trasporti e logistica<\/li>\n<li>Fornitori di servizi specifici di settore<\/li>\n<li>Trasporto sostenibile<\/li>\n<\/ul>\n<p>[\/vc_column_text][\/vc_column_inner][\/vc_row_inner][vc_btn title=&#8221;Scopri perch\u00e9 siamo gli esperti della mobilit\u00e0&#8221; style=&#8221;custom&#8221; custom_background=&#8221;#ffa800&#8243; custom_text=&#8221;#000000&#8243; shape=&#8221;square&#8221; align=&#8221;center&#8221; link=&#8221;url:https%3A%2F%2Ftranslationsformobility.com%2Fit%2Fspecializzazioni%2F|||&#8221;][vc_row_inner][vc_column_inner width=&#8221;1\/6&#8243;][\/vc_column_inner][vc_column_inner width=&#8221;2\/3&#8243;][vc_empty_space height=&#8221;60px&#8221;][vc_column_text]<\/p>\n<div class=\"spec-hd\" style=\"float: none; padding-left: 0px;\">\n<h3 style=\"text-align: center;\">La mobilit\u00e0 non \u00e8 solo la nostra specializzazione, \u00e8 anche la nostra filosofia:<\/h3>\n<\/div>\n<p>[\/vc_column_text][vc_single_image image=&#8221;805&#8243; img_size=&#8221;full&#8221; alignment=&#8221;center&#8221;][\/vc_column_inner][vc_column_inner width=&#8221;1\/6&#8243;][\/vc_column_inner][\/vc_row_inner] <\/main>[\/vc_column][\/vc_row][vc_row el_class=&#8221;container3&#8243;][vc_column el_class=&#8221;bg2 mg-top-minus no-lines wft-pading2&#8243;] <main>[vc_row_inner][vc_column_inner][vc_column_text]<\/p>\n<h4 style=\"margin-bottom: 20px; text-align: center;\">I clienti apprezzano le soluzioni linguistiche complete di DEXIT Translations: dalla traduzione alla transcreation, all\u2019elaborazione di testi destinati alla sintesi vocale, alla localizzazione di software e multimedia, post-editing di traduzioni automatiche, creazione e cura di banche dati terminologiche, valutazioni della qualit\u00e0.<\/h4>\n<h4 style=\"text-align: center;\">Per stabilire la comunicazione fra le aziende e i loro clienti, garantire i loro investimenti, individuare nuovi canali di distribuzione e sviluppare le vendite ci serviamo delle pi\u00f9 importanti lingue europee: <span class=\"highlight\">inglese, tedesco, italiano, spagnolo, francese e portoghese<\/span>. Vi occorrono traduzioni in francese o un revisore italiano? Noi abbiamo l\u2019esperienza e il know-how giusto perch\u00e9 il progetto si riveli un successo.<\/h4>\n<p>[\/vc_column_text][\/vc_column_inner][vc_column_inner width=&#8221;1\/3&#8243;][vc_column_text]<\/p>\n<div class=\"properties\" style=\"padding: 0px;\">\n<div class=\"choosing-que\">\n<h3>Scegliete un\u2019agenzia innovativa e orientata al futuro<\/h3>\n<p>Per le vostre esigenze impieghiamo tecnologia all\u2019avanguardia e soluzioni su misura<\/p>\n<\/div>\n<p><!--choosing-que end--><\/p>\n<\/div>\n<p>[\/vc_column_text][\/vc_column_inner][vc_column_inner width=&#8221;1\/3&#8243;][vc_column_text]<\/p>\n<div class=\"properties\" style=\"padding: 0px;\">\n<div class=\"choosing-que\">\n<h3>Affidatevi a provati esperti nel settore dell\u2019industria<\/h3>\n<p>Preferiamo concentrarci su ci\u00f2 che sappiamo fare meglio, e lo facciamo da 12 anni<\/p>\n<\/div>\n<p><!--choosing-que end--><\/p>\n<\/div>\n<p>[\/vc_column_text][\/vc_column_inner][vc_column_inner width=&#8221;1\/3&#8243;][vc_column_text]<\/p>\n<div class=\"properties\" style=\"padding: 0px;\">\n<div class=\"choosing-que\">\n<h3>Avvaletevi di un team affiatato e di casa in Europa<\/h3>\n<p>I nostri traduttori, accuratamente selezionati, conoscono a fondo il vostro settore<\/p>\n<\/div>\n<p><!--choosing-que end--><\/p>\n<\/div>\n<p>[\/vc_column_text][\/vc_column_inner][\/vc_row_inner] <\/main>[\/vc_column][\/vc_row][vc_row el_class=&#8221;container3&#8243;][vc_column el_class=&#8221;wft-pading3&#8243;] <main>[vc_row_inner][vc_column_inner width=&#8221;1\/2&#8243;][vc_column_text]<\/p>\n<div class=\"spec-hd\" style=\"padding-left: 0px; text-align: left; margin-bottom: 20px;\">\n<h4>Fondata da due ex traduttori interni di una nota casa automobilistica tedesca, DEXIT dispone oggi di un compatto team interno e di traduttori e project manager esterni che non soltanto sono specializzati nel campo dell\u2019automotive e della mobilit\u00e0 ma che vantano anche <span class=\"highlight\">anni di esperienza presso le aziende<\/span>.<\/h4>\n<\/div>\n<p>[\/vc_column_text][vc_btn title=&#8221;Vuoi conoscerci?&#8221; style=&#8221;custom&#8221; custom_background=&#8221;#ffa800&#8243; custom_text=&#8221;#000000&#8243; shape=&#8221;square&#8221; link=&#8221;url:https%3A%2F%2Ftranslationsformobility.com%2Fit%2Fchi-siamo%2F|||&#8221;][\/vc_column_inner][vc_column_inner width=&#8221;1\/2&#8243;][vc_single_image image=&#8221;590&#8243; img_size=&#8221;full&#8221;][\/vc_column_inner][\/vc_row_inner] <\/main>[\/vc_column][\/vc_row][vc_row css=&#8221;.vc_custom_1550666911016{background-color: #03253f !important;}&#8221; el_class=&#8221;no-lines&#8221;][vc_column css=&#8221;.vc_custom_1550666525146{margin-bottom: -60px !important;padding-top: 60px !important;padding-right: 60px !important;padding-bottom: 90px !important;padding-left: 60px !important;}&#8221;] <main>[vc_row_inner el_class=&#8221;container3&#8243;][vc_column_inner width=&#8221;2\/3&#8243;][vc_column_text]<\/p>\n<h3>Mettete le vostre <span class=\"highlight\">traduzioni automotive<\/span> in mani sicure<\/h3>\n<p>[\/vc_column_text][\/vc_column_inner][vc_column_inner width=&#8221;1\/3&#8243;][vc_btn title=&#8221;Richiedi un preventivo&#8221; style=&#8221;custom&#8221; custom_background=&#8221;#ffa800&#8243; custom_text=&#8221;#000000&#8243; shape=&#8221;square&#8221; align=&#8221;center&#8221; link=&#8221;url:https%3A%2F%2Ftranslationsformobility.com%2Fit%2Fcontatti%2F|||&#8221;][\/vc_column_inner][\/vc_row_inner] <\/main>[\/vc_column][\/vc_row]<\/p>\n<\/section>","protected":false},"excerpt":{"rendered":"<p>[\/vc_row]<\/p>\n","protected":false},"author":1,"featured_media":0,"parent":0,"menu_order":0,"comment_status":"closed","ping_status":"closed","template":"template-agency.php","meta":{"footnotes":""},"class_list":["post-748","page","type-page","status-publish","hentry"],"yoast_head":"<!-- This site is optimized with the Yoast SEO plugin v26.3 - https:\/\/yoast.com\/wordpress\/plugins\/seo\/ -->\n<title>Automotive translations - Translations for Mobility - ISO 17100-certified<\/title>\n<meta name=\"description\" content=\"The multilingual mobility specialists - get in touch for automotive translations, software localisation, mobility translations and more.\" \/>\n<meta name=\"robots\" content=\"index, follow, max-snippet:-1, max-image-preview:large, max-video-preview:-1\" \/>\n<link rel=\"canonical\" href=\"https:\/\/translationsformobility.com\/it\/\" \/>\n<meta property=\"og:locale\" content=\"it_IT\" \/>\n<meta property=\"og:type\" content=\"article\" \/>\n<meta property=\"og:title\" content=\"Automotive translations - Translations for Mobility - ISO 17100-certified\" \/>\n<meta property=\"og:description\" content=\"The multilingual mobility specialists - get in touch for automotive translations, software localisation, mobility translations and more.\" \/>\n<meta property=\"og:url\" content=\"https:\/\/translationsformobility.com\/it\/\" \/>\n<meta property=\"og:site_name\" content=\"Translationsformobility.com | Translation services | Dexit Translations GmbH\" \/>\n<meta property=\"article:modified_time\" content=\"2019-07-08T12:35:22+00:00\" \/>\n<meta name=\"twitter:card\" content=\"summary_large_image\" \/>\n<meta name=\"twitter:label1\" content=\"Tempo di lettura stimato\" \/>\n\t<meta name=\"twitter:data1\" content=\"4 minuti\" \/>\n<script type=\"application\/ld+json\" class=\"yoast-schema-graph\">{\"@context\":\"https:\/\/schema.org\",\"@graph\":[{\"@type\":\"WebPage\",\"@id\":\"https:\/\/translationsformobility.com\/it\/\",\"url\":\"https:\/\/translationsformobility.com\/it\/\",\"name\":\"Automotive translations - Translations for Mobility - ISO 17100-certified\",\"isPartOf\":{\"@id\":\"https:\/\/translationsformobility.com\/#website\"},\"datePublished\":\"2018-01-11T12:43:51+00:00\",\"dateModified\":\"2019-07-08T12:35:22+00:00\",\"description\":\"The multilingual mobility specialists - get in touch for automotive translations, software localisation, mobility translations and more.\",\"breadcrumb\":{\"@id\":\"https:\/\/translationsformobility.com\/it\/#breadcrumb\"},\"inLanguage\":\"it-IT\",\"potentialAction\":[{\"@type\":\"ReadAction\",\"target\":[\"https:\/\/translationsformobility.com\/it\/\"]}]},{\"@type\":\"BreadcrumbList\",\"@id\":\"https:\/\/translationsformobility.com\/it\/#breadcrumb\",\"itemListElement\":[{\"@type\":\"ListItem\",\"position\":1,\"name\":\"Home\",\"item\":\"https:\/\/translationsformobility.com\/it\/\"},{\"@type\":\"ListItem\",\"position\":2,\"name\":\"Home\"}]},{\"@type\":\"WebSite\",\"@id\":\"https:\/\/translationsformobility.com\/#website\",\"url\":\"https:\/\/translationsformobility.com\/\",\"name\":\"Translationsformobility.com | Translation services | Dexit Translations GmbH\",\"description\":\"Translation services for the automotive and mobility sectors\",\"potentialAction\":[{\"@type\":\"SearchAction\",\"target\":{\"@type\":\"EntryPoint\",\"urlTemplate\":\"https:\/\/translationsformobility.com\/?s={search_term_string}\"},\"query-input\":{\"@type\":\"PropertyValueSpecification\",\"valueRequired\":true,\"valueName\":\"search_term_string\"}}],\"inLanguage\":\"it-IT\"}]}<\/script>\n<!-- \/ Yoast SEO plugin. -->","yoast_head_json":{"title":"Automotive translations - Translations for Mobility - ISO 17100-certified","description":"The multilingual mobility specialists - get in touch for automotive translations, software localisation, mobility translations and more.","robots":{"index":"index","follow":"follow","max-snippet":"max-snippet:-1","max-image-preview":"max-image-preview:large","max-video-preview":"max-video-preview:-1"},"canonical":"https:\/\/translationsformobility.com\/it\/","og_locale":"it_IT","og_type":"article","og_title":"Automotive translations - Translations for Mobility - ISO 17100-certified","og_description":"The multilingual mobility specialists - get in touch for automotive translations, software localisation, mobility translations and more.","og_url":"https:\/\/translationsformobility.com\/it\/","og_site_name":"Translationsformobility.com | Translation services | Dexit Translations GmbH","article_modified_time":"2019-07-08T12:35:22+00:00","twitter_card":"summary_large_image","twitter_misc":{"Tempo di lettura stimato":"4 minuti"},"schema":{"@context":"https:\/\/schema.org","@graph":[{"@type":"WebPage","@id":"https:\/\/translationsformobility.com\/it\/","url":"https:\/\/translationsformobility.com\/it\/","name":"Automotive translations - Translations for Mobility - ISO 17100-certified","isPartOf":{"@id":"https:\/\/translationsformobility.com\/#website"},"datePublished":"2018-01-11T12:43:51+00:00","dateModified":"2019-07-08T12:35:22+00:00","description":"The multilingual mobility specialists - get in touch for automotive translations, software localisation, mobility translations and more.","breadcrumb":{"@id":"https:\/\/translationsformobility.com\/it\/#breadcrumb"},"inLanguage":"it-IT","potentialAction":[{"@type":"ReadAction","target":["https:\/\/translationsformobility.com\/it\/"]}]},{"@type":"BreadcrumbList","@id":"https:\/\/translationsformobility.com\/it\/#breadcrumb","itemListElement":[{"@type":"ListItem","position":1,"name":"Home","item":"https:\/\/translationsformobility.com\/it\/"},{"@type":"ListItem","position":2,"name":"Home"}]},{"@type":"WebSite","@id":"https:\/\/translationsformobility.com\/#website","url":"https:\/\/translationsformobility.com\/","name":"Translationsformobility.com | Translation services | Dexit Translations GmbH","description":"Translation services for the automotive and mobility sectors","potentialAction":[{"@type":"SearchAction","target":{"@type":"EntryPoint","urlTemplate":"https:\/\/translationsformobility.com\/?s={search_term_string}"},"query-input":{"@type":"PropertyValueSpecification","valueRequired":true,"valueName":"search_term_string"}}],"inLanguage":"it-IT"}]}},"_links":{"self":[{"href":"https:\/\/translationsformobility.com\/it\/wp-json\/wp\/v2\/pages\/748","targetHints":{"allow":["GET"]}}],"collection":[{"href":"https:\/\/translationsformobility.com\/it\/wp-json\/wp\/v2\/pages"}],"about":[{"href":"https:\/\/translationsformobility.com\/it\/wp-json\/wp\/v2\/types\/page"}],"author":[{"embeddable":true,"href":"https:\/\/translationsformobility.com\/it\/wp-json\/wp\/v2\/users\/1"}],"replies":[{"embeddable":true,"href":"https:\/\/translationsformobility.com\/it\/wp-json\/wp\/v2\/comments?post=748"}],"version-history":[{"count":11,"href":"https:\/\/translationsformobility.com\/it\/wp-json\/wp\/v2\/pages\/748\/revisions"}],"predecessor-version":[{"id":808,"href":"https:\/\/translationsformobility.com\/it\/wp-json\/wp\/v2\/pages\/748\/revisions\/808"}],"wp:attachment":[{"href":"https:\/\/translationsformobility.com\/it\/wp-json\/wp\/v2\/media?parent=748"}],"curies":[{"name":"wp","href":"https:\/\/api.w.org\/{rel}","templated":true}]}}