{"id":614,"date":"2019-03-14T09:44:11","date_gmt":"2019-03-14T09:44:11","guid":{"rendered":"https:\/\/translationsformobility.com\/terms-conditions\/"},"modified":"2022-06-29T13:04:04","modified_gmt":"2022-06-29T13:04:04","slug":"allgemeine-geschaeftsbedingungen","status":"publish","type":"page","link":"https:\/\/translationsformobility.com\/de\/allgemeine-geschaeftsbedingungen\/","title":{"rendered":"ALLGEMEINE GESCH\u00c4FTSBEDINGUNGEN"},"content":{"rendered":"<section class=\"wpb-content-wrapper\"><p>[vc_row el_class=&#8220;container3&#8243; css=&#8220;.vc_custom_1552556648352{padding-top: 200px !important;padding-bottom: 50px !important;}&#8220;][vc_column][vc_column_text]<\/p>\n<h1>ALLGEMEINE GESCH\u00c4FTSBEDINGUNGEN<br \/>\n(Stand Juni 2022)<\/h1>\n<p><strong>1. Geltungsbereich<\/strong><\/p>\n<p>1.1. Die nachstehenden Allgemeinen Gesch\u00e4ftsbedingungen sind, soweit nichts anderes ausdr\u00fccklich vereinbart oder gesetzlich unabdingbar vorgeschrieben ist, Bestandteil s\u00e4mtlicher Vertr\u00e4ge der<\/p>\n<p>DEXIT Translations GmbH<br \/>\nWilhelmstra\u00dfe 74<br \/>\n38100 Braunschweig<br \/>\nTel. 0176 \u2013 64 46 83 53<\/p>\n<p>Gesch\u00e4ftsf\u00fchrer: Dr. Antonio Gelsomino<br \/>\nAmtsgericht Braunschweig, HR 202567<\/p>\n<p>&#8211; nachfolgend \u201eDEXIT\u201c genannt &#8211;<\/p>\n<p>mit ihren Auftraggebern.<\/p>\n<p>1.2. Auftragserteilung, -best\u00e4tigung und\/oder Annahme der Sprachdienstleistungen von DEXIT gelten als Anerkenntnis der Geltung der allgemeinen Gesch\u00e4ftsbedingungen f\u00fcr das Erstgesch\u00e4ft wie auch f\u00fcr alle k\u00fcnftigen Gesch\u00e4fte zwischen DEXIT und dem Vertragspartner, unabh\u00e4ngig davon, ob Folgegesch\u00e4fte im Rahmen einer st\u00e4ndigen Gesch\u00e4ftsbeziehung zustande kommen oder nicht.<\/p>\n<p>1.3. Den nachfolgenden Bestimmungen entgegenstehende oder abweichende Gesch\u00e4ftsbedingungen des Vertragspartners finden keine Anwendung, es sei denn, sie wurden von DEXIT ausdr\u00fccklich anerkannt.<\/p>\n<p><strong>2. Auftragserteilung<\/strong><\/p>\n<p>2.1. Auftr\u00e4ge an DEXIT werden in elektronischer oder in sonstiger, schriftlicher Form erteilt. Im Rahmen der Auftragserteilung sind unter anderem die genaue Leistungsbezeichnung, die Zielsprache, das Thema und Fachgebiet des Textes, der Umfang des Ausgangstextes, Lieferzeiten, das Format des Zieldokuments sowie gegebenenfalls besondere Terminologiew\u00fcnsche anzugeben.<\/p>\n<p>2.2. Zus\u00e4tzlich hat der Auftraggeber die M\u00f6glichkeit, DEXIT den Verwendungszweck des zielsprachlichen Inhalts mitzuteilen. Dies ist vor allem dann wichtig, wenn der zielsprachliche Text ver\u00f6ffentlicht bzw. gedruckt werden soll.<\/p>\n<p>2.3. DEXIT haftet nicht f\u00fcr Verz\u00f6gerungen oder Ausf\u00fchrungsm\u00e4ngel, die durch eine unklare, unrichtige oder unvollst\u00e4ndige Auftragserteilung entstehen.<\/p>\n<p><strong>3. Ausf\u00fchrung durch Dritte<\/strong><\/p>\n<p>3.1. DEXIT darf zur Ausf\u00fchrung aller Gesch\u00e4fte, wenn wir es nach unserem Ermessen f\u00fcr zweckm\u00e4\u00dfig und erforderlich halten, auf die Dienste Dritter zur\u00fcckgreifen.<\/p>\n<p>3.2. Kontakt zwischen dem Auftraggeber und einem von DEXIT eingesetzten Dritten ist nur mit ausdr\u00fccklicher Einwilligung von DEXIT erlaubt. Grunds\u00e4tzlich besteht die Gesch\u00e4ftsverbindung nur zwischen dem Auftraggeber und DEXIT.<\/p>\n<p><strong>4. Mitwirkungs- und Aufkl\u00e4rungspflicht des Auftraggebers<\/strong><\/p>\n<p>4.1. Der Auftraggeber hat DEXIT rechtzeitig \u00fcber besondere Ausf\u00fchrungsformen der Sprachdienstleistung zu unterrichten (\u00dcbersetzung auf Datentr\u00e4gern, Anzahl der Ausfertigungen, Druckreife, \u00e4u\u00dfere Form des zielsprachlichen Inhalts etc.). Ist die \u00dcbersetzung f\u00fcr den Druck bestimmt, hat der Auftraggeber DEXIT einen Korrekturabzug zu \u00fcberlassen. Informationen und Unterlagen, die zur Erstellung des zielsprachlichen Inhalts notwendig sind, hat der Auftraggeber DEXIT unaufgefordert und rechtzeitig zur Verf\u00fcgung zu stellen (Glossare und Translation Memory des Auftraggebers, Abbildungen, Zeichnungen, Tabellen, Abk\u00fcrzungen usw.).<\/p>\n<p>4.2. Fehler, die sich aus der Nichteinhaltung dieser Obliegenheiten ergeben, gehen nicht zu Lasten von DEXIT.<\/p>\n<p><strong>5. Lieferung<\/strong><\/p>\n<p>5.1. Lieferfristen werden nach bestem Wissen und Gewissen angegeben und k\u00f6nnen immer nur voraussichtliche Liefertermine sein. Sie gelten nicht als verbindliche Zusicherung.<\/p>\n<p>5.2. Beruht die Nichteinhaltung eines Liefertermins auf h\u00f6herer Gewalt, z.\u00a0B. durch Naturereignisse, Verkehrsst\u00f6rungen und sonstige von DEXIT nicht zu vertretende Hindernisse, ist DEXIT berechtigt, entweder vom Vertrag zur\u00fcckzutreten oder die Einr\u00e4umung einer den Umst\u00e4nden angemessenen Nachfrist zu verlangen.<\/p>\n<p>5.3. Eine Lieferung gilt als erfolgt, wenn die zielsprachlichen Dokumente bzw. Dateien an den Auftraggeber nachweisbar (Versandprotokoll) abgeschickt wurde.<\/p>\n<p>5.4. Bei Verzug oder subjektiver Unm\u00f6glichkeit (Unverm\u00f6gen) von DEXIT ist der Auftraggeber nach erfolglosem Setzen einer angemessenen Frist von mindestens 10 Arbeitstagen zur Leistungserbringung berechtigt, vom Vertrag zur\u00fcckzutreten. Weitere Anspr\u00fcche, insbesondere auf Schadensersatz oder Aufwendungsersatz, sind ausgeschlossen, es sei denn, DEXIT hat vors\u00e4tzlich oder grob fahrl\u00e4ssig seine Pflichten verletzt.<\/p>\n<p><strong>6. Preise und Zahlungsbedingungen<\/strong><\/p>\n<p>6.1. Alle genannten Preise sind Nettopreise (ohne gesetzliche Mehrwertsteuer). Die Preise verstehen sich in \u20ac (Euro), sofern nichts anderes vereinbart ist.<\/p>\n<p>6.2. DEXIT hat neben dem vereinbarten Honorar Anspruch auf die Erstattung der tats\u00e4chlich angefallenen und mit dem Auftraggeber abgestimmten Aufwendungen. DEXIT kann bei umfangreichen \u00dcbersetzungen den Vorschuss verlangen, der f\u00fcr die Durchf\u00fchrung der \u00dcbersetzung objektiv notwendig ist. In begr\u00fcndeten F\u00e4llen kann DEXIT die \u00dcbergabe der Arbeit von der vorherigen Zahlung des vollen Honorars abh\u00e4ngig machen.<\/p>\n<p>6.3. Die Zahlung ist innerhalb von 14 Tagen ab Rechnungsdatum rein netto bei Inlandsrechnungen, bzw. innerhalb von 30 Tagen ab Rechnungsdatum rein netto bei Auslandsrechnungen, unter Ausschluss der Aufrechnung oder Einbehaltung, f\u00e4llig, sofern nichts anderes ausdr\u00fccklich vereinbart wurde. Von der Bank berechnete \u00dcberweisungskosten gehen zu Lasten des Auftraggebers (Zahlungsanweisenden). Bei \u00dcberschreitung des Zahlungsziels werden bank\u00fcbliche Zinsen berechnet.<\/p>\n<p>6.4. Bei Rechnungsstellung an Vertragspartner in anderen EU-L\u00e4ndern wird die DEXIT schriftlich mitgeteilte Umsatzsteueridentifikationsnummer \u2013 Ust-IDNr. \u2013 verwendet. Falls danach die steuerliche Zuordnung nichtm\u00f6glich ist, haftet der Vertragspartner DEXIT gegen\u00fcber f\u00fcr die gegen DEXIT geltend gemachte Steuerpflicht.<\/p>\n<p><strong>7. M\u00e4ngelanzeigen<\/strong><\/p>\n<p>7.1. Beanstandungen jeglicher Art werden nur anerkannt, wenn sie bei offensichtlichen, nicht nur unerheblichen M\u00e4ngeln unverz\u00fcglich nach Lieferung, sp\u00e4testens jedoch innerhalb von 10 Tagen (eintreffend bei DEXIT) nach Lieferung unter genauer Bezeichnung des Mangels schriftlich erfolgen. Erhebt der Auftraggeber innerhalb der genannten Frist keine schriftlichen Einwendungen, so gilt die erbrachte Leistung als angenommen und der Auftrag als erledigt. Der Auftraggeber verzichtet in diesem Fall auf s\u00e4mtliche Anspr\u00fcche, die ihm wegen eventueller M\u00e4ngel der Leistung zustehen k\u00f6nnten.<\/p>\n<p>7.2. DEXIT beh\u00e4lt sich das Recht auf M\u00e4ngelbeseitigung vor. Der Auftraggeber hat Anspruch auf Beseitigung von m\u00f6glichen in der im zielsprachlichen Dokument objektiv vorhandenen, nicht nur unerheblichen M\u00e4ngeln. Ist eine Nachbesserung nachweislich erfolglos, so hat der Auftraggeber das Recht auf Minderung oder Wandlung.<\/p>\n<p><strong>8. Haftung<\/strong><\/p>\n<p>8.1. DEXIT haftet in jedem Fall nur bei grober Fahrl\u00e4ssigkeit und Vorsatz. Die Haftung bei leichter Fahrl\u00e4ssigkeit tritt nur bei Verletzung vertragswesentlicher Pflichten ein. Weitergehende Anspr\u00fcche, einschlie\u00dflich Schadenersatzanspr\u00fcche wegen Nichterf\u00fcllung, sind ausgeschlossen. Die Haftung ist in jedem begr\u00fcndeten Fall der H\u00f6he nach auf den Wert des betreffenden Auftrages begrenzt. Eine R\u00fcckgriffhaftung bei Schadenersatzanspr\u00fcchen Dritter ist ausdr\u00fccklich ausgeschlossen.<\/p>\n<p>8.2. DEXIT haftet nicht f\u00fcr \u00dcbersetzungsfehler, die vom Auftraggeber durch unrichtige, unvollst\u00e4ndige oder nicht rechtzeitig zur Verf\u00fcgung gestellte Informationen oder Unterlagen oder durch fehlerhafte oder unleserliche (auch teilweise) Quellentexte verursacht wurden. Gibt der Auftraggeber den Verwendungszweck der beauftragten Sprachdienstleistung nicht an, vor allem wenn sie zu ver\u00f6ffentlichen ist oder f\u00fcr Werbezwecke verwendet wird, so kann er nicht Ersatz des Schadens verlangen, der dadurch entsteht, dass der Text sich f\u00fcr den Verwendungszweck als ungeeignet erweist bzw. dass aufgrund einer mangelhaften Adaption die Ver\u00f6ffentlichung oder Werbung wiederholt werden muss oder zu einer Rufsch\u00e4digung oder einem Imageverlust des Unternehmens f\u00fchrt. Gibt der Auftraggeber nicht an, dass die \u00dcbersetzung zum Druck vorgesehen ist, l\u00e4sst er DEXIT vor Drucklegung keinen Korrekturabzug zukommen und druckt ohne Freigabe von DEXIT, so geht jeglicher Mangel voll zu seinen Lasten.<\/p>\n<p>8.3. Wird DEXIT aufgrund einer \u00dcbersetzung wegen einer Verletzung des Urheberrechts in Anspruch genommen, oder werden Anspr\u00fcche Dritter geltend gemacht, so stellt der Auftraggeber DEXIT in vollem Umfang von der Haftung frei.<\/p>\n<p>8.4. Der Versand bzw. die elektronische \u00dcbertragung erfolgt auf Gefahr des Auftraggebers. F\u00fcr eine fehlerhafte oder sch\u00e4dliche \u00dcbertragung der Texte bzw. Dateien oder f\u00fcr deren Verlust, sowie f\u00fcr deren Besch\u00e4digung oder Verlust auf dem nicht elektronischen Transportwege haftet DEXIT nicht.<\/p>\n<p>8.5. DEXIT haftet nicht f\u00fcr Sch\u00e4den, die durch St\u00f6rung seines Betriebs, insbesondere durch h\u00f6here Gewalt, z.\u00a0B. Naturereignisse und Verkehrsst\u00f6rungen, Netzwerk- und Serverfehler, etwaige andere Leitungs- und \u00dcbertragungsst\u00f6rungen und sonstige, von DEXIT nicht zu vertretenden Hindernisse entstanden sind. In solchen Ausnahmef\u00e4llen ist DEXIT berechtigt, ganz oder teilweise vom Vertrag zur\u00fcckzutreten. Das gleiche gilt, wenn DEXIT aus wichtigem Grunde seinen Betrieb f\u00fcr eine bestimmte Zeit ganz oder teilweise einstellt oder einschr\u00e4nkt. DEXIT haftet ebenfalls nicht f\u00fcr Sch\u00e4den, die durch Computerviren entstehen.<\/p>\n<p><strong>9. Eigentumsvorbehalt und Urheberrecht<\/strong><\/p>\n<p>Der gelieferte zielsprachliche Inhalt\/Text bleibt bis zur vollst\u00e4ndigen Bezahlung s\u00e4mtlicher Forderungen das Eigentum von DEXIT. Bis dahin hat der Auftraggeber kein Nutzungsrecht.<\/p>\n<p><strong>10. Berufsgeheimnis<\/strong><\/p>\n<p>DEXIT verpflichtet sich, Stillschweigen \u00fcber alle Tatsachen zu bewahren, die DEXIT im Zusammenhang mit seiner T\u00e4tigkeit f\u00fcr den Auftraggeber bekannt werden. Alle Texte\/Inhalte werden vertraulich behandelt.<\/p>\n<p><strong>11. Anwendbares Recht, Erf\u00fcllungsort, Gerichtsstand<\/strong><\/p>\n<p>14.1. Es gilt das Recht der Bundesrepublik Deutschland.<\/p>\n<p>14.2. Erf\u00fcllungsort f\u00fcr s\u00e4mtliche von DEXIT erbrachten Lieferungen und Leistungen ist Braunschweig.<\/p>\n<p>14.3. Gerichtsstand ist, soweit keine zwingenden Gesetze entgegenstehen, Braunschweig. DEXIT ist jedoch berechtigt, auch im allgemeinen Gerichtsstand seiner Vertragspartner zu klagen.<\/p>\n<p><strong>12. Wirksamkeit<\/strong><\/p>\n<p>Durch eine etwaige anf\u00e4ngliche oder sp\u00e4ter eintretende Nichtigkeit einer oder mehrerer Bestimmungen dieser Allgemeinen Gesch\u00e4ftsbedingungen wird die G\u00fcltigkeit der \u00fcbrigen nicht ber\u00fchrt. Es gilt dann eine dem rechtlichen und wirtschaftlichen Zweck am n\u00e4chsten kommende, g\u00fcltige Bestimmung als vereinbart.[\/vc_column_text][vc_column_text][\/vc_column_text][\/vc_column][\/vc_row]<\/p>\n<\/section>","protected":false},"excerpt":{"rendered":"<p>[vc_row el_class=&#8220;container3&#8243; css=&#8220;.vc_custom_1552556648352{padding-top: 200px !important;padding-bottom: 50px !important;}&#8220;][vc_column][vc_column_text] ALLGEMEINE GESCH\u00c4FTSBEDINGUNGEN (Stand Juni 2022) 1. Geltungsbereich 1.1. Die nachstehenden Allgemeinen Gesch\u00e4ftsbedingungen sind, soweit nichts anderes ausdr\u00fccklich vereinbart oder gesetzlich unabdingbar vorgeschrieben ist, Bestandteil s\u00e4mtlicher Vertr\u00e4ge der DEXIT Translations GmbH Wilhelmstra\u00dfe 74 38100 Braunschweig Tel. 0176 \u2013 64 46 83 53 Gesch\u00e4ftsf\u00fchrer: Dr. Antonio Gelsomino Amtsgericht Braunschweig, HR [&hellip;]<\/p>\n","protected":false},"author":1,"featured_media":0,"parent":0,"menu_order":0,"comment_status":"closed","ping_status":"closed","template":"template-fullwidth.php","meta":{"footnotes":""},"class_list":["post-614","page","type-page","status-publish","hentry"],"yoast_head":"<!-- This site is optimized with the Yoast SEO plugin v26.3 - https:\/\/yoast.com\/wordpress\/plugins\/seo\/ -->\n<title>ALLGEMEINE GESCH\u00c4FTSBEDINGUNGEN - Translationsformobility.com<\/title>\n<meta name=\"robots\" content=\"noindex, follow\" \/>\n<meta property=\"og:locale\" content=\"de_DE\" \/>\n<meta property=\"og:type\" content=\"article\" \/>\n<meta property=\"og:title\" content=\"ALLGEMEINE GESCH\u00c4FTSBEDINGUNGEN - Translationsformobility.com\" \/>\n<meta property=\"og:description\" content=\"[vc_row el_class=&#8220;container3&#8243; css=&#8220;.vc_custom_1552556648352{padding-top: 200px !important;padding-bottom: 50px !important;}&#8220;][vc_column][vc_column_text] ALLGEMEINE GESCH\u00c4FTSBEDINGUNGEN (Stand Juni 2022) 1. Geltungsbereich 1.1. Die nachstehenden Allgemeinen Gesch\u00e4ftsbedingungen sind, soweit nichts anderes ausdr\u00fccklich vereinbart oder gesetzlich unabdingbar vorgeschrieben ist, Bestandteil s\u00e4mtlicher Vertr\u00e4ge der DEXIT Translations GmbH Wilhelmstra\u00dfe 74 38100 Braunschweig Tel. 0176 \u2013 64 46 83 53 Gesch\u00e4ftsf\u00fchrer: Dr. Antonio Gelsomino Amtsgericht Braunschweig, HR [&hellip;]\" \/>\n<meta property=\"og:url\" content=\"https:\/\/translationsformobility.com\/de\/allgemeine-geschaeftsbedingungen\/\" \/>\n<meta property=\"og:site_name\" content=\"Translationsformobility.com\" \/>\n<meta property=\"article:modified_time\" content=\"2022-06-29T13:04:04+00:00\" \/>\n<meta name=\"twitter:card\" content=\"summary_large_image\" \/>\n<meta name=\"twitter:label1\" content=\"Gesch\u00e4tzte Lesezeit\" \/>\n\t<meta name=\"twitter:data1\" content=\"7\u00a0Minuten\" \/>\n<script type=\"application\/ld+json\" class=\"yoast-schema-graph\">{\"@context\":\"https:\/\/schema.org\",\"@graph\":[{\"@type\":\"WebPage\",\"@id\":\"https:\/\/translationsformobility.com\/de\/allgemeine-geschaeftsbedingungen\/\",\"url\":\"https:\/\/translationsformobility.com\/de\/allgemeine-geschaeftsbedingungen\/\",\"name\":\"ALLGEMEINE GESCH\u00c4FTSBEDINGUNGEN - Translationsformobility.com\",\"isPartOf\":{\"@id\":\"https:\/\/translationsformobility.com\/#website\"},\"datePublished\":\"2019-03-14T09:44:11+00:00\",\"dateModified\":\"2022-06-29T13:04:04+00:00\",\"breadcrumb\":{\"@id\":\"https:\/\/translationsformobility.com\/de\/allgemeine-geschaeftsbedingungen\/#breadcrumb\"},\"inLanguage\":\"de\",\"potentialAction\":[{\"@type\":\"ReadAction\",\"target\":[\"https:\/\/translationsformobility.com\/de\/allgemeine-geschaeftsbedingungen\/\"]}]},{\"@type\":\"BreadcrumbList\",\"@id\":\"https:\/\/translationsformobility.com\/de\/allgemeine-geschaeftsbedingungen\/#breadcrumb\",\"itemListElement\":[{\"@type\":\"ListItem\",\"position\":1,\"name\":\"Home\",\"item\":\"https:\/\/translationsformobility.com\/de\/\"},{\"@type\":\"ListItem\",\"position\":2,\"name\":\"ALLGEMEINE GESCH\u00c4FTSBEDINGUNGEN\"}]},{\"@type\":\"WebSite\",\"@id\":\"https:\/\/translationsformobility.com\/#website\",\"url\":\"https:\/\/translationsformobility.com\/\",\"name\":\"Translationsformobility.com\",\"description\":\"Translations for mobility\",\"potentialAction\":[{\"@type\":\"SearchAction\",\"target\":{\"@type\":\"EntryPoint\",\"urlTemplate\":\"https:\/\/translationsformobility.com\/?s={search_term_string}\"},\"query-input\":{\"@type\":\"PropertyValueSpecification\",\"valueRequired\":true,\"valueName\":\"search_term_string\"}}],\"inLanguage\":\"de\"}]}<\/script>\n<!-- \/ Yoast SEO plugin. -->","yoast_head_json":{"title":"ALLGEMEINE GESCH\u00c4FTSBEDINGUNGEN - Translationsformobility.com","robots":{"index":"noindex","follow":"follow"},"og_locale":"de_DE","og_type":"article","og_title":"ALLGEMEINE GESCH\u00c4FTSBEDINGUNGEN - Translationsformobility.com","og_description":"[vc_row el_class=&#8220;container3&#8243; css=&#8220;.vc_custom_1552556648352{padding-top: 200px !important;padding-bottom: 50px !important;}&#8220;][vc_column][vc_column_text] ALLGEMEINE GESCH\u00c4FTSBEDINGUNGEN (Stand Juni 2022) 1. Geltungsbereich 1.1. Die nachstehenden Allgemeinen Gesch\u00e4ftsbedingungen sind, soweit nichts anderes ausdr\u00fccklich vereinbart oder gesetzlich unabdingbar vorgeschrieben ist, Bestandteil s\u00e4mtlicher Vertr\u00e4ge der DEXIT Translations GmbH Wilhelmstra\u00dfe 74 38100 Braunschweig Tel. 0176 \u2013 64 46 83 53 Gesch\u00e4ftsf\u00fchrer: Dr. Antonio Gelsomino Amtsgericht Braunschweig, HR [&hellip;]","og_url":"https:\/\/translationsformobility.com\/de\/allgemeine-geschaeftsbedingungen\/","og_site_name":"Translationsformobility.com","article_modified_time":"2022-06-29T13:04:04+00:00","twitter_card":"summary_large_image","twitter_misc":{"Gesch\u00e4tzte Lesezeit":"7\u00a0Minuten"},"schema":{"@context":"https:\/\/schema.org","@graph":[{"@type":"WebPage","@id":"https:\/\/translationsformobility.com\/de\/allgemeine-geschaeftsbedingungen\/","url":"https:\/\/translationsformobility.com\/de\/allgemeine-geschaeftsbedingungen\/","name":"ALLGEMEINE GESCH\u00c4FTSBEDINGUNGEN - Translationsformobility.com","isPartOf":{"@id":"https:\/\/translationsformobility.com\/#website"},"datePublished":"2019-03-14T09:44:11+00:00","dateModified":"2022-06-29T13:04:04+00:00","breadcrumb":{"@id":"https:\/\/translationsformobility.com\/de\/allgemeine-geschaeftsbedingungen\/#breadcrumb"},"inLanguage":"de","potentialAction":[{"@type":"ReadAction","target":["https:\/\/translationsformobility.com\/de\/allgemeine-geschaeftsbedingungen\/"]}]},{"@type":"BreadcrumbList","@id":"https:\/\/translationsformobility.com\/de\/allgemeine-geschaeftsbedingungen\/#breadcrumb","itemListElement":[{"@type":"ListItem","position":1,"name":"Home","item":"https:\/\/translationsformobility.com\/de\/"},{"@type":"ListItem","position":2,"name":"ALLGEMEINE GESCH\u00c4FTSBEDINGUNGEN"}]},{"@type":"WebSite","@id":"https:\/\/translationsformobility.com\/#website","url":"https:\/\/translationsformobility.com\/","name":"Translationsformobility.com","description":"Translations for mobility","potentialAction":[{"@type":"SearchAction","target":{"@type":"EntryPoint","urlTemplate":"https:\/\/translationsformobility.com\/?s={search_term_string}"},"query-input":{"@type":"PropertyValueSpecification","valueRequired":true,"valueName":"search_term_string"}}],"inLanguage":"de"}]}},"_links":{"self":[{"href":"https:\/\/translationsformobility.com\/de\/wp-json\/wp\/v2\/pages\/614","targetHints":{"allow":["GET"]}}],"collection":[{"href":"https:\/\/translationsformobility.com\/de\/wp-json\/wp\/v2\/pages"}],"about":[{"href":"https:\/\/translationsformobility.com\/de\/wp-json\/wp\/v2\/types\/page"}],"author":[{"embeddable":true,"href":"https:\/\/translationsformobility.com\/de\/wp-json\/wp\/v2\/users\/1"}],"replies":[{"embeddable":true,"href":"https:\/\/translationsformobility.com\/de\/wp-json\/wp\/v2\/comments?post=614"}],"version-history":[{"count":3,"href":"https:\/\/translationsformobility.com\/de\/wp-json\/wp\/v2\/pages\/614\/revisions"}],"predecessor-version":[{"id":878,"href":"https:\/\/translationsformobility.com\/de\/wp-json\/wp\/v2\/pages\/614\/revisions\/878"}],"wp:attachment":[{"href":"https:\/\/translationsformobility.com\/de\/wp-json\/wp\/v2\/media?parent=614"}],"curies":[{"name":"wp","href":"https:\/\/api.w.org\/{rel}","templated":true}]}}