{"id":612,"date":"2019-02-20T10:51:21","date_gmt":"2019-02-20T10:51:21","guid":{"rendered":"https:\/\/translationsformobility.com\/specialisms\/"},"modified":"2019-07-10T12:08:33","modified_gmt":"2019-07-10T12:08:33","slug":"fachgebiete","status":"publish","type":"page","link":"https:\/\/translationsformobility.com\/de\/fachgebiete\/","title":{"rendered":"Fachgebiete"},"content":{"rendered":"<section class=\"wpb-content-wrapper\"><p>[vc_row][vc_column]    <section\r\n\t\t            class=\" vc_custom_1551951306991\">\r\n        <div class=\"block no-padding\">\r\n            <div class=\"banner-section\">\r\n\t\t\t\t                    <img decoding=\"async\" alt=\"\" class=\"img-responsive\"\r\n                         src=\"https:\/\/translationsformobility.com\/wp-content\/uploads\/2019\/03\/pexels-photo-136739-1.jpg\">\r\n\t\t\t\t\t\r\n            <\/div><!--banner-section end-->\r\n        <\/div>\r\n    <\/section>\r\n\r\n\r\n\t    <section\r\n\t\t\r\n            class=\"\">\r\n        <div class=\"block\">\r\n            <div class=\"container\">\r\n                <div class=\"about-us\">\r\n                    <h3 class=\"heading-title\r\n                    text-center\r\n                                          \"><\/h3>\r\n\t                \n<h3 class=\"heading-title\" style=\"margin-bottom: 50px; text-transform: none; text-align: center;\">Punktgenaue \u00dcbersetzungen<br \/>\n<span class=\"highlight\">f\u00fcr einen dynamischen Sektor<\/span><\/h3>\n                <\/div><!--about-us end-->\r\n            <\/div>\r\n        <\/div><!--about-section end-->\r\n    <\/section>\r\n\r\n\r\n\t[vc_row_inner el_class=&#8220;container&#8220;][vc_column_inner el_class=&#8220;wft-top-90&#8243; width=&#8220;1\/2&#8243;][vc_column_text]<\/p>\n<p class=\"tmp\">Seit vielen Jahren liefern wir technische \u00dcbersetzungen f\u00fcr die Automobilbranche und begleiten unsere Kunden heute mit <span class=\"highlight\">ganzheitlichen Sprachdienstleistungen<\/span> hin zu neuen Mobilit\u00e4tsl\u00f6sungen, von e-Mobility \u00fcber vernetztes Fahren bis hin zu Car Sharing Konzepten.<\/p>\n<p class=\"tmp\">Vermeiden Sie aufw\u00e4ndige Recherchen und unn\u00f6tige Erkl\u00e4rungen, und setzen Sie stattdessen auf <span class=\"highlight\">spezialisiertes Fachwissen<\/span> und bew\u00e4hrte Erfahrung.<\/p>\n<p>[\/vc_column_text][vc_column_text]<\/p>\n<h5 style=\"text-align: left;\">Eine vielschichtige und dynamische Branche:<\/h5>\n<p>[\/vc_column_text][vc_single_image image=&#8220;622&#8243; img_size=&#8220;full&#8220; alignment=&#8220;center&#8220;][\/vc_column_inner][vc_column_inner el_class=&#8220;wft-top-90&#8243; width=&#8220;1\/2&#8243;][vc_column_text]<\/p>\n<h5 style=\"text-align: left;\">Der Automobil- und Mobilit\u00e4tssektor entwickelt sich rasant. Dabei begleiten wir Sie mit unserer Spezialisierung und unserem Leistungsspektrum.<\/h5>\n<p>[\/vc_column_text][vc_column_text]Wir bieten:<\/p>\n<ul>\n<li>Projektmanagement<\/li>\n<li>\u00dcbersetzung und Transkreation<\/li>\n<li>Revision und Lektorat<\/li>\n<li>Post-Editing maschineller \u00dcbersetzungen<\/li>\n<li>Terminologie-Management<\/li>\n<li>Multimedia- und Softwarelokalisierung<\/li>\n<li>Text-to-Speech \u00dcbersetzungen<\/li>\n<li>Qualit\u00e4tsbewertungen<\/li>\n<\/ul>\n<p class=\"tmp\">Komplexe Produkte und Dienstleistungen brauchen ma\u00dfgeschneidertes, ganzheitliches \u00dcbersetzungs-Knowhow. Die Einf\u00fchrung eines Onboard-Navigationssystems zum Beispiel erfordert die <span class=\"highlight\"> Lokalisierung der Software<\/span> ebenso wie \u00dcbersetzung und Testen von Benutzeroberfl\u00e4che, Displaytexten und Sprachbedienung, aber auch Schulungsunterlagen f\u00fcr Werkst\u00e4tten, Bedienungsanleitungen und <span class=\"highlight\">Marketingmaterial<\/span>. Wir schaffen integrierte L\u00f6sungen rund um Ihr Produkt mit einem genau auf Ihre individuellen Anforderungen abgestimmten Leistungspaket.<\/p>\n<p class=\"tmp\">Wir integrieren unsere \u00dcbersetzungsleistungen in <span class=\"highlight\">Italienisch, Franz\u00f6sisch, Portugiesisch, Spanisch, English und Deutsch<\/span> in Ihre Tools, Technologien und Ihren Workflow. Und stellen sicher, dass Ihre Botschaft punktgenau bei der Zielgruppe ankommt \u2013 ob Endkunde, Interessent, Mitarbeiter, H\u00e4ndler, Zulieferer oder Fachpresse.<\/p>\n<p>[\/vc_column_text][\/vc_column_inner][\/vc_row_inner][vc_row_inner el_class=&#8220;no-bottom&#8220;][vc_column_inner]\r\n    <section\r\n\t\t\r\n            class=\"\">\r\n\r\n        <div class=\"block\">\r\n            <div class=\"container no-pd\">\r\n                <div class=\"title\">\r\n                    <h3 class=\"heading-title\">Zielgruppengerechte Inhalte f\u00fcr den Mobilit\u00e4tssektor:<\/h3>\r\n                    <p>    <\/p>\r\n\r\n                <\/div><!--title end-->\r\n                <div class=\"our-services\">\r\n                    <div class=\"row\">\r\n\t\t\t\t\t\t\r\n\r\n                                <style>\r\n                                    .service-details_0:before {\r\n                                        background-image: url(\"\");\r\n                                    }\r\n                                <\/style>\r\n                                <div class=\"col-lg-4 col-md-12 col-sm-12\">\r\n                                    <div class=\"service-details service-details_0\">\r\n                                        <div class=\"service-info\">\r\n                                            <div class=\"srvc-icon\">\r\n                                                <span class=\"lnr lnr lnr-laptop \"><\/span>\r\n                                                <h3>Technik und IT<\/h3>\r\n                                            <\/div>\r\n                                            <p><ul>\n<li>Betriebsanleitungen<\/li>\n<li>Technische Dokumentation<\/li>\n<li>Diagnose-Software<\/li>\n<li>Gesten-\/Spracherkennung<\/li>\n<li>Benutzeroberfl\u00e4chen<\/li>\n<\/ul>                                            <\/p>\r\n                                        <\/div>\r\n                                    <\/div><!-- service-details end-->\r\n                                <\/div>\r\n\t\t\t\t\t\t\t\t\r\n\r\n                                <style>\r\n                                    .service-details_1:before {\r\n                                        background-image: url(\"\");\r\n                                    }\r\n                                <\/style>\r\n                                <div class=\"col-lg-4 col-md-12 col-sm-12\">\r\n                                    <div class=\"service-details service-details_1\">\r\n                                        <div class=\"service-info\">\r\n                                            <div class=\"srvc-icon\">\r\n                                                <span class=\"lnr fa fa-comments \"><\/span>\r\n                                                <h3>Marketing und Kommunikation<\/h3>\r\n                                            <\/div>\r\n                                            <p><ul>\n<li>Web- und Social Media-Inhalte<\/li>\n<li>Marktanalysen<\/li>\n<li>Pressemitteilungen<\/li>\n<li>VoC-Plattformen<\/li>\n<li>Brosch\u00fcren und Pr\u00e4sentationen<\/li>\n<\/ul>                                            <\/p>\r\n                                        <\/div>\r\n                                    <\/div><!-- service-details end-->\r\n                                <\/div>\r\n\t\t\t\t\t\t\t\t\r\n\r\n                                <style>\r\n                                    .service-details_2:before {\r\n                                        background-image: url(\"\");\r\n                                    }\r\n                                <\/style>\r\n                                <div class=\"col-lg-4 col-md-12 col-sm-12\">\r\n                                    <div class=\"service-details service-details_2\">\r\n                                        <div class=\"service-info\">\r\n                                            <div class=\"srvc-icon\">\r\n                                                <span class=\"lnr fa fa-building-o \"><\/span>\r\n                                                <h3>Wirtschaft, Recht, Finanzen<\/h3>\r\n                                            <\/div>\r\n                                            <p><ul>\n<li>Vertr\u00e4ge und Vereinbarungen<\/li>\n<li>Richtlinien und Leitf\u00e4den<\/li>\n<li>Gesch\u00e4ftsberichte<\/li>\n<li>Compliance-Regeln<\/li>\n<li>Schulungen & HR<\/li>\n<\/ul>                                            <\/p>\r\n                                        <\/div>\r\n                                    <\/div><!-- service-details end-->\r\n                                <\/div>\r\n\t\t\t\t\t\t\t\t\r\n                    <\/div>\r\n                <\/div><!--our-services end-->\r\n            <\/div>\r\n        <\/div>\r\n\r\n    <\/section>\r\n\r\n\t[vc_btn title=&#8220;Angebot anfordern&#8220; style=&#8220;custom&#8220; custom_background=&#8220;#ffa800&#8243; custom_text=&#8220;#000000&#8243; shape=&#8220;square&#8220; align=&#8220;center&#8220; link=&#8220;url:http%3A%2F%2Ftranslationsformobility.com%2Fde%2Fkontakt%2F|||&#8220;][vc_empty_space height=&#8220;60px&#8220;][\/vc_column_inner][\/vc_row_inner][\/vc_column][\/vc_row]<\/p>\n<\/section>","protected":false},"excerpt":{"rendered":"<p>[vc_column_text] [&hellip;]<\/p>\n","protected":false},"author":1,"featured_media":0,"parent":0,"menu_order":0,"comment_status":"closed","ping_status":"closed","template":"template-fullwidth.php","meta":{"footnotes":""},"class_list":["post-612","page","type-page","status-publish","hentry"],"yoast_head":"<!-- This site is optimized with the Yoast SEO plugin v26.3 - https:\/\/yoast.com\/wordpress\/plugins\/seo\/ -->\n<title>Sprachdienstleister f\u00fcr Mobilit\u00e4t \u2013 \u00dcbersetzungen f\u00fcr die Mobilit\u00e4tsbranche<\/title>\n<meta name=\"description\" content=\"Ihr Sprachdienstleister f\u00fcr Mobilit\u00e4t. Von der technischen \u00dcbersetzung im Bereich Automobiltechnik bis zur Marketing-Lokalisierung f\u00fcr Mobilit\u00e4tsl\u00f6sungen.\" \/>\n<meta name=\"robots\" content=\"index, follow, max-snippet:-1, max-image-preview:large, max-video-preview:-1\" \/>\n<link rel=\"canonical\" href=\"https:\/\/translationsformobility.com\/de\/fachgebiete\/\" \/>\n<meta property=\"og:locale\" content=\"de_DE\" \/>\n<meta property=\"og:type\" content=\"article\" \/>\n<meta property=\"og:title\" content=\"Sprachdienstleister f\u00fcr Mobilit\u00e4t \u2013 \u00dcbersetzungen f\u00fcr die Mobilit\u00e4tsbranche\" \/>\n<meta property=\"og:description\" content=\"Ihr Sprachdienstleister f\u00fcr Mobilit\u00e4t. Von der technischen \u00dcbersetzung im Bereich Automobiltechnik bis zur Marketing-Lokalisierung f\u00fcr Mobilit\u00e4tsl\u00f6sungen.\" \/>\n<meta property=\"og:url\" content=\"https:\/\/translationsformobility.com\/de\/fachgebiete\/\" \/>\n<meta property=\"og:site_name\" content=\"Translationsformobility.com\" \/>\n<meta property=\"article:modified_time\" content=\"2019-07-10T12:08:33+00:00\" \/>\n<meta name=\"twitter:card\" content=\"summary_large_image\" \/>\n<meta name=\"twitter:label1\" content=\"Gesch\u00e4tzte Lesezeit\" \/>\n\t<meta name=\"twitter:data1\" content=\"3\u00a0Minuten\" \/>\n<script type=\"application\/ld+json\" class=\"yoast-schema-graph\">{\"@context\":\"https:\/\/schema.org\",\"@graph\":[{\"@type\":\"WebPage\",\"@id\":\"https:\/\/translationsformobility.com\/de\/fachgebiete\/\",\"url\":\"https:\/\/translationsformobility.com\/de\/fachgebiete\/\",\"name\":\"Sprachdienstleister f\u00fcr Mobilit\u00e4t \u2013 \u00dcbersetzungen f\u00fcr die Mobilit\u00e4tsbranche\",\"isPartOf\":{\"@id\":\"https:\/\/translationsformobility.com\/#website\"},\"datePublished\":\"2019-02-20T10:51:21+00:00\",\"dateModified\":\"2019-07-10T12:08:33+00:00\",\"description\":\"Ihr Sprachdienstleister f\u00fcr Mobilit\u00e4t. Von der technischen \u00dcbersetzung im Bereich Automobiltechnik bis zur Marketing-Lokalisierung f\u00fcr Mobilit\u00e4tsl\u00f6sungen.\",\"breadcrumb\":{\"@id\":\"https:\/\/translationsformobility.com\/de\/fachgebiete\/#breadcrumb\"},\"inLanguage\":\"de\",\"potentialAction\":[{\"@type\":\"ReadAction\",\"target\":[\"https:\/\/translationsformobility.com\/de\/fachgebiete\/\"]}]},{\"@type\":\"BreadcrumbList\",\"@id\":\"https:\/\/translationsformobility.com\/de\/fachgebiete\/#breadcrumb\",\"itemListElement\":[{\"@type\":\"ListItem\",\"position\":1,\"name\":\"Home\",\"item\":\"https:\/\/translationsformobility.com\/de\/\"},{\"@type\":\"ListItem\",\"position\":2,\"name\":\"Fachgebiete\"}]},{\"@type\":\"WebSite\",\"@id\":\"https:\/\/translationsformobility.com\/#website\",\"url\":\"https:\/\/translationsformobility.com\/\",\"name\":\"Translationsformobility.com\",\"description\":\"Translations for mobility\",\"potentialAction\":[{\"@type\":\"SearchAction\",\"target\":{\"@type\":\"EntryPoint\",\"urlTemplate\":\"https:\/\/translationsformobility.com\/?s={search_term_string}\"},\"query-input\":{\"@type\":\"PropertyValueSpecification\",\"valueRequired\":true,\"valueName\":\"search_term_string\"}}],\"inLanguage\":\"de\"}]}<\/script>\n<!-- \/ Yoast SEO plugin. -->","yoast_head_json":{"title":"Sprachdienstleister f\u00fcr Mobilit\u00e4t \u2013 \u00dcbersetzungen f\u00fcr die Mobilit\u00e4tsbranche","description":"Ihr Sprachdienstleister f\u00fcr Mobilit\u00e4t. Von der technischen \u00dcbersetzung im Bereich Automobiltechnik bis zur Marketing-Lokalisierung f\u00fcr Mobilit\u00e4tsl\u00f6sungen.","robots":{"index":"index","follow":"follow","max-snippet":"max-snippet:-1","max-image-preview":"max-image-preview:large","max-video-preview":"max-video-preview:-1"},"canonical":"https:\/\/translationsformobility.com\/de\/fachgebiete\/","og_locale":"de_DE","og_type":"article","og_title":"Sprachdienstleister f\u00fcr Mobilit\u00e4t \u2013 \u00dcbersetzungen f\u00fcr die Mobilit\u00e4tsbranche","og_description":"Ihr Sprachdienstleister f\u00fcr Mobilit\u00e4t. Von der technischen \u00dcbersetzung im Bereich Automobiltechnik bis zur Marketing-Lokalisierung f\u00fcr Mobilit\u00e4tsl\u00f6sungen.","og_url":"https:\/\/translationsformobility.com\/de\/fachgebiete\/","og_site_name":"Translationsformobility.com","article_modified_time":"2019-07-10T12:08:33+00:00","twitter_card":"summary_large_image","twitter_misc":{"Gesch\u00e4tzte Lesezeit":"3\u00a0Minuten"},"schema":{"@context":"https:\/\/schema.org","@graph":[{"@type":"WebPage","@id":"https:\/\/translationsformobility.com\/de\/fachgebiete\/","url":"https:\/\/translationsformobility.com\/de\/fachgebiete\/","name":"Sprachdienstleister f\u00fcr Mobilit\u00e4t \u2013 \u00dcbersetzungen f\u00fcr die Mobilit\u00e4tsbranche","isPartOf":{"@id":"https:\/\/translationsformobility.com\/#website"},"datePublished":"2019-02-20T10:51:21+00:00","dateModified":"2019-07-10T12:08:33+00:00","description":"Ihr Sprachdienstleister f\u00fcr Mobilit\u00e4t. Von der technischen \u00dcbersetzung im Bereich Automobiltechnik bis zur Marketing-Lokalisierung f\u00fcr Mobilit\u00e4tsl\u00f6sungen.","breadcrumb":{"@id":"https:\/\/translationsformobility.com\/de\/fachgebiete\/#breadcrumb"},"inLanguage":"de","potentialAction":[{"@type":"ReadAction","target":["https:\/\/translationsformobility.com\/de\/fachgebiete\/"]}]},{"@type":"BreadcrumbList","@id":"https:\/\/translationsformobility.com\/de\/fachgebiete\/#breadcrumb","itemListElement":[{"@type":"ListItem","position":1,"name":"Home","item":"https:\/\/translationsformobility.com\/de\/"},{"@type":"ListItem","position":2,"name":"Fachgebiete"}]},{"@type":"WebSite","@id":"https:\/\/translationsformobility.com\/#website","url":"https:\/\/translationsformobility.com\/","name":"Translationsformobility.com","description":"Translations for mobility","potentialAction":[{"@type":"SearchAction","target":{"@type":"EntryPoint","urlTemplate":"https:\/\/translationsformobility.com\/?s={search_term_string}"},"query-input":{"@type":"PropertyValueSpecification","valueRequired":true,"valueName":"search_term_string"}}],"inLanguage":"de"}]}},"_links":{"self":[{"href":"https:\/\/translationsformobility.com\/de\/wp-json\/wp\/v2\/pages\/612","targetHints":{"allow":["GET"]}}],"collection":[{"href":"https:\/\/translationsformobility.com\/de\/wp-json\/wp\/v2\/pages"}],"about":[{"href":"https:\/\/translationsformobility.com\/de\/wp-json\/wp\/v2\/types\/page"}],"author":[{"embeddable":true,"href":"https:\/\/translationsformobility.com\/de\/wp-json\/wp\/v2\/users\/1"}],"replies":[{"embeddable":true,"href":"https:\/\/translationsformobility.com\/de\/wp-json\/wp\/v2\/comments?post=612"}],"version-history":[{"count":10,"href":"https:\/\/translationsformobility.com\/de\/wp-json\/wp\/v2\/pages\/612\/revisions"}],"predecessor-version":[{"id":812,"href":"https:\/\/translationsformobility.com\/de\/wp-json\/wp\/v2\/pages\/612\/revisions\/812"}],"wp:attachment":[{"href":"https:\/\/translationsformobility.com\/de\/wp-json\/wp\/v2\/media?parent=612"}],"curies":[{"name":"wp","href":"https:\/\/api.w.org\/{rel}","templated":true}]}}