{"id":608,"date":"2018-01-11T15:50:57","date_gmt":"2018-01-11T15:50:57","guid":{"rendered":"https:\/\/translationsformobility.com\/about\/"},"modified":"2024-11-22T18:31:37","modified_gmt":"2024-11-22T18:31:37","slug":"ueber-uns","status":"publish","type":"page","link":"https:\/\/translationsformobility.com\/de\/ueber-uns\/","title":{"rendered":"\u00dcber uns"},"content":{"rendered":"<section class=\"wpb-content-wrapper\"><p>[vc_row][vc_column]    <section\r\n\t\t            class=\" vc_custom_1553857153074\">\r\n        <div class=\"block no-padding\">\r\n            <div class=\"banner-section\">\r\n\t\t\t\t                    <img decoding=\"async\" alt=\"\" class=\"img-responsive\"\r\n                         src=\"https:\/\/translationsformobility.com\/wp-content\/uploads\/2019\/03\/Depositphotos_9693275_l-2015.jpg\">\r\n\t\t\t\t\t\r\n            <\/div><!--banner-section end-->\r\n        <\/div>\r\n    <\/section>\r\n\r\n\r\n\t    <section\r\n\t\t\r\n            class=\"\">\r\n        <div class=\"block\">\r\n            <div class=\"container\">\r\n                <div class=\"about-us\">\r\n                    <h3 class=\"heading-title\r\n                                          \"><\/h3>\r\n\t                \n<h3 class=\"heading-title\" style=\"margin-bottom: 50px; text-align: center;\">Eine <span class=\"highlight\">\u00dcbersetzungsagentur<\/span> mit Leidenschaft f\u00fcr Mobilit\u00e4t<\/h3>\nMobilit\u00e4t ist nicht nur unser Fachgebiet, sondern auch der Leitfaden f\u00fcr die Zusammenarbeit mit unseren Kunden. Beweglich und zukunftsorientiert schaffen wir ma\u00dfgeschneiderte und integrierte Sprachdienstleistungen, ob \u00dcbersetzung der <span class=\"highlight\">technischen Dokumentation<\/span>, zielgruppenspezifische <span class=\"highlight\">Marketing\u00fcbersetzungen<\/span> oder <span class=\"highlight\">Software-Lokalisierung<\/span>. Unser internes Team und unsere qualifizierten externen Fach\u00fcbersetzer waren teils selbst in der Automobilindustrie t\u00e4tig, und alle haben langj\u00e4hrige \u00dcbersetzungserfahrung rund um Mobilit\u00e4t: von Maschinenbau \u00fcber Infrastruktur bis hin zu Elektronik oder Infotainment.                <\/div><!--about-us end-->\r\n            <\/div>\r\n        <\/div><!--about-section end-->\r\n    <\/section>\r\n\r\n\r\n\t[vc_row_inner el_class=&#8220;container&#8220;][vc_column_inner el_class=&#8220;wft-top-90&#8243; width=&#8220;1\/3&#8243;][vc_column_text]<\/p>\n<ul>\n<li>Die Zertifizierung nach ISO 17100 ist Ihre Garantie f\u00fcr Professionalit\u00e4t.<\/li>\n<\/ul>\n<p>[\/vc_column_text][\/vc_column_inner][vc_column_inner el_class=&#8220;wft-top-90&#8243; width=&#8220;1\/3&#8243;][vc_column_text]<\/p>\n<ul>\n<li>Wir kennen alle unsere handverlesenen \u00dcbersetzer pers\u00f6nlich.<\/li>\n<\/ul>\n<p>[\/vc_column_text][\/vc_column_inner][vc_column_inner el_class=&#8220;wft-top-90&#8243; width=&#8220;1\/3&#8243;][vc_column_text]<\/p>\n<ul>\n<li>Eine \u00dcbersetzungsagentur aus Deutschland mit Standort Europa.<\/li>\n<\/ul>\n<p>[\/vc_column_text][\/vc_column_inner][\/vc_row_inner][vc_empty_space height=&#8220;30px&#8220;]\r\n    <section\r\n\t\t\r\n            class=\" vc_custom_1598543258549\">\r\n        <div class=\"construct-info\">\r\n            <div class=\"container\">\r\n                <div class=\"row\">\r\n                    <div class=\"col-lg-10\">\r\n                        <div class=\"construct-details\">\r\n\t                        \n<h2 style=\"padding-top: 0px; left: 40px; margin-bottom: 20px;\">Unser Werdegang<\/h2>\n<p class=\"left-distance\">Dexit wurde 2006 von zwei ehemaligen Italienisch-\u00dcbersetzern der Sprachabteilung eines deutschen Automobilkonzerns als \u00dcbersetzernetzwerk ins Leben gerufen. So war die sprachliche Ausrichtung anfangs auch auf Italienisch und Deutsch fokussiert. Mit den wachsenden Anforderungen folgte 2010 die Gr\u00fcndung der GmbH in Braunschweig.\n<p class=\"left-distance\">Seit Beginn hat die Schulung und Entwicklung der Menschen in unserem internen und externen Team zentrale Bedeutung. Dazu geh\u00f6ren etwa die Zusammenarbeit mit Hochschulen wie der Universit\u00e4t Sassari oder langfristige Praktika f\u00fcr Studenten und Berufseinsteiger. Einer dieser Praktikanten ist inzwischen unser Vendor Manager, und auch einige unserer Stamm\u00fcbersetzer sind aus dieser Investition in Aus- und Weiterbildung hervorgegangen.\n<p class=\"left-distance\">Heute besteht das Team aus drei internen Mitarbeitern, zwei externen Projektmanagern plus 12 eng und langj\u00e4hrig mit Dexit verbundenen muttersprachlichen Stamm\u00fcbersetzern, bedarfs- und themenspezifisch erg\u00e4nzt durch qualifizierte Freelancer, die das exakt auf Ihr Projekt abgestimmte Know-how mitbringen.\n\r\n                        <\/div><!--construct-details end-->\r\n                    <\/div>\r\n                    <div class=\"col-lg-2\">\r\n                        <div class=\"about-img\">\r\n\t\t\t\t\t\t\t                                <img decoding=\"async\" alt=\"\" class=\"img-responsive\"\r\n                                     src=\"https:\/\/translationsformobility.com\/wp-content\/uploads\/2019\/02\/DEXIT-LOGOMARK-2-1.png\">\r\n\t\t\t\t\t\t\t\t                        <\/div><!--about-img end-->\r\n                    <\/div>\r\n                <\/div>\r\n            <\/div>\r\n        <\/div><!--construct-info end-->\r\n    <\/section>\r\n\r\n\r\n\t[vc_row_inner][vc_column_inner][vc_empty_space height=&#8220;60px&#8220;][vc_column_text]<\/p>\n<div class=\"title\">\n<h3 class=\"heading-title\" style=\"text-align: center;\">Das Team<\/h3>\n<\/div>\n<p>[\/vc_column_text][\/vc_column_inner][\/vc_row_inner][vc_row_inner el_class=&#8220;container no-block-padding&#8220;][vc_column_inner width=&#8220;1\/2&#8243; css=&#8220;.vc_custom_1552992787472{margin-right: 0px !important;margin-left: 0px !important;padding-right: 0px !important;padding-left: 0px !important;}&#8220;]\r\n    <section\r\n\t\t\r\n            class=\"\">\r\n\r\n        <div class=\"block\">\r\n            <div class=\"container\">\r\n                <div class=\"director-info\">\r\n                    <div class=\"row\">\r\n                        <div class=\"col-lg-10\">\r\n                            <div class=\"contractor-details\">\r\n                                <div class=\"row\">\r\n                                    <div class=\"col-lg-6 col-md-6 col-sm-12\">\r\n                                        <div class=\"director-img\">\r\n\t\t\t\t\t\t\t\t\t\t\t                                                <img decoding=\"async\" alt=\"\" class=\"img-responsive\"\r\n                                                     src=\"https:\/\/translationsformobility.com\/wp-content\/uploads\/2019\/03\/IMG_20190315_124456-1.jpg\">\r\n\t\t\t\t\t\t\t\t\t\t\t\t\r\n                                        <\/div><!--director-img end-->\r\n                                    <\/div>\r\n                                    <div class=\"col-lg-6 col-md-6 col-sm-12\">\r\n                                        <div class=\"director-details\">\r\n                                            <h3>Antonio Gelsomino<\/h3>\r\n                                            <span>Mitinhaber und operative Leitung<\/span>\r\n                                            <p><\/p>\n<ul>\n<li>Antonio Gelsomino hat in Florenz Sprachwissenschaften studiert und ist staatlich gepr\u00fcfter \u00dcbersetzer.<\/li>\n<li>Vor der Dexit-Gr\u00fcndung war er Italienisch-Dozent an der Uni Kiel, Redakteur f\u00fcr das deutsch-italienische W\u00f6rterbuch Zanichelli-Klett und interner Linguist bei einem deutschen Automobilhersteller.<\/li>\n<li>Er lebt in Braunschweig und seiner zweiten Heimat in der N\u00e4he von Florenz.<\/li>\n<\/ul>\n<p><\/p>\r\n                                            <ul>\r\n\t\t\t\t\t\t\t\t\t\t\t\t                                                        <li>\r\n                                                            <a href=\"#\"\r\n                                                               ><i\r\n                                                                        class=\"lnr lnr-home\"><\/i>\r\n                                                            <\/a><\/li>\r\n\t\t\t\t\t\t\t\t\t\t\t\t\t\r\n                                            <\/ul>\r\n                                        <\/div><!--director-details end-->\r\n                                    <\/div>\r\n                                <\/div>\r\n                            <\/div><!--contractor-details end-->\r\n                        <\/div>\r\n                    <\/div>\r\n                <\/div><!--director-info end-->\r\n            <\/div>\r\n        <\/div>\r\n\r\n    <\/section>\r\n\r\n\r\n\t[\/vc_column_inner][vc_column_inner width=&#8220;1\/2&#8243; css=&#8220;.vc_custom_1552992795099{margin-right: 0px !important;margin-left: 0px !important;padding-right: 0px !important;padding-left: 0px !important;}&#8220;]\r\n    <section\r\n\t\t\r\n            class=\"\">\r\n\r\n        <div class=\"block\">\r\n            <div class=\"container\">\r\n                <div class=\"director-info\">\r\n                    <div class=\"row\">\r\n                        <div class=\"col-lg-10\">\r\n                            <div class=\"contractor-details\">\r\n                                <div class=\"row\">\r\n                                    <div class=\"col-lg-6 col-md-6 col-sm-12\">\r\n                                        <div class=\"director-img\">\r\n\t\t\t\t\t\t\t\t\t\t\t                                                <img decoding=\"async\" alt=\"\" class=\"img-responsive\"\r\n                                                     src=\"https:\/\/translationsformobility.com\/wp-content\/uploads\/2019\/03\/20190316_121433-3-1.jpg\">\r\n\t\t\t\t\t\t\t\t\t\t\t\t\r\n                                        <\/div><!--director-img end-->\r\n                                    <\/div>\r\n                                    <div class=\"col-lg-6 col-md-6 col-sm-12\">\r\n                                        <div class=\"director-details\">\r\n                                            <h3>Lorenzo Capitta<\/h3>\r\n                                            <span>Senior Linguist &amp; Projektmanager<\/span>\r\n                                            <p><\/p>\n<ul>\n<li>Lorenzo Capitta startete 2007 w\u00e4hrend seines Linguistikstudiums als Praktikant bei Dexit.<\/li>\n<li>Er hat als Freelancer f\u00fcr Verlage, den Automobilsektor und die Energie- und Umweltbranche \u00fcbersetzt.<\/li>\n<li>Lorenzo kommt aus Sardinien und lebte viele Jahre in seiner zweiten Wahlheimat Berlin.<\/li>\n<\/ul>\n<p><\/p>\r\n                                            <ul>\r\n\t\t\t\t\t\t\t\t\t\t\t\t                                                        <li>\r\n                                                            <a href=\"#\"\r\n                                                               ><i\r\n                                                                        class=\"lnr lnr-home\"><\/i>\r\n                                                            <\/a><\/li>\r\n\t\t\t\t\t\t\t\t\t\t\t\t\t\r\n                                            <\/ul>\r\n                                        <\/div><!--director-details end-->\r\n                                    <\/div>\r\n                                <\/div>\r\n                            <\/div><!--contractor-details end-->\r\n                        <\/div>\r\n                    <\/div>\r\n                <\/div><!--director-info end-->\r\n            <\/div>\r\n        <\/div>\r\n\r\n    <\/section>\r\n\r\n\r\n\t[\/vc_column_inner][\/vc_row_inner][vc_row_inner el_class=&#8220;container no-block-padding&#8220;][vc_column_inner width=&#8220;1\/2&#8243; css=&#8220;.vc_custom_1552992812050{margin-right: 0px !important;margin-left: 0px !important;padding-right: 0px !important;padding-left: 0px !important;}&#8220;]\r\n    <section\r\n\t\t\r\n            class=\"\">\r\n\r\n        <div class=\"block\">\r\n            <div class=\"container\">\r\n                <div class=\"director-info\">\r\n                    <div class=\"row\">\r\n                        <div class=\"col-lg-10\">\r\n                            <div class=\"contractor-details\">\r\n                                <div class=\"row\">\r\n                                    <div class=\"col-lg-6 col-md-6 col-sm-12\">\r\n                                        <div class=\"director-img\">\r\n\t\t\t\t\t\t\t\t\t\t\t                                                <img decoding=\"async\" alt=\"\" class=\"img-responsive\"\r\n                                                     src=\"https:\/\/translationsformobility.com\/wp-content\/uploads\/2019\/03\/02-1.jpg\">\r\n\t\t\t\t\t\t\t\t\t\t\t\t\r\n                                        <\/div><!--director-img end-->\r\n                                    <\/div>\r\n                                    <div class=\"col-lg-6 col-md-6 col-sm-12\">\r\n                                        <div class=\"director-details\">\r\n                                            <h3>Claudia Lampis<\/h3>\r\n                                            <span>Senior Linguist &amp; Projektmanagerin<\/span>\r\n                                            <p><\/p>\n<ul>\n<li>Claudia Lampis ist seit 2016 dabei, erst als Freelancerin und seit 2017 im Inhouse-Team.<\/li>\n<li>Nach ihrem Studium (Englisch und Spanisch) hat sie u. a. als Sprachlehrerin und im Marketing gearbeitet.<\/li>\n<li>2013 ist sie aus Italien erst nach Berlin gezogen und lebt seit 2016 in Braunschweig.<\/li>\n<\/ul>\n<p><\/p>\r\n                                            <ul>\r\n\t\t\t\t\t\t\t\t\t\t\t\t                                                        <li>\r\n                                                            <a href=\"#\"\r\n                                                               ><i\r\n                                                                        class=\"lnr lnr-home\"><\/i>\r\n                                                            <\/a><\/li>\r\n\t\t\t\t\t\t\t\t\t\t\t\t\t\r\n                                            <\/ul>\r\n                                        <\/div><!--director-details end-->\r\n                                    <\/div>\r\n                                <\/div>\r\n                            <\/div><!--contractor-details end-->\r\n                        <\/div>\r\n                    <\/div>\r\n                <\/div><!--director-info end-->\r\n            <\/div>\r\n        <\/div>\r\n\r\n    <\/section>\r\n\r\n\r\n\t[\/vc_column_inner][vc_column_inner width=&#8220;1\/2&#8243; css=&#8220;.vc_custom_1552992804512{margin-right: 0px !important;margin-left: 0px !important;padding-right: 0px !important;padding-left: 0px !important;}&#8220;]\r\n    <section\r\n\t\t\r\n            class=\"\">\r\n\r\n        <div class=\"block\">\r\n            <div class=\"container\">\r\n                <div class=\"director-info\">\r\n                    <div class=\"row\">\r\n                        <div class=\"col-lg-10\">\r\n                            <div class=\"contractor-details\">\r\n                                <div class=\"row\">\r\n                                    <div class=\"col-lg-6 col-md-6 col-sm-12\">\r\n                                        <div class=\"director-img\">\r\n\t\t\t\t\t\t\t\t\t\t\t                                                <img decoding=\"async\" alt=\"\" class=\"img-responsive\"\r\n                                                     src=\"https:\/\/translationsformobility.com\/wp-content\/uploads\/2019\/03\/IMG_20190315_122800-1.jpg\">\r\n\t\t\t\t\t\t\t\t\t\t\t\t\r\n                                        <\/div><!--director-img end-->\r\n                                    <\/div>\r\n                                    <div class=\"col-lg-6 col-md-6 col-sm-12\">\r\n                                        <div class=\"director-details\">\r\n                                            <h3>Carolyn Gelsomino<\/h3>\r\n                                            <span>Gesch\u00e4ftsf\u00fchrerin und Mitinhaberin<\/span>\r\n                                            <p><\/p>\n<ul>\n<li>Carolyn Gelsomino k\u00fcmmert sich vor allem um Qualit\u00e4tssicherung und New Business.<\/li>\n<li>Seit 2012 ist die staatlich gepr\u00fcfte \u00dcbersetzerin und Marketing-Fachfrau bei Dexit aktiv.<\/li>\n<li>Ihre Spezialgebiete sind Business, Marketing und Wirtschaft.<\/li>\n<\/ul>\n<p><\/p>\r\n                                            <ul>\r\n\t\t\t\t\t\t\t\t\t\t\t\t                                                        <li>\r\n                                                            <a href=\"#\"\r\n                                                               ><i\r\n                                                                        class=\"lnr lnr-home\"><\/i>\r\n                                                            <\/a><\/li>\r\n\t\t\t\t\t\t\t\t\t\t\t\t\t\r\n                                            <\/ul>\r\n                                        <\/div><!--director-details end-->\r\n                                    <\/div>\r\n                                <\/div>\r\n                            <\/div><!--contractor-details end-->\r\n                        <\/div>\r\n                    <\/div>\r\n                <\/div><!--director-info end-->\r\n            <\/div>\r\n        <\/div>\r\n\r\n    <\/section>\r\n\r\n\r\n\t[\/vc_column_inner][\/vc_row_inner][vc_row_inner][vc_column_inner][vc_empty_space height=&#8220;60px&#8220;][\/vc_column_inner][\/vc_row_inner][\/vc_column][\/vc_row][vc_row css=&#8220;.vc_custom_1550678668227{background-color: #03253f !important;}&#8220;][vc_column][vc_row_inner el_class=&#8220;container&#8220;][vc_column_inner width=&#8220;2\/3&#8243;][vc_column_text]<\/p>\n<h3 style=\"text-align: center;\">Vertrauen Sie Ihre Botschaften einem Expertenteam an.<\/h3>\n<p>[\/vc_column_text][\/vc_column_inner][vc_column_inner width=&#8220;1\/3&#8243;][vc_btn title=&#8220;Angebot anfordern&#8220; style=&#8220;custom&#8220; custom_background=&#8220;#ffa800&#8243; custom_text=&#8220;#000000&#8243; shape=&#8220;square&#8220; align=&#8220;center&#8220; link=&#8220;url:http%3A%2F%2Ftranslationsformobility.com%2Fde%2Fkontakt%2F|||&#8220;][\/vc_column_inner][\/vc_row_inner][\/vc_column][\/vc_row]<\/p>\n<\/section>","protected":false},"excerpt":{"rendered":"<p>[vc_column_inner width=&#8220;1\/2&#8243; css=&#8220;.vc_custom_1552992795099{margin-right: 0px [&hellip;]<\/p>\n","protected":false},"author":1,"featured_media":0,"parent":0,"menu_order":0,"comment_status":"closed","ping_status":"closed","template":"template-fullwidth.php","meta":{"footnotes":""},"class_list":["post-608","page","type-page","status-publish","hentry"],"yoast_head":"<!-- This site is optimized with the Yoast SEO plugin v26.3 - https:\/\/yoast.com\/wordpress\/plugins\/seo\/ -->\n<title>\u00dcbersetzungsagentur im Automobilsektor - ISO 17100-zertifiziert<\/title>\n<meta name=\"description\" content=\"\u00dcbersetzungsagentur mit Leidenschaft Mobilit\u00e4t. Professionelle technische \u00dcbersetzungen, Softwarelokalisierung und mehr, in ISO-17100-zertifizierter Qualit\u00e4t.\" \/>\n<meta name=\"robots\" content=\"index, follow, max-snippet:-1, max-image-preview:large, max-video-preview:-1\" \/>\n<link rel=\"canonical\" href=\"https:\/\/translationsformobility.com\/de\/ueber-uns\/\" \/>\n<meta property=\"og:locale\" content=\"de_DE\" \/>\n<meta property=\"og:type\" content=\"article\" \/>\n<meta property=\"og:title\" content=\"\u00dcbersetzungsagentur im Automobilsektor - ISO 17100-zertifiziert\" \/>\n<meta property=\"og:description\" content=\"\u00dcbersetzungsagentur mit Leidenschaft Mobilit\u00e4t. Professionelle technische \u00dcbersetzungen, Softwarelokalisierung und mehr, in ISO-17100-zertifizierter Qualit\u00e4t.\" \/>\n<meta property=\"og:url\" content=\"https:\/\/translationsformobility.com\/de\/ueber-uns\/\" \/>\n<meta property=\"og:site_name\" content=\"Translationsformobility.com\" \/>\n<meta property=\"article:modified_time\" content=\"2024-11-22T18:31:37+00:00\" \/>\n<meta name=\"twitter:card\" content=\"summary_large_image\" \/>\n<meta name=\"twitter:label1\" content=\"Gesch\u00e4tzte Lesezeit\" \/>\n\t<meta name=\"twitter:data1\" content=\"3\u00a0Minuten\" \/>\n<script type=\"application\/ld+json\" class=\"yoast-schema-graph\">{\"@context\":\"https:\/\/schema.org\",\"@graph\":[{\"@type\":\"WebPage\",\"@id\":\"https:\/\/translationsformobility.com\/de\/ueber-uns\/\",\"url\":\"https:\/\/translationsformobility.com\/de\/ueber-uns\/\",\"name\":\"\u00dcbersetzungsagentur im Automobilsektor - ISO 17100-zertifiziert\",\"isPartOf\":{\"@id\":\"https:\/\/translationsformobility.com\/#website\"},\"datePublished\":\"2018-01-11T15:50:57+00:00\",\"dateModified\":\"2024-11-22T18:31:37+00:00\",\"description\":\"\u00dcbersetzungsagentur mit Leidenschaft Mobilit\u00e4t. Professionelle technische \u00dcbersetzungen, Softwarelokalisierung und mehr, in ISO-17100-zertifizierter Qualit\u00e4t.\",\"breadcrumb\":{\"@id\":\"https:\/\/translationsformobility.com\/de\/ueber-uns\/#breadcrumb\"},\"inLanguage\":\"de\",\"potentialAction\":[{\"@type\":\"ReadAction\",\"target\":[\"https:\/\/translationsformobility.com\/de\/ueber-uns\/\"]}]},{\"@type\":\"BreadcrumbList\",\"@id\":\"https:\/\/translationsformobility.com\/de\/ueber-uns\/#breadcrumb\",\"itemListElement\":[{\"@type\":\"ListItem\",\"position\":1,\"name\":\"Home\",\"item\":\"https:\/\/translationsformobility.com\/de\/\"},{\"@type\":\"ListItem\",\"position\":2,\"name\":\"\u00dcber uns\"}]},{\"@type\":\"WebSite\",\"@id\":\"https:\/\/translationsformobility.com\/#website\",\"url\":\"https:\/\/translationsformobility.com\/\",\"name\":\"Translationsformobility.com\",\"description\":\"Translations for mobility\",\"potentialAction\":[{\"@type\":\"SearchAction\",\"target\":{\"@type\":\"EntryPoint\",\"urlTemplate\":\"https:\/\/translationsformobility.com\/?s={search_term_string}\"},\"query-input\":{\"@type\":\"PropertyValueSpecification\",\"valueRequired\":true,\"valueName\":\"search_term_string\"}}],\"inLanguage\":\"de\"}]}<\/script>\n<!-- \/ Yoast SEO plugin. -->","yoast_head_json":{"title":"\u00dcbersetzungsagentur im Automobilsektor - ISO 17100-zertifiziert","description":"\u00dcbersetzungsagentur mit Leidenschaft Mobilit\u00e4t. Professionelle technische \u00dcbersetzungen, Softwarelokalisierung und mehr, in ISO-17100-zertifizierter Qualit\u00e4t.","robots":{"index":"index","follow":"follow","max-snippet":"max-snippet:-1","max-image-preview":"max-image-preview:large","max-video-preview":"max-video-preview:-1"},"canonical":"https:\/\/translationsformobility.com\/de\/ueber-uns\/","og_locale":"de_DE","og_type":"article","og_title":"\u00dcbersetzungsagentur im Automobilsektor - ISO 17100-zertifiziert","og_description":"\u00dcbersetzungsagentur mit Leidenschaft Mobilit\u00e4t. Professionelle technische \u00dcbersetzungen, Softwarelokalisierung und mehr, in ISO-17100-zertifizierter Qualit\u00e4t.","og_url":"https:\/\/translationsformobility.com\/de\/ueber-uns\/","og_site_name":"Translationsformobility.com","article_modified_time":"2024-11-22T18:31:37+00:00","twitter_card":"summary_large_image","twitter_misc":{"Gesch\u00e4tzte Lesezeit":"3\u00a0Minuten"},"schema":{"@context":"https:\/\/schema.org","@graph":[{"@type":"WebPage","@id":"https:\/\/translationsformobility.com\/de\/ueber-uns\/","url":"https:\/\/translationsformobility.com\/de\/ueber-uns\/","name":"\u00dcbersetzungsagentur im Automobilsektor - ISO 17100-zertifiziert","isPartOf":{"@id":"https:\/\/translationsformobility.com\/#website"},"datePublished":"2018-01-11T15:50:57+00:00","dateModified":"2024-11-22T18:31:37+00:00","description":"\u00dcbersetzungsagentur mit Leidenschaft Mobilit\u00e4t. Professionelle technische \u00dcbersetzungen, Softwarelokalisierung und mehr, in ISO-17100-zertifizierter Qualit\u00e4t.","breadcrumb":{"@id":"https:\/\/translationsformobility.com\/de\/ueber-uns\/#breadcrumb"},"inLanguage":"de","potentialAction":[{"@type":"ReadAction","target":["https:\/\/translationsformobility.com\/de\/ueber-uns\/"]}]},{"@type":"BreadcrumbList","@id":"https:\/\/translationsformobility.com\/de\/ueber-uns\/#breadcrumb","itemListElement":[{"@type":"ListItem","position":1,"name":"Home","item":"https:\/\/translationsformobility.com\/de\/"},{"@type":"ListItem","position":2,"name":"\u00dcber uns"}]},{"@type":"WebSite","@id":"https:\/\/translationsformobility.com\/#website","url":"https:\/\/translationsformobility.com\/","name":"Translationsformobility.com","description":"Translations for mobility","potentialAction":[{"@type":"SearchAction","target":{"@type":"EntryPoint","urlTemplate":"https:\/\/translationsformobility.com\/?s={search_term_string}"},"query-input":{"@type":"PropertyValueSpecification","valueRequired":true,"valueName":"search_term_string"}}],"inLanguage":"de"}]}},"_links":{"self":[{"href":"https:\/\/translationsformobility.com\/de\/wp-json\/wp\/v2\/pages\/608","targetHints":{"allow":["GET"]}}],"collection":[{"href":"https:\/\/translationsformobility.com\/de\/wp-json\/wp\/v2\/pages"}],"about":[{"href":"https:\/\/translationsformobility.com\/de\/wp-json\/wp\/v2\/types\/page"}],"author":[{"embeddable":true,"href":"https:\/\/translationsformobility.com\/de\/wp-json\/wp\/v2\/users\/1"}],"replies":[{"embeddable":true,"href":"https:\/\/translationsformobility.com\/de\/wp-json\/wp\/v2\/comments?post=608"}],"version-history":[{"count":17,"href":"https:\/\/translationsformobility.com\/de\/wp-json\/wp\/v2\/pages\/608\/revisions"}],"predecessor-version":[{"id":906,"href":"https:\/\/translationsformobility.com\/de\/wp-json\/wp\/v2\/pages\/608\/revisions\/906"}],"wp:attachment":[{"href":"https:\/\/translationsformobility.com\/de\/wp-json\/wp\/v2\/media?parent=608"}],"curies":[{"name":"wp","href":"https:\/\/api.w.org\/{rel}","templated":true}]}}