{"id":606,"date":"2018-01-11T15:24:53","date_gmt":"2018-01-11T15:24:53","guid":{"rendered":"https:\/\/translationsformobility.com\/contact\/"},"modified":"2024-11-22T18:12:52","modified_gmt":"2024-11-22T18:12:52","slug":"kontakt","status":"publish","type":"page","link":"https:\/\/translationsformobility.com\/de\/kontakt\/","title":{"rendered":"Kontakt"},"content":{"rendered":"<section class=\"wpb-content-wrapper\"><p>[vc_row][vc_column]    <section\r\n\t\t            class=\"\">\r\n        <div class=\"block no-padding\">\r\n            <div class=\"banner-section\">\r\n\t\t\t\t                    <img decoding=\"async\" alt=\"\" class=\"img-responsive\"\r\n                         src=\"https:\/\/translationsformobility.com\/wp-content\/uploads\/2019\/03\/pexels-photo-1427107-1.jpg\">\r\n\t\t\t\t\t\r\n            <\/div><!--banner-section end-->\r\n        <\/div>\r\n    <\/section>\r\n\r\n\r\n\t\r\n    <section\r\n\t\t\r\n            class=\" \">\r\n\r\n        <div class=\"contact-info-sec\">\r\n            <div class=\"container\">\r\n                <div class=\"cntct-details\">\r\n                    <div class=\"row\">\r\n                        <div class=\"col-lg-6\">\r\n                            <div class=\"contact-address\">\r\n\t\t\t\t\t\t\t\t<h2>Bew\u00e4hrte <span class=\"highlight\">Fach\u00fcbersetzungen<\/span> f\u00fcr den Mobilit\u00e4tssektor<\/h2>\n<p>Ob Sie einen Revisor f\u00fcr Italienisch suchen, ein technisches Dokument aus dem Franz\u00f6sischen \u00fcbersetzt werden soll oder Sie eine sprachgesteuerte App auf Spanisch testen m\u00f6chten: Vertrauen Sie auf spezialisierte \u00dcbersetzungsdienste, langj\u00e4hrige Erfahrung und bew\u00e4hrtes Fachwissen.<\/p>\n\n<p>Fordern Sie ein passgenaues <span class=\"highlight\">\u00dcbersetzungsangebot<\/span> an, oder lassen Sie uns in einem <span class=\"highlight\">unverbindlichen Beratungsgespr\u00e4ch<\/span> zusammen herausfinden, was wir f\u00fcr Sie tun k\u00f6nnen!<\/p>\n\r\n                            <\/div><!--contact-address end-->\r\n                        <\/div>\r\n                        <div class=\"col-lg-6\">\r\n                            <div class=\"contact-more-info\">\r\n                                <h5><\/h5>\r\n                                <h2>F\u00fcllen Sie dazu das Formular unten aus, oder kontaktieren Sie uns einfach direkt:<\/h2>\r\n\r\n\r\n\t\t\t\t\t\t\t\t\r\n                                        <div class=\"address\">\r\n                                            <h3>E-mail:<\/h3>\r\n\r\n\r\n\t\t\t\t\t\t\t\t\t\t\t                                                <span><a href=\"mailto:info@translationsformobility.com\">info@translationsformobility.com<\/a><\/span>\r\n\t\t\t\t\t\t\t\t\t\t\t\r\n\t\t\t\t\t\t\t\t\t\t\t                                                <ul>\r\n\t\t\t\t\t\t\t\t\t\t\t\t\t                                                        <li>\r\n\t\t\t\t\t\t\t\t\t\t\t\t\t\t\t                                                        <\/li>\r\n\t\t\t\t\t\t\t\t\t\t\t\t\t\t\r\n\r\n                                                <\/ul>\r\n\t\t\t\t\t\t\t\t\t\t\t                                        <\/div><!--address end-->\r\n\t\t\t\t\t\t\t\t\t\r\n                                        <div class=\"address\">\r\n                                            <h3>Telefon:<\/h3>\r\n\r\n\r\n\t\t\t\t\t\t\t\t\t\t\t                                                <span>+49 (0)176 \/ 64 46 83 53<\/span>\r\n\t\t\t\t\t\t\t\t\t\t\t\r\n\t\t\t\t\t\t\t\t\t\t\t                                                <ul>\r\n\t\t\t\t\t\t\t\t\t\t\t\t\t                                                        <li>\r\n\t\t\t\t\t\t\t\t\t\t\t\t\t\t\t                                                        <\/li>\r\n\t\t\t\t\t\t\t\t\t\t\t\t\t\t\r\n\r\n                                                <\/ul>\r\n\t\t\t\t\t\t\t\t\t\t\t                                        <\/div><!--address end-->\r\n\t\t\t\t\t\t\t\t\t\r\n                                        <div class=\"address\">\r\n                                            <h3><\/h3>\r\n\r\n\r\n\t\t\t\t\t\t\t\t\t\t\t                                                <span><a target=\"_blank\" href=\"https:\/\/www.google.com\/maps\/place\/An+d.+Forst+5,+38527+Meine,+Germany\/@52.3390733,10.53792,17z\/data=!4m6!3m5!1s0x47aff15d538fa60f:0x900a4944b9100d09!8m2!3d52.338946!4d10.5399401!16s%2Fg%2F11cp99d9f8?entry=ttu&amp;g_ep=EgoyMDI0MTExOS4yIKXMDSoASAFQAw%3D%3D\"><img decoding=\"async\" src=\"https:\/\/translationsformobility.com\/wp-content\/uploads\/2024\/11\/map.jpg\" \/><\/a><\/span>\r\n\t\t\t\t\t\t\t\t\t\t\t\r\n\t\t\t\t\t\t\t\t\t\t\t                                                <ul>\r\n\t\t\t\t\t\t\t\t\t\t\t\t\t                                                        <li>\r\n\t\t\t\t\t\t\t\t\t\t\t\t\t\t\t                                                        <\/li>\r\n\t\t\t\t\t\t\t\t\t\t\t\t\t\t\r\n\r\n                                                <\/ul>\r\n\t\t\t\t\t\t\t\t\t\t\t                                        <\/div><!--address end-->\r\n\t\t\t\t\t\t\t\t\t\r\n\r\n                            <\/div><!--contact-more-info end-->\r\n                        <\/div>\r\n                    <\/div>\r\n                <\/div><!--cntct-details end-->\r\n\t\t\t\t                    <div class=\"contact-form-sec\">\r\n                        <h3>Haben Sie Fragen? Kontaktieren Sie uns:<\/h3>\r\n\r\n\t\t\t\t\t\t\n<div class=\"wpcf7 no-js\" id=\"wpcf7-f652-o1\" lang=\"en-US\" dir=\"ltr\" data-wpcf7-id=\"652\">\n<div class=\"screen-reader-response\"><p role=\"status\" aria-live=\"polite\" aria-atomic=\"true\"><\/p> <ul><\/ul><\/div>\n<form action=\"\/de\/wp-json\/wp\/v2\/pages\/606#wpcf7-f652-o1\" method=\"post\" class=\"wpcf7-form init\" aria-label=\"Contact form\" novalidate=\"novalidate\" data-status=\"init\">\n<fieldset class=\"hidden-fields-container\"><input type=\"hidden\" name=\"_wpcf7\" value=\"652\" \/><input type=\"hidden\" name=\"_wpcf7_version\" value=\"6.1.3\" \/><input type=\"hidden\" name=\"_wpcf7_locale\" value=\"en_US\" \/><input type=\"hidden\" name=\"_wpcf7_unit_tag\" value=\"wpcf7-f652-o1\" \/><input type=\"hidden\" name=\"_wpcf7_container_post\" value=\"0\" \/><input type=\"hidden\" name=\"_wpcf7_posted_data_hash\" value=\"\" \/><input type=\"hidden\" name=\"_wpcf7_recaptcha_response\" value=\"\" \/>\n<\/fieldset>\n<div class=\"row\">\n\t<div class=\"col-lg-4\">\n\t\t<p><span class=\"wpcf7-form-control-wrap\" data-name=\"your-name\"><input size=\"40\" maxlength=\"400\" class=\"wpcf7-form-control wpcf7-text wpcf7-validates-as-required\" aria-required=\"true\" aria-invalid=\"false\" placeholder=\"Name*\" value=\"\" type=\"text\" name=\"your-name\" \/><\/span>\n\t\t<\/p>\n\t<\/div>\n\t<div class=\"col-lg-4\">\n\t\t<p><span class=\"wpcf7-form-control-wrap\" data-name=\"your-email\"><input size=\"40\" maxlength=\"400\" class=\"wpcf7-form-control wpcf7-email wpcf7-validates-as-required wpcf7-text wpcf7-validates-as-email\" aria-required=\"true\" aria-invalid=\"false\" placeholder=\"E-Mail*\" value=\"\" type=\"email\" name=\"your-email\" \/><\/span>\n\t\t<\/p>\n\t<\/div>\n\t<div class=\"col-lg-4\">\n\t\t<p><span class=\"wpcf7-form-control-wrap\" data-name=\"your-subject\"><input size=\"40\" maxlength=\"400\" class=\"wpcf7-form-control wpcf7-text\" aria-invalid=\"false\" placeholder=\"Thema (optional)\" value=\"\" type=\"text\" name=\"your-subject\" \/><\/span>\n\t\t<\/p>\n\t<\/div>\n\t<div class=\"col-lg-12\">\n\t\t<p><span class=\"wpcf7-form-control-wrap\" data-name=\"your-message\"><textarea cols=\"40\" rows=\"10\" maxlength=\"2000\" class=\"wpcf7-form-control wpcf7-textarea\" aria-invalid=\"false\" placeholder=\"Ihre Nachricht*\" name=\"your-message\"><\/textarea><\/span>\n\t\t<\/p>\n\t<\/div>\n\t<div class=\"col-lg-12 text-center\">\n\t\t<p><button  type=\"submit\" id=\"submit_3\">Abschicken<\/button>\n\t\t<\/p>\n\t<\/div>\n<\/div><div class=\"wpcf7-response-output\" aria-hidden=\"true\"><\/div>\n<\/form>\n<\/div>\n                    <\/div><!--contact-form-sec end-->\r\n\t\t\t\t            <\/div>\r\n        <\/div><!--contact-info-sec end-->\r\n    <\/section>\r\n\r\n\t[\/vc_column][\/vc_row]<\/p>\n<\/section>","protected":false},"excerpt":{"rendered":"<p>[\/vc_row]<\/p>\n","protected":false},"author":1,"featured_media":0,"parent":0,"menu_order":0,"comment_status":"closed","ping_status":"closed","template":"template-fullwidth.php","meta":{"footnotes":""},"class_list":["post-606","page","type-page","status-publish","hentry"],"yoast_head":"<!-- This site is optimized with the Yoast SEO plugin v26.3 - https:\/\/yoast.com\/wordpress\/plugins\/seo\/ -->\n<title>Sprachdienstleister f\u00fcr Mobilit\u00e4t \u2013 technische \u00dcbersetzungen, Softwarelokalisierung<\/title>\n<meta name=\"description\" content=\"Bew\u00e4hrte technische \u00dcbersetzungen f\u00fcr den Mobilit\u00e4tssektor. Fordern Sie ein unverbindliches Angebot f\u00fcr Ihr \u00dcbersetzungsprojekt an!\" \/>\n<meta name=\"robots\" content=\"index, follow, max-snippet:-1, max-image-preview:large, max-video-preview:-1\" \/>\n<link rel=\"canonical\" href=\"https:\/\/translationsformobility.com\/de\/kontakt\/\" \/>\n<meta property=\"og:locale\" content=\"de_DE\" \/>\n<meta property=\"og:type\" content=\"article\" \/>\n<meta property=\"og:title\" content=\"Sprachdienstleister f\u00fcr Mobilit\u00e4t \u2013 technische \u00dcbersetzungen, Softwarelokalisierung\" \/>\n<meta property=\"og:description\" content=\"Bew\u00e4hrte technische \u00dcbersetzungen f\u00fcr den Mobilit\u00e4tssektor. Fordern Sie ein unverbindliches Angebot f\u00fcr Ihr \u00dcbersetzungsprojekt an!\" \/>\n<meta property=\"og:url\" content=\"https:\/\/translationsformobility.com\/de\/kontakt\/\" \/>\n<meta property=\"og:site_name\" content=\"Translationsformobility.com\" \/>\n<meta property=\"article:modified_time\" content=\"2024-11-22T18:12:52+00:00\" \/>\n<meta name=\"twitter:card\" content=\"summary_large_image\" \/>\n<meta name=\"twitter:label1\" content=\"Gesch\u00e4tzte Lesezeit\" \/>\n\t<meta name=\"twitter:data1\" content=\"1\u00a0Minute\" \/>\n<script type=\"application\/ld+json\" class=\"yoast-schema-graph\">{\"@context\":\"https:\/\/schema.org\",\"@graph\":[{\"@type\":\"WebPage\",\"@id\":\"https:\/\/translationsformobility.com\/de\/kontakt\/\",\"url\":\"https:\/\/translationsformobility.com\/de\/kontakt\/\",\"name\":\"Sprachdienstleister f\u00fcr Mobilit\u00e4t \u2013 technische \u00dcbersetzungen, Softwarelokalisierung\",\"isPartOf\":{\"@id\":\"https:\/\/translationsformobility.com\/#website\"},\"datePublished\":\"2018-01-11T15:24:53+00:00\",\"dateModified\":\"2024-11-22T18:12:52+00:00\",\"description\":\"Bew\u00e4hrte technische \u00dcbersetzungen f\u00fcr den Mobilit\u00e4tssektor. Fordern Sie ein unverbindliches Angebot f\u00fcr Ihr \u00dcbersetzungsprojekt an!\",\"breadcrumb\":{\"@id\":\"https:\/\/translationsformobility.com\/de\/kontakt\/#breadcrumb\"},\"inLanguage\":\"de\",\"potentialAction\":[{\"@type\":\"ReadAction\",\"target\":[\"https:\/\/translationsformobility.com\/de\/kontakt\/\"]}]},{\"@type\":\"BreadcrumbList\",\"@id\":\"https:\/\/translationsformobility.com\/de\/kontakt\/#breadcrumb\",\"itemListElement\":[{\"@type\":\"ListItem\",\"position\":1,\"name\":\"Home\",\"item\":\"https:\/\/translationsformobility.com\/de\/\"},{\"@type\":\"ListItem\",\"position\":2,\"name\":\"Kontakt\"}]},{\"@type\":\"WebSite\",\"@id\":\"https:\/\/translationsformobility.com\/#website\",\"url\":\"https:\/\/translationsformobility.com\/\",\"name\":\"Translationsformobility.com\",\"description\":\"Translations for mobility\",\"potentialAction\":[{\"@type\":\"SearchAction\",\"target\":{\"@type\":\"EntryPoint\",\"urlTemplate\":\"https:\/\/translationsformobility.com\/?s={search_term_string}\"},\"query-input\":{\"@type\":\"PropertyValueSpecification\",\"valueRequired\":true,\"valueName\":\"search_term_string\"}}],\"inLanguage\":\"de\"}]}<\/script>\n<!-- \/ Yoast SEO plugin. -->","yoast_head_json":{"title":"Sprachdienstleister f\u00fcr Mobilit\u00e4t \u2013 technische \u00dcbersetzungen, Softwarelokalisierung","description":"Bew\u00e4hrte technische \u00dcbersetzungen f\u00fcr den Mobilit\u00e4tssektor. Fordern Sie ein unverbindliches Angebot f\u00fcr Ihr \u00dcbersetzungsprojekt an!","robots":{"index":"index","follow":"follow","max-snippet":"max-snippet:-1","max-image-preview":"max-image-preview:large","max-video-preview":"max-video-preview:-1"},"canonical":"https:\/\/translationsformobility.com\/de\/kontakt\/","og_locale":"de_DE","og_type":"article","og_title":"Sprachdienstleister f\u00fcr Mobilit\u00e4t \u2013 technische \u00dcbersetzungen, Softwarelokalisierung","og_description":"Bew\u00e4hrte technische \u00dcbersetzungen f\u00fcr den Mobilit\u00e4tssektor. Fordern Sie ein unverbindliches Angebot f\u00fcr Ihr \u00dcbersetzungsprojekt an!","og_url":"https:\/\/translationsformobility.com\/de\/kontakt\/","og_site_name":"Translationsformobility.com","article_modified_time":"2024-11-22T18:12:52+00:00","twitter_card":"summary_large_image","twitter_misc":{"Gesch\u00e4tzte Lesezeit":"1\u00a0Minute"},"schema":{"@context":"https:\/\/schema.org","@graph":[{"@type":"WebPage","@id":"https:\/\/translationsformobility.com\/de\/kontakt\/","url":"https:\/\/translationsformobility.com\/de\/kontakt\/","name":"Sprachdienstleister f\u00fcr Mobilit\u00e4t \u2013 technische \u00dcbersetzungen, Softwarelokalisierung","isPartOf":{"@id":"https:\/\/translationsformobility.com\/#website"},"datePublished":"2018-01-11T15:24:53+00:00","dateModified":"2024-11-22T18:12:52+00:00","description":"Bew\u00e4hrte technische \u00dcbersetzungen f\u00fcr den Mobilit\u00e4tssektor. Fordern Sie ein unverbindliches Angebot f\u00fcr Ihr \u00dcbersetzungsprojekt an!","breadcrumb":{"@id":"https:\/\/translationsformobility.com\/de\/kontakt\/#breadcrumb"},"inLanguage":"de","potentialAction":[{"@type":"ReadAction","target":["https:\/\/translationsformobility.com\/de\/kontakt\/"]}]},{"@type":"BreadcrumbList","@id":"https:\/\/translationsformobility.com\/de\/kontakt\/#breadcrumb","itemListElement":[{"@type":"ListItem","position":1,"name":"Home","item":"https:\/\/translationsformobility.com\/de\/"},{"@type":"ListItem","position":2,"name":"Kontakt"}]},{"@type":"WebSite","@id":"https:\/\/translationsformobility.com\/#website","url":"https:\/\/translationsformobility.com\/","name":"Translationsformobility.com","description":"Translations for mobility","potentialAction":[{"@type":"SearchAction","target":{"@type":"EntryPoint","urlTemplate":"https:\/\/translationsformobility.com\/?s={search_term_string}"},"query-input":{"@type":"PropertyValueSpecification","valueRequired":true,"valueName":"search_term_string"}}],"inLanguage":"de"}]}},"_links":{"self":[{"href":"https:\/\/translationsformobility.com\/de\/wp-json\/wp\/v2\/pages\/606","targetHints":{"allow":["GET"]}}],"collection":[{"href":"https:\/\/translationsformobility.com\/de\/wp-json\/wp\/v2\/pages"}],"about":[{"href":"https:\/\/translationsformobility.com\/de\/wp-json\/wp\/v2\/types\/page"}],"author":[{"embeddable":true,"href":"https:\/\/translationsformobility.com\/de\/wp-json\/wp\/v2\/users\/1"}],"replies":[{"embeddable":true,"href":"https:\/\/translationsformobility.com\/de\/wp-json\/wp\/v2\/comments?post=606"}],"version-history":[{"count":10,"href":"https:\/\/translationsformobility.com\/de\/wp-json\/wp\/v2\/pages\/606\/revisions"}],"predecessor-version":[{"id":897,"href":"https:\/\/translationsformobility.com\/de\/wp-json\/wp\/v2\/pages\/606\/revisions\/897"}],"wp:attachment":[{"href":"https:\/\/translationsformobility.com\/de\/wp-json\/wp\/v2\/media?parent=606"}],"curies":[{"name":"wp","href":"https:\/\/api.w.org\/{rel}","templated":true}]}}