{"id":604,"date":"2018-01-11T12:43:51","date_gmt":"2018-01-11T12:43:51","guid":{"rendered":"https:\/\/translationsformobility.com\/front-page\/"},"modified":"2019-06-12T15:48:42","modified_gmt":"2019-06-12T15:48:42","slug":"front-page","status":"publish","type":"page","link":"https:\/\/translationsformobility.com\/de\/","title":{"rendered":"Home"},"content":{"rendered":"<section class=\"wpb-content-wrapper\"><p>[vc_row][vc_column] <main>    <section\r\n\t\t            class=\" main-slider style2\">\r\n<h2 style=\"display: none\">-<\/h2>\r\n        <div class=\"container\">\r\n\t\t\t<link href=\"https:\/\/fonts.googleapis.com\/css?family=Montserrat:700%2C400%2C600\" rel=\"stylesheet\" property=\"stylesheet\" type=\"text\/css\" media=\"all\">\n<div id=\"rev_slider_2_1_wrapper\" class=\"rev_slider_wrapper fullwidthbanner-container\" data-source=\"gallery\" style=\"margin:0px auto;background:transparent;padding:0px;margin-top:0px;margin-bottom:0px;\">\n<!-- START REVOLUTION SLIDER 5.4.8.1 fullwidth mode -->\n\t<div id=\"rev_slider_2_1\" class=\"rev_slider fullwidthabanner\" style=\"display:none;\" data-version=\"5.4.8.1\">\n<ul>\t<!-- SLIDE  -->\n\t<li data-index=\"rs-2\" data-transition=\"fade\" data-slotamount=\"default\" data-hideafterloop=\"0\" data-hideslideonmobile=\"off\"  data-easein=\"default\" data-easeout=\"default\" data-masterspeed=\"300\"  data-rotate=\"0\"  data-saveperformance=\"off\"  data-title=\"Slide\" data-param1=\"\" data-param2=\"\" data-param3=\"\" data-param4=\"\" data-param5=\"\" data-param6=\"\" data-param7=\"\" data-param8=\"\" data-param9=\"\" data-param10=\"\" data-description=\"\">\n\t\t<!-- MAIN IMAGE -->\n\t\t<img decoding=\"async\" src=\"https:\/\/translationsformobility.com\/wp-content\/uploads\/revslider\/home\/jake-blucker-147540-unsplash.jpg\"  alt=\"\" title=\"Home\"  data-bgposition=\"center center\" data-bgfit=\"cover\" data-bgrepeat=\"no-repeat\" class=\"rev-slidebg\" data-no-retina>\n\t\t<!-- LAYERS -->\n\n\t\t<!-- LAYER NR. 1 -->\n\t\t<div class=\"tp-caption   tp-resizeme\" \n\t\t\t id=\"slide-2-layer-1\" \n\t\t\t data-x=\"['center','center','center','center']\" data-hoffset=\"['0','0','0','0']\" \n\t\t\t data-y=\"['middle','middle','middle','middle']\" data-voffset=\"['-120','-100','-100','-40']\" \n\t\t\t\t\t\tdata-fontsize=\"['72','50','32','23']\"\n\t\t\tdata-lineheight=\"['82','50','37','23']\"\n\t\t\tdata-width=\"none\"\n\t\t\tdata-height=\"none\"\n\t\t\tdata-whitespace=\"nowrap\"\n \n\t\t\tdata-type=\"text\" \n\t\t\tdata-responsive_offset=\"on\" \n\n\t\t\tdata-frames='[{\"delay\":700,\"speed\":1500,\"frame\":\"0\",\"from\":\"y:[100%];z:0;rX:0deg;rY:0;rZ:0;sX:1;sY:1;skX:0;skY:0;opacity:0;\",\"mask\":\"x:0px;y:[100%];s:inherit;e:inherit;\",\"to\":\"o:1;\",\"ease\":\"Power3.easeOut\"},{\"delay\":\"wait\",\"speed\":1000,\"frame\":\"999\",\"to\":\"auto:auto;\",\"mask\":\"x:0;y:0;s:inherit;e:inherit;\",\"ease\":\"Power3.easeOut\"}]'\n\t\t\tdata-textAlign=\"['center','center','center','center']\"\n\t\t\tdata-paddingtop=\"[0,0,0,0]\"\n\t\t\tdata-paddingright=\"[0,0,0,0]\"\n\t\t\tdata-paddingbottom=\"[0,0,0,0]\"\n\t\t\tdata-paddingleft=\"[0,0,0,0]\"\n\n\t\t\tstyle=\"z-index: 5; white-space: nowrap; font-size: 72px; line-height: 82px; font-weight: 700; color: #ffffff; letter-spacing: 0px;font-family:Montserrat;\">Ihr Sprachdienstleister f\u00fcr Mobilit\u00e4t <\/div>\n\n\t\t<!-- LAYER NR. 2 -->\n\t\t<div class=\"tp-caption   tp-resizeme\" \n\t\t\t id=\"slide-2-layer-2\" \n\t\t\t data-x=\"['center','center','center','center']\" data-hoffset=\"['0','0','0','0']\" \n\t\t\t data-y=\"['middle','middle','middle','middle']\" data-voffset=\"['-35','-35','-35','30']\" \n\t\t\t\t\t\tdata-fontsize=\"['22','20','20','16']\"\n\t\t\tdata-lineheight=\"['24','20','20','17']\"\n\t\t\tdata-width=\"['none','800','600','330']\"\n\t\t\tdata-height=\"none\"\n\t\t\tdata-whitespace=\"['nowrap','normal','normal','normal']\"\n \n\t\t\tdata-type=\"text\" \n\t\t\tdata-responsive_offset=\"on\" \n\n\t\t\tdata-frames='[{\"delay\":1000,\"speed\":1500,\"frame\":\"0\",\"from\":\"y:[100%];z:0;rX:0deg;rY:0;rZ:0;sX:1;sY:1;skX:0;skY:0;opacity:0;\",\"mask\":\"x:0px;y:[100%];s:inherit;e:inherit;\",\"to\":\"o:1;\",\"ease\":\"Power3.easeOut\"},{\"delay\":\"wait\",\"speed\":1000,\"frame\":\"999\",\"to\":\"auto:auto;\",\"mask\":\"x:0;y:0;s:inherit;e:inherit;\",\"ease\":\"Power3.easeOut\"}]'\n\t\t\tdata-textAlign=\"['inherit','center','center','center']\"\n\t\t\tdata-paddingtop=\"[0,0,0,0]\"\n\t\t\tdata-paddingright=\"[0,0,0,0]\"\n\t\t\tdata-paddingbottom=\"[0,0,0,0]\"\n\t\t\tdata-paddingleft=\"[0,0,0,0]\"\n\n\t\t\tstyle=\"z-index: 6; white-space: nowrap; font-size: 22px; line-height: 24px; font-weight: 400; color: #ffffff; letter-spacing: 0px;font-family:Montserrat;text-transform:uppercase;\">SETZEN SIE AUF EINE <span style=\"color:#ffa800\">ISO-17100-ZERTIFIZIERTE<\/span> \u00dcBERSETZUNGSAGENTUR MIT BEW\u00c4HRTEM BRANCHEN-KNOW-HOW  <\/div>\n\n\t\t<!-- LAYER NR. 3 -->\n\t\t<div class=\"tp-caption rev-btn \" \n\t\t\t id=\"slide-2-layer-5\" \n\t\t\t data-x=\"['center','center','center','center']\" data-hoffset=\"['0','0','0','0']\" \n\t\t\t data-y=\"['middle','middle','middle','middle']\" data-voffset=\"['60','60','50','100']\" \n\t\t\t\t\t\tdata-fontsize=\"['18','15','18','14']\"\n\t\t\tdata-lineheight=\"['24','20','15','8']\"\n\t\t\tdata-width=\"none\"\n\t\t\tdata-height=\"none\"\n\t\t\tdata-whitespace=\"nowrap\"\n \n\t\t\tdata-type=\"button\" \n\t\t\tdata-actions='[{\"event\":\"click\",\"action\":\"simplelink\",\"target\":\"_self\",\"url\":\"http:\\\/\\\/translationsformobility.com\\\/de\\\/kontakt\\\/\",\"delay\":\"\"}]'\n\t\t\tdata-responsive_offset=\"on\" \n\t\t\tdata-responsive=\"off\"\n\t\t\tdata-frames='[{\"delay\":1500,\"speed\":2000,\"frame\":\"0\",\"from\":\"y:[100%];z:0;rX:0deg;rY:0;rZ:0;sX:1;sY:1;skX:0;skY:0;opacity:0;\",\"mask\":\"x:0px;y:[100%];s:inherit;e:inherit;\",\"to\":\"o:1;\",\"ease\":\"Power2.easeInOut\"},{\"delay\":\"wait\",\"speed\":1000,\"frame\":\"999\",\"to\":\"opacity:0;\",\"ease\":\"Power2.easeInOut\"},{\"frame\":\"hover\",\"speed\":\"0\",\"ease\":\"Linear.easeNone\",\"to\":\"o:1;rX:0;rY:0;rZ:0;z:0;\",\"style\":\"c:rgb(255,255,255);bg:rgba(255,255,255,0);bc:rgb(255,255,255);bw:2 2 2 2;\"}]'\n\t\t\tdata-textAlign=\"['inherit','inherit','inherit','inherit']\"\n\t\t\tdata-paddingtop=\"[20,17,15,15]\"\n\t\t\tdata-paddingright=\"[20,17,20,10]\"\n\t\t\tdata-paddingbottom=\"[20,17,15,15]\"\n\t\t\tdata-paddingleft=\"[20,17,20,10]\"\n\n\t\t\tstyle=\"z-index: 7; white-space: nowrap; font-size: 18px; line-height: 24px; font-weight: 600; color: #000000; letter-spacing: px;font-family:Montserrat;text-transform:uppercase;background-color:rgb(240,135,48);border-color:rgb(240,135,48);border-style:solid;border-width:2px 2px 2px 2px;outline:none;box-shadow:none;box-sizing:border-box;-moz-box-sizing:border-box;-webkit-box-sizing:border-box;cursor:pointer;\">Angebot anfordern <\/div>\n\t<\/li>\n<\/ul>\n<div class=\"tp-bannertimer tp-bottom\" style=\"visibility: hidden !important;\"><\/div>\t<\/div>\n<script>var htmlDiv = document.getElementById(\"rs-plugin-settings-inline-css\"); var htmlDivCss=\"\";\r\r\n\t\t\t\tif(htmlDiv) {\r\r\n\t\t\t\t\thtmlDiv.innerHTML = htmlDiv.innerHTML + htmlDivCss;\r\r\n\t\t\t\t}else{\r\r\n\t\t\t\t\tvar htmlDiv = document.createElement(\"div\");\r\r\n\t\t\t\t\thtmlDiv.innerHTML = \"<style>\" + htmlDivCss + \"<\/style>\";\r\r\n\t\t\t\t\tdocument.getElementsByTagName(\"head\")[0].appendChild(htmlDiv.childNodes[0]);\r\r\n\t\t\t\t}\r\r\n\t\t\t<\/script>\n\r\n\t\t<script type=\"text\/javascript\">\r\r\n\r\nif (setREVStartSize!==undefined) setREVStartSize(\r\r\n\t{c: '#rev_slider_2_1', responsiveLevels: [1240,1024,778,480], gridwidth: [1912,1024,778,472], gridheight: [1270,1049,797,480], sliderLayout: 'fullwidth'});\r\r\n\t\t\t\r\r\n\r\nvar revapi2,\r\r\n\ttpj;\t\r\r\n(function() {\t\t\t\r\r\n\tif (!\/loaded|interactive|complete\/.test(document.readyState)) document.addEventListener(\"DOMContentLoaded\",onLoad); else onLoad();\t\r\r\n\tfunction onLoad() {\t\t\t\t\r\r\n\t\tif (tpj===undefined) { tpj = jQuery; if(\"off\" == \"on\") tpj.noConflict();}\r\r\n\tif(tpj(\"#rev_slider_2_1\").revolution == undefined){\n\t\trevslider_showDoubleJqueryError(\"#rev_slider_2_1\");\n\t}else{\n\t\trevapi2 = tpj(\"#rev_slider_2_1\").show().revolution({\n\t\t\tsliderType:\"standard\",\n\t\t\tjsFileLocation:\"\/\/translationsformobility.com\/wp-content\/plugins\/revslider\/public\/assets\/js\/\",\n\t\t\tsliderLayout:\"fullwidth\",\n\t\t\tdottedOverlay:\"none\",\n\t\t\tdelay:9000,\n\t\t\tnavigation: {\n\t\t\t\tonHoverStop:\"off\",\n\t\t\t},\n\t\t\tresponsiveLevels:[1240,1024,778,480],\n\t\t\tvisibilityLevels:[1240,1024,778,480],\n\t\t\tgridwidth:[1912,1024,778,472],\n\t\t\tgridheight:[1270,1049,797,480],\n\t\t\tlazyType:\"none\",\n\t\t\tshadow:0,\n\t\t\tspinner:\"off\",\n\t\t\tstopLoop:\"off\",\n\t\t\tstopAfterLoops:-1,\n\t\t\tstopAtSlide:-1,\n\t\t\tshuffle:\"off\",\n\t\t\tautoHeight:\"off\",\n\t\t\tdisableProgressBar:\"on\",\n\t\t\thideThumbsOnMobile:\"off\",\n\t\t\thideSliderAtLimit:0,\n\t\t\thideCaptionAtLimit:0,\n\t\t\thideAllCaptionAtLilmit:0,\n\t\t\tdebugMode:false,\n\t\t\tfallbacks: {\n\t\t\t\tsimplifyAll:\"off\",\n\t\t\t\tnextSlideOnWindowFocus:\"off\",\n\t\t\t\tdisableFocusListener:false,\n\t\t\t}\n\t\t});\n\t}; \/* END OF revapi call *\/\n\t\n\r\n }; \/* END OF ON LOAD FUNCTION *\/\r\r\n}()); \/* END OF WRAPPING FUNCTION *\/\r\r\n<\/script>\r\r\n\t\t<\/div><!-- END REVOLUTION SLIDER -->\r\n\r\n            <div class=\"cntct-info\">\r\n                <div class=\"container\">\r\n                    <div class=\"cntct-info-details\">\r\n                        <div class=\"our-addrs-info\">\r\n                            <ul>\r\n                                <li>\r\n\t\t\t\t\t\t\t\t\tE-Mail:\r\n                                    <strong>&#105;n&#102;&#111;&#64;&#116;&#114;a&#110;&#115;l&#97;&#116;ion&#115;f&#111;&#114;m&#111;b&#105;lit&#121;.com<\/strong>\r\n                                <\/li>\r\n                                <li>\r\n\t\t\t\t\t\t\t\t\tTelefon:\r\n                                    <strong class=\"scnd\">0531 \u2013 290 62 36<\/strong>\r\n                                <\/li>\r\n                            <\/ul>\r\n                        <\/div><!--our-addrs-info end-->\r\n                        <div class=\"soc-links\">\r\n                            <ul>\r\n                                <li>  Follow us:<\/li>\r\n\t\t\t\t\t\t\t\t                                        <li>\r\n                                            <a href=\"#\"\r\n                                               ><i\r\n                                                        class=\"fa fa-twitter\"><\/i>\r\n                                            <\/a><\/li>\r\n\t\t\t\t\t\t\t\t\t                                        <li>\r\n                                            <a href=\"#\"\r\n                                               ><i\r\n                                                        class=\"fa fa-facebook\"><\/i>\r\n                                            <\/a><\/li>\r\n\t\t\t\t\t\t\t\t\t                                        <li>\r\n                                            <a href=\"#\"\r\n                                               ><i\r\n                                                        class=\"fa fa-google-plus\"><\/i>\r\n                                            <\/a><\/li>\r\n\t\t\t\t\t\t\t\t\t                                        <li>\r\n                                            <a href=\"#\"\r\n                                               ><i\r\n                                                        class=\"fa fa-instagram\"><\/i>\r\n                                            <\/a><\/li>\r\n\t\t\t\t\t\t\t\t\t                                        <li>\r\n                                            <a href=\"#\"\r\n                                               ><i\r\n                                                        class=\"fa fa-instagram\"><\/i>\r\n                                            <\/a><\/li>\r\n\t\t\t\t\t\t\t\t\t                                        <li>\r\n                                            <a href=\"#\"\r\n                                               ><i\r\n                                                        class=\"fa fa-rss\"><\/i>\r\n                                            <\/a><\/li>\r\n\t\t\t\t\t\t\t\t\t\r\n\r\n                            <\/ul>\r\n                        <\/div>\r\n                    <\/div><!--cntct-info-details end-->\r\n                <\/div>\r\n            <\/div><!--cntct-info end-->\r\n        <\/div>\r\n    <\/section>\r\n\r\n\t <\/main>[\/vc_column][\/vc_row][vc_row el_class=&#8220;container3&#8243;][vc_column el_class=&#8220;mg-top-minus no-lines wft-pading&#8220; css=&#8220;.vc_custom_1558347981894{background-color: #03253f !important;}&#8220;] <main>[vc_column_text]<\/p>\n<div class=\"spec-hd\" style=\"float: none; padding-left: 0px;\">\n<h2 style=\"text-align: center;\">Von <span class=\"highlight\">technischen \u00dcbersetzungen<\/span> bis zur <span class=\"highlight\">Softwarelokalisierung:<\/span> Wir unterst\u00fctzen den Mobilit\u00e4tssektor vom Start-up bis zum Global Player.<\/h2>\n<\/div>\n<p>[\/vc_column_text][vc_empty_space height=&#8220;40px&#8220;][vc_column_text]<\/p>\n<h3 style=\"text-align: center;\">Unsere Spezialgebiete:<\/h3>\n<p>[\/vc_column_text][vc_row_inner][vc_column_inner width=&#8220;1\/3&#8243;][vc_column_text]<\/p>\n<ul>\n<li>Automobilindustrie<\/li>\n<li>Maschinenbau<\/li>\n<li>Elektronik<\/li>\n<\/ul>\n<p>[\/vc_column_text][\/vc_column_inner][vc_column_inner width=&#8220;1\/3&#8243;][vc_column_text]<\/p>\n<ul>\n<li>Hard- und Software<\/li>\n<li>Mobility-as-a-Service<\/li>\n<li>Leasing und Vermietung<\/li>\n<\/ul>\n<p>[\/vc_column_text][\/vc_column_inner][vc_column_inner width=&#8220;1\/3&#8243;][vc_column_text]<\/p>\n<ul>\n<li>Transport und Logistik<\/li>\n<li>Mobilit\u00e4tsdienstleistungen<\/li>\n<li>Infrastruktur und Energie<\/li>\n<\/ul>\n<p>[\/vc_column_text][\/vc_column_inner][\/vc_row_inner][vc_btn title=&#8220;Erfahren Sie, was uns zu Mobilit\u00e4tsexperten macht&#8220; style=&#8220;custom&#8220; custom_background=&#8220;#ffa800&#8243; custom_text=&#8220;#000000&#8243; shape=&#8220;square&#8220; align=&#8220;center&#8220; link=&#8220;url:http%3A%2F%2Ftranslationsformobility.com%2Fde%2Ffachgebiete%2F|||&#8220;][vc_row_inner][vc_column_inner width=&#8220;1\/6&#8243;][\/vc_column_inner][vc_column_inner width=&#8220;2\/3&#8243;][vc_empty_space height=&#8220;60px&#8220;][vc_column_text]<\/p>\n<div class=\"spec-hd\" style=\"float: none; padding-left: 0px;\">\n<h3 style=\"text-align: center;\">MOBILIT\u00c4T IST UNSERE HANDLUNGSMAXIME<br \/>\nUND SPEZIALISIERUNG ZUGLEICH:<\/h3>\n<\/div>\n<p>[\/vc_column_text][vc_single_image image=&#8220;681&#8243; img_size=&#8220;full&#8220; alignment=&#8220;center&#8220;][\/vc_column_inner][vc_column_inner width=&#8220;1\/6&#8243;][\/vc_column_inner][\/vc_row_inner] <\/main>[\/vc_column][\/vc_row][vc_row el_class=&#8220;container3&#8243;][vc_column el_class=&#8220;bg2 mg-top-minus no-lines wft-pading2&#8243;] <main>[vc_row_inner][vc_column_inner][vc_column_text]<\/p>\n<h4 style=\"margin-bottom: 20px; text-align: center;\">Firmenkunden sch\u00e4tzen seit vielen Jahren das ganzheitliche Leistungsangebot von Dexit Translations \u2013 von der klassischen \u00dcbersetzung \u00fcber Transkreation bis hin zu Text-to-Speach-L\u00f6sungen, Softwarelokalisierung, Post-Editing, Terminologie-Management und Qualit\u00e4tsbewertungen.<\/h4>\n<h4 style=\"text-align: center;\">Mit Sprachdienstleistungen in unseren Kernsprachen <span class=\"highlight\">Deutsch und Englisch, Italienisch, Franz\u00f6sisch, Spanisch und Portugiesisch<\/span> helfen wir Unternehmen, Verb\u00e4nden und \u00f6ffentlichen Einrichtungen, wirksam mit ihren Zielgruppen zu kommunizieren, Investitionen zu sichern, Vertriebskan\u00e4le zu optimieren und die Kundenzufriedenheit zu steigern. Ob Sie eine technische \u00dcbersetzung ins Italienische oder eine Revision aus dem Spanischen brauchen: Mit unserer Erfahrung unserem spezialisierten Fachwissen sorgen wir daf\u00fcr, dass Ihr \u00dcbersetzungsprojekt zum Erfolg wird.<\/h4>\n<p>[\/vc_column_text][\/vc_column_inner][vc_column_inner width=&#8220;1\/3&#8243;][vc_column_text]<\/p>\n<div class=\"properties\" style=\"padding: 0px;\">\n<div class=\"choosing-que\">\n<h3>Arbeiten Sie mit einer innovativen, zukunftsorientierten Agentur.<\/h3>\n<p>Gest\u00fctzt auf aktuellste Technologien liefern wir ma\u00dfgeschneiderte \u00dcbersetzungsl\u00f6sungen.<\/p><\/div>\n<p><!--choosing-que end--><\/div>\n<p>[\/vc_column_text][\/vc_column_inner][vc_column_inner width=&#8220;1\/3&#8243;][vc_column_text]<\/p>\n<div class=\"properties\" style=\"padding: 0px;\">\n<div class=\"choosing-que\">\n<h3>Setzen Sie auf einen bew\u00e4hrten und erfahrenen Branchenexperten.<\/h3>\n<p>Wir fokussieren uns auf das, was wir am besten k\u00f6nnen \u2013 und seit mehr als 12 Jahren tun!<\/p><\/div>\n<p><!--choosing-que end--><\/div>\n<p>[\/vc_column_text][\/vc_column_inner][vc_column_inner width=&#8220;1\/3&#8243;][vc_column_text]<\/p>\n<div class=\"properties\" style=\"padding: 0px;\">\n<div class=\"choosing-que\">\n<h3>Profitieren Sie von einem europaweit aufgestellten, eingespielten Team.<\/h3>\n<p>Unsere handverlesenen, muttersprachlichen Fach\u00fcbersetzer kennen sich in Ihrer Branche aus.<\/p><\/div>\n<p><!--choosing-que end--><\/div>\n<p>[\/vc_column_text][\/vc_column_inner][\/vc_row_inner] <\/main>[\/vc_column][\/vc_row][vc_row el_class=&#8220;container3&#8243;][vc_column el_class=&#8220;wft-pading3&#8243;] <main>[vc_row_inner][vc_column_inner width=&#8220;1\/2&#8243;][vc_column_text]<\/p>\n<div class=\"spec-hd\" style=\"padding-left: 0px; text-align: left; margin-bottom: 20px;\">\n<h4>Gegr\u00fcndet von zwei ehemaligen Inhouse-\u00dcbersetzern eines deutschen Automobilkonzerns, ist Dexit auf ein eingespieltes Team aus internen und externen \u00dcbersetzern und Projektmanagern angewachsen, die auf den Automobil- und Mobilit\u00e4tssektor spezialisiert sind und von <span class=\"highlight\">langj\u00e4hriger Erfahrung auf Kundenseite<\/span> profitieren.<\/h4>\n<\/div>\n<p>[\/vc_column_text][vc_btn title=&#8220;Lernen Sie uns kennen&#8220; style=&#8220;custom&#8220; custom_background=&#8220;#ffa800&#8243; custom_text=&#8220;#000000&#8243; shape=&#8220;square&#8220; link=&#8220;url:http%3A%2F%2Ftranslationsformobility.com%2Fde%2Fueber-uns%2F|||&#8220;][\/vc_column_inner][vc_column_inner width=&#8220;1\/2&#8243;][vc_single_image image=&#8220;590&#8243; img_size=&#8220;full&#8220;][\/vc_column_inner][\/vc_row_inner] <\/main>[\/vc_column][\/vc_row][vc_row css=&#8220;.vc_custom_1550666911016{background-color: #03253f !important;}&#8220; el_class=&#8220;no-lines&#8220;][vc_column css=&#8220;.vc_custom_1550666525146{margin-bottom: -60px !important;padding-top: 60px !important;padding-right: 60px !important;padding-bottom: 90px !important;padding-left: 60px !important;}&#8220;] <main>[vc_row_inner el_class=&#8220;container3&#8243;][vc_column_inner width=&#8220;2\/3&#8243;][vc_column_text]<\/p>\n<h3>Gehen Sie mit Fach\u00fcbersetzungen von Automobilexperten auf Nummer sicher.<\/h3>\n<p>[\/vc_column_text][\/vc_column_inner][vc_column_inner width=&#8220;1\/3&#8243;][vc_btn title=&#8220;Angebot anfordern&#8220; style=&#8220;custom&#8220; custom_background=&#8220;#ffa800&#8243; custom_text=&#8220;#000000&#8243; shape=&#8220;square&#8220; align=&#8220;center&#8220; link=&#8220;url:http%3A%2F%2Ftranslationsformobility.com%2Fde%2Fkontakt%2F|||&#8220;][\/vc_column_inner][\/vc_row_inner] <\/main>[\/vc_column][\/vc_row]<\/p>\n<\/section>","protected":false},"excerpt":{"rendered":"<p>[\/vc_row]<\/p>\n","protected":false},"author":1,"featured_media":0,"parent":0,"menu_order":0,"comment_status":"closed","ping_status":"closed","template":"template-agency.php","meta":{"footnotes":""},"class_list":["post-604","page","type-page","status-publish","hentry"],"yoast_head":"<!-- This site is optimized with the Yoast SEO plugin v26.3 - https:\/\/yoast.com\/wordpress\/plugins\/seo\/ -->\n<title>\u00dcbersetzungen f\u00fcr die Automobilindustrie und Mobilit\u00e4t \u2013 ISO 17100-zertifiziert<\/title>\n<meta name=\"description\" content=\"Ihr Sprachdienstleister f\u00fcr Mobilit\u00e4t \u2013 Technische \u00dcbersetzungen, Softwarelokalisierung, Marketing-\u00dcbersetzungen und mehr vom Spezialisten f\u00fcr Mobilit\u00e4t.\" \/>\n<meta name=\"robots\" content=\"index, follow, max-snippet:-1, max-image-preview:large, max-video-preview:-1\" \/>\n<link rel=\"canonical\" href=\"https:\/\/translationsformobility.com\/de\/\" \/>\n<meta property=\"og:locale\" content=\"de_DE\" \/>\n<meta property=\"og:type\" content=\"article\" \/>\n<meta property=\"og:title\" content=\"\u00dcbersetzungen f\u00fcr die Automobilindustrie und Mobilit\u00e4t \u2013 ISO 17100-zertifiziert\" \/>\n<meta property=\"og:description\" content=\"Ihr Sprachdienstleister f\u00fcr Mobilit\u00e4t \u2013 Technische \u00dcbersetzungen, Softwarelokalisierung, Marketing-\u00dcbersetzungen und mehr vom Spezialisten f\u00fcr Mobilit\u00e4t.\" \/>\n<meta property=\"og:url\" content=\"https:\/\/translationsformobility.com\/de\/\" \/>\n<meta property=\"og:site_name\" content=\"Translationsformobility.com\" \/>\n<meta property=\"article:modified_time\" content=\"2019-06-12T15:48:42+00:00\" \/>\n<meta name=\"twitter:card\" content=\"summary_large_image\" \/>\n<meta name=\"twitter:label1\" content=\"Gesch\u00e4tzte Lesezeit\" \/>\n\t<meta name=\"twitter:data1\" content=\"4\u00a0Minuten\" \/>\n<script type=\"application\/ld+json\" class=\"yoast-schema-graph\">{\"@context\":\"https:\/\/schema.org\",\"@graph\":[{\"@type\":\"WebPage\",\"@id\":\"https:\/\/translationsformobility.com\/de\/\",\"url\":\"https:\/\/translationsformobility.com\/de\/\",\"name\":\"\u00dcbersetzungen f\u00fcr die Automobilindustrie und Mobilit\u00e4t \u2013 ISO 17100-zertifiziert\",\"isPartOf\":{\"@id\":\"https:\/\/translationsformobility.com\/#website\"},\"datePublished\":\"2018-01-11T12:43:51+00:00\",\"dateModified\":\"2019-06-12T15:48:42+00:00\",\"description\":\"Ihr Sprachdienstleister f\u00fcr Mobilit\u00e4t \u2013 Technische \u00dcbersetzungen, Softwarelokalisierung, Marketing-\u00dcbersetzungen und mehr vom Spezialisten f\u00fcr Mobilit\u00e4t.\",\"breadcrumb\":{\"@id\":\"https:\/\/translationsformobility.com\/de\/#breadcrumb\"},\"inLanguage\":\"de\",\"potentialAction\":[{\"@type\":\"ReadAction\",\"target\":[\"https:\/\/translationsformobility.com\/de\/\"]}]},{\"@type\":\"BreadcrumbList\",\"@id\":\"https:\/\/translationsformobility.com\/de\/#breadcrumb\",\"itemListElement\":[{\"@type\":\"ListItem\",\"position\":1,\"name\":\"Home\",\"item\":\"https:\/\/translationsformobility.com\/de\/\"},{\"@type\":\"ListItem\",\"position\":2,\"name\":\"Home\"}]},{\"@type\":\"WebSite\",\"@id\":\"https:\/\/translationsformobility.com\/#website\",\"url\":\"https:\/\/translationsformobility.com\/\",\"name\":\"Translationsformobility.com\",\"description\":\"Translations for mobility\",\"potentialAction\":[{\"@type\":\"SearchAction\",\"target\":{\"@type\":\"EntryPoint\",\"urlTemplate\":\"https:\/\/translationsformobility.com\/?s={search_term_string}\"},\"query-input\":{\"@type\":\"PropertyValueSpecification\",\"valueRequired\":true,\"valueName\":\"search_term_string\"}}],\"inLanguage\":\"de\"}]}<\/script>\n<!-- \/ Yoast SEO plugin. -->","yoast_head_json":{"title":"\u00dcbersetzungen f\u00fcr die Automobilindustrie und Mobilit\u00e4t \u2013 ISO 17100-zertifiziert","description":"Ihr Sprachdienstleister f\u00fcr Mobilit\u00e4t \u2013 Technische \u00dcbersetzungen, Softwarelokalisierung, Marketing-\u00dcbersetzungen und mehr vom Spezialisten f\u00fcr Mobilit\u00e4t.","robots":{"index":"index","follow":"follow","max-snippet":"max-snippet:-1","max-image-preview":"max-image-preview:large","max-video-preview":"max-video-preview:-1"},"canonical":"https:\/\/translationsformobility.com\/de\/","og_locale":"de_DE","og_type":"article","og_title":"\u00dcbersetzungen f\u00fcr die Automobilindustrie und Mobilit\u00e4t \u2013 ISO 17100-zertifiziert","og_description":"Ihr Sprachdienstleister f\u00fcr Mobilit\u00e4t \u2013 Technische \u00dcbersetzungen, Softwarelokalisierung, Marketing-\u00dcbersetzungen und mehr vom Spezialisten f\u00fcr Mobilit\u00e4t.","og_url":"https:\/\/translationsformobility.com\/de\/","og_site_name":"Translationsformobility.com","article_modified_time":"2019-06-12T15:48:42+00:00","twitter_card":"summary_large_image","twitter_misc":{"Gesch\u00e4tzte Lesezeit":"4\u00a0Minuten"},"schema":{"@context":"https:\/\/schema.org","@graph":[{"@type":"WebPage","@id":"https:\/\/translationsformobility.com\/de\/","url":"https:\/\/translationsformobility.com\/de\/","name":"\u00dcbersetzungen f\u00fcr die Automobilindustrie und Mobilit\u00e4t \u2013 ISO 17100-zertifiziert","isPartOf":{"@id":"https:\/\/translationsformobility.com\/#website"},"datePublished":"2018-01-11T12:43:51+00:00","dateModified":"2019-06-12T15:48:42+00:00","description":"Ihr Sprachdienstleister f\u00fcr Mobilit\u00e4t \u2013 Technische \u00dcbersetzungen, Softwarelokalisierung, Marketing-\u00dcbersetzungen und mehr vom Spezialisten f\u00fcr Mobilit\u00e4t.","breadcrumb":{"@id":"https:\/\/translationsformobility.com\/de\/#breadcrumb"},"inLanguage":"de","potentialAction":[{"@type":"ReadAction","target":["https:\/\/translationsformobility.com\/de\/"]}]},{"@type":"BreadcrumbList","@id":"https:\/\/translationsformobility.com\/de\/#breadcrumb","itemListElement":[{"@type":"ListItem","position":1,"name":"Home","item":"https:\/\/translationsformobility.com\/de\/"},{"@type":"ListItem","position":2,"name":"Home"}]},{"@type":"WebSite","@id":"https:\/\/translationsformobility.com\/#website","url":"https:\/\/translationsformobility.com\/","name":"Translationsformobility.com","description":"Translations for mobility","potentialAction":[{"@type":"SearchAction","target":{"@type":"EntryPoint","urlTemplate":"https:\/\/translationsformobility.com\/?s={search_term_string}"},"query-input":{"@type":"PropertyValueSpecification","valueRequired":true,"valueName":"search_term_string"}}],"inLanguage":"de"}]}},"_links":{"self":[{"href":"https:\/\/translationsformobility.com\/de\/wp-json\/wp\/v2\/pages\/604","targetHints":{"allow":["GET"]}}],"collection":[{"href":"https:\/\/translationsformobility.com\/de\/wp-json\/wp\/v2\/pages"}],"about":[{"href":"https:\/\/translationsformobility.com\/de\/wp-json\/wp\/v2\/types\/page"}],"author":[{"embeddable":true,"href":"https:\/\/translationsformobility.com\/de\/wp-json\/wp\/v2\/users\/1"}],"replies":[{"embeddable":true,"href":"https:\/\/translationsformobility.com\/de\/wp-json\/wp\/v2\/comments?post=604"}],"version-history":[{"count":15,"href":"https:\/\/translationsformobility.com\/de\/wp-json\/wp\/v2\/pages\/604\/revisions"}],"predecessor-version":[{"id":711,"href":"https:\/\/translationsformobility.com\/de\/wp-json\/wp\/v2\/pages\/604\/revisions\/711"}],"wp:attachment":[{"href":"https:\/\/translationsformobility.com\/de\/wp-json\/wp\/v2\/media?parent=604"}],"curies":[{"name":"wp","href":"https:\/\/api.w.org\/{rel}","templated":true}]}}